{"id":8563,"date":"2018-02-07T12:45:51","date_gmt":"2018-02-07T10:45:51","guid":{"rendered":"https:\/\/birdbusters.eu\/product\/fox-figure-pest-repeller\/"},"modified":"2026-03-28T09:19:40","modified_gmt":"2026-03-28T08:19:40","slug":"pauksciu-baidykle-lape","status":"publish","type":"product","link":"https:\/\/birdbusters.eu\/lt\/produktas\/pauksciu-baidykle-lape\/","title":{"rendered":"Pauk\u0161\u010di\u0173 Baidykl\u0117 &#8211; Lap\u0117"},"content":{"rendered":"<p data-start=\"246\" data-end=\"549\">Lap\u0117s formos pauk\u0161\u010di\u0173 atbaidytuvas yra efektyvus ir ilgaam\u017eis sprendimas, padedantis apsaugoti j\u016bs\u0173 sod\u0105 ar teritorij\u0105 nuo nepageidaujam\u0173 pauk\u0161\u010di\u0173. D\u0117l savo realisti\u0161kos, \u012f lap\u0119 pana\u0161ios i\u0161vaizdos jis atbaido daugel\u012f pauk\u0161\u010di\u0173 r\u016b\u0161i\u0173. Puikiai tinka sodams, golfo aik\u0161tynams, parkams ir pramonin\u0117ms zonoms.<\/p>\n<p data-start=\"551\" data-end=\"748\">Lap\u0117s muliaus naudojimas kaip priemon\u0117 nuo kenksming\u0173 pauk\u0161\u010di\u0173 gali b\u016bti pirmas ir paskutinis \u017eingsnis kovojant su strazdais, kuosomis, \u017e\u0105simis, varn\u0117nais, baland\u017eiais, krankliais ir net triu\u0161iais.<\/p>\n<p data-start=\"750\" data-end=\"925\">Realisti\u0161kai atrodantis mulia\u017eas duoda puiki\u0173 rezultat\u0173, nes lap\u0117 yra nat\u016bralus pauk\u0161\u010di\u0173 prie\u0161as. Jos buvimas sukelia pauk\u0161\u010diams diskomfort\u0105 ir ver\u010dia juos vengti teritorijos.<\/p>\n<p data-start=\"927\" data-end=\"1088\">Lap\u0117s atbaidytuv\u0105 galima naudoti soduose, golfo aik\u0161tynuose, parkuose ir \u017eem\u0117s \u016bkyje. Geriausias poveikis pasiekiamas, kai jis pastatomas gerai matomoje vietoje.<\/p>\n<p data-start=\"1090\" data-end=\"1366\">Komplekte esanti dviej\u0173 dali\u0173 lazda leid\u017eia mulia\u017eui jud\u0117ti net esant lengvam v\u0117jui. Uodega pagaminta i\u0161 atsparios oro s\u0105lygoms EVA gumos, tod\u0117l judantis mulia\u017eas atrodo gyvas ir sukuria \u012fsp\u016bd\u012f, kad lap\u0117 med\u017eioja. Tai kelia pauk\u0161\u010diams nerim\u0105 ir ver\u010dia juos palikti teritorij\u0105.<\/p>\n<p data-start=\"1368\" data-end=\"1536\">Lap\u0117s atbaidytuvas veikia kaip <strong data-start=\"1399\" data-end=\"1440\">vizualin\u0117 pauk\u0161\u010di\u0173 atbaidymo priemon\u0117<\/strong> ma\u017eose teritorijose. Kad pauk\u0161\u010diai nepriprast\u0173, rekomenduojama mulia\u017e\u0105 perkelti kas 3\u20134 dienas.<\/p>\n<h3 data-start=\"1543\" data-end=\"1582\"><strong data-start=\"1547\" data-end=\"1582\">Da\u017eniausiai u\u017eduodami klausimai<\/strong><\/h3>\n<p data-start=\"1584\" data-end=\"1813\"><strong data-start=\"1584\" data-end=\"1630\">Kokias pauk\u0161\u010di\u0173 r\u016b\u0161is atbaido \u0161i priemon\u0117?<\/strong><br data-start=\"1630\" data-end=\"1633\" \/>Lap\u0117s mulia\u017eas efektyviai atbaido strazdus, kuosas, \u017e\u0105sis, varn\u0117nus, varnas, baland\u017eius, kranklius ir triu\u0161ius. D\u0117l savo dyd\u017eio, spalvos ir jud\u0117jimo jis atrodo kaip tikras pavojus.<\/p>\n<p data-start=\"1815\" data-end=\"1995\"><strong data-start=\"1815\" data-end=\"1853\">Ar atbaidytuvas veikia ir be v\u0117jo?<\/strong><br data-start=\"1853\" data-end=\"1856\" \/>Taip. Net ir be jud\u0117jimo lap\u0117s forma sukelia pauk\u0161\u010diams \u012fsp\u016bd\u012f, kad tai j\u0173 nat\u016bralus prie\u0161as, tod\u0117l jie jau\u010dia baim\u0119 ir vengia teritorijos.<\/p>\n<p data-start=\"1997\" data-end=\"2188\"><strong data-start=\"1997\" data-end=\"2037\">Ar pauk\u0161\u010diai pripranta prie mulia\u017eo?<\/strong><br data-start=\"2037\" data-end=\"2040\" \/>Pauk\u0161\u010diai yra protingi ir gali priprasti, jei mulia\u017eas ilgai nejudinamas. Siekiant i\u0161laikyti efektyvum\u0105, rekomenduojama viet\u0105 keisti kas 3\u20134 dienas.<\/p>\n<p data-start=\"2190\" data-end=\"2421\"><strong data-start=\"2190\" data-end=\"2213\">Kur galima naudoti?<\/strong><br data-start=\"2213\" data-end=\"2216\" \/>Idealiai tinka vietoms, kur pauk\u0161\u010diai dar n\u0117ra \u012fsik\u016br\u0119 ar nepritraukiami maisto. Profilakti\u0161kai naudojamas mulia\u017eas padeda ilgai i\u0161laikyti teritorij\u0105 be pauk\u0161\u010di\u0173. Tinka sodams, golfo aik\u0161tynams ir parkams.<\/p>\n<p data-start=\"2423\" data-end=\"2636\"><strong data-start=\"2423\" data-end=\"2491\">Kiek efektyvus \u0161is atbaidytuvas lyginant su kitomis priemon\u0117mis?<\/strong><br data-start=\"2491\" data-end=\"2494\" \/>Kaip vizualin\u0117 priemon\u0117, jis yra labai veiksmingas. Tai ekologi\u0161kas, tylus, energijos nereikalaujantis ir pauk\u0161\u010diams nekenksmingas sprendimas.<\/p>\n<p data-start=\"2638\" data-end=\"2810\"><strong data-start=\"2638\" data-end=\"2658\">Kaip u\u017esisakyti?<\/strong><br data-start=\"2658\" data-end=\"2661\" \/>\u012ed\u0117kite prek\u0119 \u012f krep\u0161el\u012f, patikrinkite u\u017esakym\u0105, \u012fveskite duomenis ir pasirinkite mok\u0117jimo b\u016bd\u0105. Po s\u0117kmingo u\u017esakymo gausite patvirtinim\u0105 el. pa\u0161tu.<\/p>\n<h3 data-start=\"2817\" data-end=\"2841\"><strong data-start=\"2821\" data-end=\"2841\">Apie BirdBusters<\/strong><\/h3>\n<p data-start=\"2843\" data-end=\"3048\">Jei turite problem\u0173 su nepageidaujamais pauk\u0161\u010diais, kreipkit\u0117s \u012f <strong data-start=\"2908\" data-end=\"2923\">BirdBusters<\/strong> specialistus. Si\u016blome plat\u0173 ekologi\u0161k\u0173 produkt\u0173 asortiment\u0105, padedant\u012f apsaugoti j\u016bs\u0173 sod\u0105, balkon\u0105, vaismed\u017eius ar augalus.<\/p>\n<p data-start=\"3050\" data-end=\"3148\">M\u016bs\u0173 misija \u2013 pad\u0117ti \u017emon\u0117ms m\u0117gautis savo lauko erdve be kenksming\u0173 pauk\u0161\u010di\u0173 \u2013 ramiai ir saugiai.<\/p>\n","protected":false},"excerpt":{"rendered":"<p>Pauk\u0161\u010di\u0173 Baidykl\u0117 &#8211; Lap\u0117 &#8211; tikrovi\u0161ka lap\u0117s imitacija pauk\u0161\u010diams atbaidyti<\/p>\n<p><strong>Apsaugin\u0117s zonos:<\/strong> golfo aik\u0161tynai, pramonin\u0117s teritorijos, sodai, oro uostai ir aerodromai, parkai, laukai.<\/p>\n<p><strong>Kaip veikia:<\/strong> Lengva 3D nat\u016bralaus dyd\u017eio lap\u0117s fig\u016bra atbaido visus pauk\u0161\u010dius ir gyv\u016bnus, kurie gamtoje yra lap\u0117s grobis. Fig\u016bra kei\u010dia krypt\u012f veikiant v\u0117jui.<\/p>\n<p>Nor\u0117dami pasiekti geriausius rezultatus, keiskite fig\u016bros viet\u0105 kas 3\u20134 dienas, kad g\u0105sdinami pauk\u0161\u010diai ir gyv\u016bnai nepriprast\u0173 prie lap\u0117s fig\u016bros buvimo.<\/p>\n<p><strong>Surinkimas:<\/strong> Lap\u0117s formos pauk\u0161\u010di\u0173 atbaidymo priemon\u0119 lengva sumontuoti. Pauk\u0161\u010di\u0173 Baidykl\u0119 &#8211; Lap\u0119 reikia pritvirtinti tinkamoje vietoje \u012fsmeigus kuoliuk\u0105 \u012f \u017eem\u0119, kad fig\u016bra neapvirst\u0173 nuo v\u0117jo.<\/p>\n<p><strong>Papildoma informacija:<\/strong> fig\u016bra pagaminta i\u0161 patvarios, oro s\u0105lygoms atsparios EVA gumos.<\/p>\n<p><strong>Pauk\u0161\u010di\u0173 Baidykl\u0117 &#8211; Lap\u0117 <\/strong>atbaido \u017e\u0105sis<strong>, antis, baland\u017eius, strazdus<\/strong> ir kitus pauk\u0161\u010dius, taip pat grau\u017eikus, kurie gamtoje yra lapi\u0173 grobis.<\/p>\n<p>&nbsp;<\/p>\n","protected":false},"featured_media":8565,"template":"","meta":{"_themeisle_gutenberg_block_has_review":false},"product_brand":[],"product_cat":[167,120,121],"product_tag":[],"class_list":{"0":"post-8563","1":"product","2":"type-product","3":"status-publish","4":"has-post-thumbnail","6":"product_cat-kurmiu-baidykle-ir-gyvunu-atbaidytuvas","7":"product_cat-pauksciu-atgrasymo-prietaisai-lt","8":"product_cat-vizualiniai-pauksciu-atgrasymo-prietaisai-lt","10":"first","11":"instock","12":"taxable","13":"shipping-taxable","14":"purchasable","15":"product-type-simple"},"_links":{"self":[{"href":"https:\/\/birdbusters.eu\/lt\/wp-json\/wp\/v2\/product\/8563","targetHints":{"allow":["GET"]}}],"collection":[{"href":"https:\/\/birdbusters.eu\/lt\/wp-json\/wp\/v2\/product"}],"about":[{"href":"https:\/\/birdbusters.eu\/lt\/wp-json\/wp\/v2\/types\/product"}],"wp:featuredmedia":[{"embeddable":true,"href":"https:\/\/birdbusters.eu\/lt\/wp-json\/wp\/v2\/media\/8565"}],"wp:attachment":[{"href":"https:\/\/birdbusters.eu\/lt\/wp-json\/wp\/v2\/media?parent=8563"}],"wp:term":[{"taxonomy":"product_brand","embeddable":true,"href":"https:\/\/birdbusters.eu\/lt\/wp-json\/wp\/v2\/product_brand?post=8563"},{"taxonomy":"product_cat","embeddable":true,"href":"https:\/\/birdbusters.eu\/lt\/wp-json\/wp\/v2\/product_cat?post=8563"},{"taxonomy":"product_tag","embeddable":true,"href":"https:\/\/birdbusters.eu\/lt\/wp-json\/wp\/v2\/product_tag?post=8563"}],"curies":[{"name":"wp","href":"https:\/\/api.w.org\/{rel}","templated":true}]}}