{"id":8574,"date":"2016-06-13T12:40:29","date_gmt":"2016-06-13T10:40:29","guid":{"rendered":"https:\/\/birdbusters.eu\/product\/bird-gard-speaker\/"},"modified":"2023-12-10T14:49:12","modified_gmt":"2023-12-10T13:49:12","slug":"bird-gard-isorinis-garsiakalbis","status":"publish","type":"product","link":"https:\/\/birdbusters.eu\/lt\/produktas\/bird-gard-isorinis-garsiakalbis\/","title":{"rendered":"Bird Gard I\u0161orinis Garsiakalbis"},"content":{"rendered":"<p>Tinka visiems <a href=\"https:\/\/birdbusters.eu\/lt\/product\/bird-gard-kiru-atbaidiklis\/\">Bird Gard<\/a> pauk\u0161\u010di\u0173 atbaidymo prietaisams. Padidina pagrindinio prietaiso veikimo plot\u0105 puse hektaro.<\/p>\n<h3><strong>Papildoma informacija:<\/strong><\/h3>\n<p>Laido ilgis apie 30 metr\u0173.<\/p>\n<p>&nbsp;<\/p>\n","protected":false},"excerpt":{"rendered":"<p><a href=\"https:\/\/birdbusters.eu\/lt\/product\/bird-gard-kiru-atbaidiklis\/\">Bird Gard I\u0161orinis Garsiakalbis<\/a> padidina veikimo diapazon\u0105.<\/p>\n","protected":false},"featured_media":8575,"template":"","meta":{"_themeisle_gutenberg_block_has_review":false},"product_brand":[],"product_cat":[119,120],"product_tag":[],"class_list":{"0":"post-8574","1":"product","2":"type-product","3":"status-publish","4":"has-post-thumbnail","6":"product_cat-garsiniai-pauksciu-atgrasymo-prietaisai-lt","7":"product_cat-pauksciu-atgrasymo-prietaisai-lt","9":"first","10":"onbackorder","11":"taxable","12":"shipping-taxable","13":"purchasable","14":"product-type-simple"},"_links":{"self":[{"href":"https:\/\/birdbusters.eu\/lt\/wp-json\/wp\/v2\/product\/8574","targetHints":{"allow":["GET"]}}],"collection":[{"href":"https:\/\/birdbusters.eu\/lt\/wp-json\/wp\/v2\/product"}],"about":[{"href":"https:\/\/birdbusters.eu\/lt\/wp-json\/wp\/v2\/types\/product"}],"wp:featuredmedia":[{"embeddable":true,"href":"https:\/\/birdbusters.eu\/lt\/wp-json\/wp\/v2\/media\/8575"}],"wp:attachment":[{"href":"https:\/\/birdbusters.eu\/lt\/wp-json\/wp\/v2\/media?parent=8574"}],"wp:term":[{"taxonomy":"product_brand","embeddable":true,"href":"https:\/\/birdbusters.eu\/lt\/wp-json\/wp\/v2\/product_brand?post=8574"},{"taxonomy":"product_cat","embeddable":true,"href":"https:\/\/birdbusters.eu\/lt\/wp-json\/wp\/v2\/product_cat?post=8574"},{"taxonomy":"product_tag","embeddable":true,"href":"https:\/\/birdbusters.eu\/lt\/wp-json\/wp\/v2\/product_tag?post=8574"}],"curies":[{"name":"wp","href":"https:\/\/api.w.org\/{rel}","templated":true}]}}