{"id":8577,"date":"2018-02-07T10:33:55","date_gmt":"2018-02-07T09:33:55","guid":{"rendered":"https:\/\/birdbusters.eu\/product\/seagull-scarer-bird-gard-pro\/"},"modified":"2024-07-24T12:43:09","modified_gmt":"2024-07-24T10:43:09","slug":"bird-gard-kiru-baidykle","status":"publish","type":"product","link":"https:\/\/birdbusters.eu\/lt\/produktas\/bird-gard-kiru-baidykle\/","title":{"rendered":"Bird Gard Kir\u0173 Baidykl\u0117"},"content":{"rendered":"<p>Bird Gard Kir\u0173 Baidykl\u0117s veikimo spindulys be papildomo garsiakalbio siekia iki 0,6 ha. Nor\u0117dami apsaugoti didesn\u012f plot\u0105, \u012fdiekite <a href=\"https:\/\/birdbusters.eu\/lt\/product\/papildomas-bird-gard-garsiakalbis\/\" data-mce-href=\"https:\/\/birdbusters.eu\/lt\/product\/papildomas-bird-gard-garsiakalbis\/\">papildom\u0105 garsiakalb\u012f<\/a>. Galimas garso reguliavimas. Atbaidikl\u012f galite nustatyti \u012fvairiais b\u016bdais \u2013 daugiau informacijos rasite <a href=\"https:\/\/birdbusters.eu\/wp-content\/uploads\/2021\/06\/Manual_N0360BBMMLL0217_X_X_en_2408116_20190322.pdf\" data-mce-href=\"https:\/\/birdbusters.eu\/wp-content\/uploads\/2021\/06\/Manual_N0360BBMMLL0217_X_X_en_2408116_20190322.pdf\">instrukcijoje<\/a>.<\/p>\n<p><strong>Apsaugin\u0117s zonos:<\/strong> pramoniniai pastatai, \u017eem\u0117s \u016bkio pastatai<\/p>\n<p><strong>Kaip veikia:<\/strong> prietaisas skleid\u017eia nat\u016braliai \u012fra\u0161yt\u0105 varnos \u0161auksm\u0105, kuris atbaido pauk\u0161\u010dius.<\/p>\n<p><strong>Surinkimas:<\/strong> \u012frenkite prietais\u0105 kuo auk\u0161\u010diau.<\/p>\n<p><a href=\"https:\/\/birdbusters.eu\/wp-content\/uploads\/2021\/06\/Manual_N0360BBMMLL0217_X_X_en_2408116_20190322.pdf\" data-mce-href=\"https:\/\/birdbusters.eu\/wp-content\/uploads\/2021\/06\/Manual_N0360BBMMLL0217_X_X_en_2408116_20190322.pdf\">Instrukcija angl\u0173 kalba<\/a><\/p>\n","protected":false},"excerpt":{"rendered":"<p><strong>Bird Gard Kir\u0173 Baidykl\u0117 <\/strong>skirta apsaugoti konstrukcijas ir pastatus. Prietaisas skleid\u017eia kirai \u0161auksmus, kurie atbaido pauk\u0161\u010dius.<\/p>\n","protected":false},"featured_media":8578,"template":"","meta":{"_themeisle_gutenberg_block_has_review":false},"product_brand":[],"product_cat":[119,120],"product_tag":[],"class_list":{"0":"post-8577","1":"product","2":"type-product","3":"status-publish","4":"has-post-thumbnail","6":"product_cat-garsiniai-pauksciu-atgrasymo-prietaisai-lt","7":"product_cat-pauksciu-atgrasymo-prietaisai-lt","9":"first","10":"onbackorder","11":"taxable","12":"shipping-taxable","13":"purchasable","14":"product-type-simple"},"_links":{"self":[{"href":"https:\/\/birdbusters.eu\/lt\/wp-json\/wp\/v2\/product\/8577","targetHints":{"allow":["GET"]}}],"collection":[{"href":"https:\/\/birdbusters.eu\/lt\/wp-json\/wp\/v2\/product"}],"about":[{"href":"https:\/\/birdbusters.eu\/lt\/wp-json\/wp\/v2\/types\/product"}],"wp:featuredmedia":[{"embeddable":true,"href":"https:\/\/birdbusters.eu\/lt\/wp-json\/wp\/v2\/media\/8578"}],"wp:attachment":[{"href":"https:\/\/birdbusters.eu\/lt\/wp-json\/wp\/v2\/media?parent=8577"}],"wp:term":[{"taxonomy":"product_brand","embeddable":true,"href":"https:\/\/birdbusters.eu\/lt\/wp-json\/wp\/v2\/product_brand?post=8577"},{"taxonomy":"product_cat","embeddable":true,"href":"https:\/\/birdbusters.eu\/lt\/wp-json\/wp\/v2\/product_cat?post=8577"},{"taxonomy":"product_tag","embeddable":true,"href":"https:\/\/birdbusters.eu\/lt\/wp-json\/wp\/v2\/product_tag?post=8577"}],"curies":[{"name":"wp","href":"https:\/\/api.w.org\/{rel}","templated":true}]}}