{"id":8924,"date":"2021-12-05T16:23:54","date_gmt":"2021-12-05T15:23:54","guid":{"rendered":"https:\/\/birdbusters.eu\/product\/bird-repellent-with-motion-sensor-activated-ultrasound-and-lights\/"},"modified":"2026-03-25T10:31:51","modified_gmt":"2026-03-25T09:31:51","slug":"pauksciu-atbaidymo-prietaisas-su-ultragarsu-ir-judesio-jutikliu","status":"publish","type":"product","link":"https:\/\/birdbusters.eu\/lt\/produktas\/pauksciu-atbaidymo-prietaisas-su-ultragarsu-ir-judesio-jutikliu\/","title":{"rendered":"Pauk\u0161\u010di\u0173 atbaidymo prietaisas su ultragarsu ir judesio jutikliu"},"content":{"rendered":"<p>Pauk\u0161\u010di\u0173 atbaidymo prietaise yra sud\u0117tingas judesio jutiklis (PIR <em>passive infra red<\/em>), skirtas steb\u0117ti trimat\u0119 v\u0117duokl\u0117s formos zon\u0105 su 70 laipsni\u0173 kampu 12 metr\u0173 atstumu, o tai atitinka 85 kvadratinius metrus laisvos erdv\u0117s. Prietaisas suveikia, kai objektas patenka \u012f zon\u0105. Nuolat besikei\u010diantis garso da\u017enis ir ry\u0161k\u016bs \u0161viesos blyksniai atbaido nepageidaujamus pauk\u0161\u010dius i\u0161 saugomos teritorijos.<\/p>\n<p><strong>Pauk\u0161\u010diai, kuriuos veikia:<\/strong><\/p>\n<p>geniai, baland\u017eiai, varn\u0117nai, \u017evirbliai, juodvarniai, varnos, kiti kenk\u0117ji\u0161ki pauk\u0161\u010diai<\/p>\n<p><strong>Funkcijos:<\/strong><\/p>\n<ul style=\"list-style-type: circle;\">\n<li>Veiksmingas ir saugus<\/li>\n<li>Integruotas bandymo mygtukas<\/li>\n<li>Atsparus oro s\u0105lygoms ir nereikalauja prie\u017ei\u016bros<\/li>\n<li>Lengva montuoti ant sien\u0173, stulp\u0173, med\u017ei\u0173 ir kt.<\/li>\n<li>Nekenksmingas \u017emon\u0117ms ir pauk\u0161\u010diams<\/li>\n<li>Maitinimas: 2 x 9 V baterijos; kintamosios srov\u0117s adapteris <strong>(baterijos ir adapteris \u012f komplekt\u0105 ne\u012feina).<\/strong><\/li>\n<li>Saugoma teritorija iki 85 kvadratini\u0173 metr\u0173 be vietos apribojim\u0173<\/li>\n<li>PIR jutiklis aptinka judes\u012f ir \u012fjungia ultragars\u0105 bei mirksint\u012f \u0161viesos diod\u0105.<\/li>\n<\/ul>\n<p><strong>Apsaugin\u0117s zonos:<\/strong><\/p>\n<ul style=\"list-style-type: circle;\">\n<li>Sodai<\/li>\n<li>Kiemai<\/li>\n<li>\u017duv\u0173 tvenkiniai<\/li>\n<li>Kiti objektai, kuriuos b\u016btina saugoti nuo pauk\u0161\u010di\u0173<\/li>\n<\/ul>\n<p><strong>Parametrai:<\/strong><\/p>\n<ul>\n<li>Matmenys: 110 x 100 x 95 mm<\/li>\n<li>Svoris: 255 g<\/li>\n<li>Maitinimas: 9 V (2 x 9 V \u0161armin\u0117s baterijos)<\/li>\n<li>VAC adapteris (\u012f komplekt\u0105 ne\u012feina) 220-240V VAC<\/li>\n<li>Maitinimas: rezervin\u0117 srov\u0117: 0,16 mA<\/li>\n<li>Da\u017eni\u0173 diapazonas: nuo 17 000 Hz iki 24 000 Hz<\/li>\n<li>(atsitiktinis ir nuolat besikei\u010diantis)<\/li>\n<li>Saugoma teritorija: iki 85 kvadratini\u0173 metr\u0173,<\/li>\n<li>v\u0117duokl\u0117s formos plotas 70\u00b0 (horizontalus), 9\u00b0 (vertikalus) 12 metr\u0173 atstumu<\/li>\n<li>Mirksin\u010dios \u0161viesos veikimo laikas: iki 100 000 valand\u0173<\/li>\n<\/ul>\n<p>Pagaminta Taivane<\/p>\n<p>&nbsp;<\/p>\n","protected":false},"excerpt":{"rendered":"<p><strong>Elektroninis pauk\u0161\u010di\u0173 repelentas: judesio jutiklis + ultragarsas + mirksinti lemput\u0117<\/strong><\/p>\n<p>Efektyviai apsaugo j\u016bs\u0173 nuosavyb\u0119 nuo geni\u0173, baland\u017ei\u0173, \u017evirbli\u0173, varn\u0173 ir kit\u0173 kenk\u0117j\u0173 pauk\u0161\u010di\u0173!<\/p>\n","protected":false},"featured_media":8925,"template":"","meta":{"_themeisle_gutenberg_block_has_review":false},"product_brand":[],"product_cat":[119],"product_tag":[],"class_list":{"0":"post-8924","1":"product","2":"type-product","3":"status-publish","4":"has-post-thumbnail","6":"product_cat-garsiniai-pauksciu-atgrasymo-prietaisai-lt","8":"first","9":"instock","10":"taxable","11":"shipping-taxable","12":"purchasable","13":"product-type-simple"},"_links":{"self":[{"href":"https:\/\/birdbusters.eu\/lt\/wp-json\/wp\/v2\/product\/8924","targetHints":{"allow":["GET"]}}],"collection":[{"href":"https:\/\/birdbusters.eu\/lt\/wp-json\/wp\/v2\/product"}],"about":[{"href":"https:\/\/birdbusters.eu\/lt\/wp-json\/wp\/v2\/types\/product"}],"wp:featuredmedia":[{"embeddable":true,"href":"https:\/\/birdbusters.eu\/lt\/wp-json\/wp\/v2\/media\/8925"}],"wp:attachment":[{"href":"https:\/\/birdbusters.eu\/lt\/wp-json\/wp\/v2\/media?parent=8924"}],"wp:term":[{"taxonomy":"product_brand","embeddable":true,"href":"https:\/\/birdbusters.eu\/lt\/wp-json\/wp\/v2\/product_brand?post=8924"},{"taxonomy":"product_cat","embeddable":true,"href":"https:\/\/birdbusters.eu\/lt\/wp-json\/wp\/v2\/product_cat?post=8924"},{"taxonomy":"product_tag","embeddable":true,"href":"https:\/\/birdbusters.eu\/lt\/wp-json\/wp\/v2\/product_tag?post=8924"}],"curies":[{"name":"wp","href":"https:\/\/api.w.org\/{rel}","templated":true}]}}