{"id":8936,"date":"2021-06-03T07:59:44","date_gmt":"2021-06-03T05:59:44","guid":{"rendered":"https:\/\/birdbusters.eu\/product\/7-meter-eagle-kite\/"},"modified":"2025-11-02T14:28:31","modified_gmt":"2025-11-02T13:28:31","slug":"pauksciu-baidykle-erelis-7m","status":"publish","type":"product","link":"https:\/\/birdbusters.eu\/lt\/produktas\/pauksciu-baidykle-erelis-7m\/","title":{"rendered":"Pauk\u0161\u010di\u0173 baidykl\u0117 &#8211; Erelis (7m)"},"content":{"rendered":"<div class=\"page\" title=\"Page 2\">\n<div class=\"layoutArea\">\n<div class=\"column\">\n<h2 class=\"text-xl font-bold text-text-100 mt-1 -mb-0.5\">Erelio Aitvaras Pauk\u0161\u010di\u0173 Atgrasymui<\/h2>\n<p class=\"whitespace-normal break-words\">Erelio aitvaras yra efektyvus ir ilgaam\u017eis b\u016bdas laikyti kenksmingus pauk\u0161\u010dius toliau nuo j\u016bs\u0173 sodo. Tai vienas populiariausi\u0173 pauk\u0161\u010di\u0173 atgrasymo \u012franki\u0173, ir d\u0117l geros prie\u017easties \u2013 jis i\u0161varo nepageidaujamus sve\u010dius i\u0161 j\u016bs\u0173 vaisi\u0173 sodo ar lauk\u0173.<\/p>\n<p class=\"whitespace-normal break-words\">Tylus ir efektyvus aitvaras veikia nuolat, net lengviausiu v\u0117jo g\u016bsiu (ma\u017eesniu nei 2 km\/val.). 7 metr\u0173 teleskopin\u0117 lazda u\u017etikrina nuolat kintant\u012f aitvaro jud\u0117jim\u0105. Jis kyla ir sminga \u017eemyn kaip tikras erelis, ir jo buvimo u\u017etenka, kad kenksmingus pauk\u0161\u010dius laikyt\u0173 toliau. Instinktyvios baim\u0117s prie\u0161 pl\u0117\u0161riuosius pauk\u0161\u010dius yra \u012fsi\u0161aknijusios pauk\u0161\u010di\u0173 elgesyje, tod\u0117l erelio aitvaras u\u017ekerta jiems keli\u0105 patekti \u012f saugomas zonas.<\/p>\n<p class=\"whitespace-normal break-words\">Aitvaro atspindintys akys ir ry\u0161kus spalva yra papildomos prie\u017eastys, kod\u0117l pauk\u0161\u010diai jau\u010dia j\u0173 trukdymus.<\/p>\n<p class=\"whitespace-normal break-words\">Erelio aitvaro efektyvus darbinis atstumas priklauso nuo jo skryd\u017eio auk\u0161\u010dio. 7 metr\u0173 teleskopin\u0117 lazda su ma\u017edaug 5 m lazdel\u0117s ilgiu pakelia pauk\u0161\u010di\u0173 atgrasytuv\u0105 iki 12 m skryd\u017eio auk\u0161\u010dio. Efektyvus plotas yra ma\u017edaug 0,75 hektaro.<\/p>\n<p class=\"whitespace-normal break-words\">Be \u0161ios aitvaro sistemos, si\u016blome sistemas, pritaikytas \u012fvairioms reikm\u0117ms su 5 metr\u0173 arba 9 metr\u0173 teleskopin\u0117mis lazdos.<\/p>\n<p class=\"whitespace-normal break-words\">Erelio aitvaras yra gyv\u016bnams draugi\u0161kas pauk\u0161\u010di\u0173 atgrasytojas, kuris atbaido pauk\u0161\u010dius nat\u016braliu b\u016bdu. Tylus \u0161io atgrasytuvo veikimas u\u017etikrina, kad \u0161i pauk\u0161\u010di\u0173 baidykl\u0117 taip pat gerai tinka sodams ir balkonams.<\/p>\n<h2 class=\"text-xl font-bold text-text-100 mt-1 -mb-0.5\">Pritaikymas<\/h2>\n<p class=\"whitespace-normal break-words\">Aitvaro sistem\u0105 gali surinkti bet kas, ir ji gali b\u016bti \u012frengta bet kur, kur reikalinga apsauga. Taikymo galimyb\u0117s apima dar\u017eovi\u0173 auginim\u0105, vynuogi\u0173 auginim\u0105 ir \u017euv\u0173 auginim\u0105 bei auk\u0161tus pastatus, pramon\u0117s sales, uosto \u012frenginius ir s\u0105vartynus.<\/p>\n<p class=\"whitespace-normal break-words\">Aitvaro skryd\u017eio auk\u0161tis taip pat leid\u017eia naudoti auk\u0161tuose pas\u0117liuose, tokiuose kaip vaisi\u0173 sodai ar med\u017ei\u0173 medelynai.<\/p>\n<h2 class=\"text-xl font-bold text-text-100 mt-1 -mb-0.5\">Montavimas<\/h2>\n<p class=\"whitespace-normal break-words\">Paprastai buvo pasir\u016bpinta, kad \u0161io atgrasytuvo \u012frengimas b\u016bt\u0173 labai paprastas ir u\u017etrukt\u0173 ne daugiau kaip 10 minu\u010di\u0173. Surinkimas susideda i\u0161 keturi\u0173 paprast\u0173 \u017eingsni\u0173:<\/p>\n<ul class=\"[&amp;:not(:last-child)_ul]:pb-1 [&amp;:not(:last-child)_ol]:pb-1 list-disc space-y-2.5 pl-7\">\n<li class=\"whitespace-normal break-words\">\u012ekalte \u017eem\u0117s inkar\u0105 iki pus\u0117s gilumo \u012f \u017eem\u0119;<\/li>\n<li class=\"whitespace-normal break-words\">I\u0161tieskite lazd\u0105 iki pilno ilgio;<\/li>\n<li class=\"whitespace-normal break-words\">Surinkite erel\u012f ir priri\u0161kite j\u012f prie lazdel\u0117s vir\u0161aus;<\/li>\n<li class=\"whitespace-normal break-words\">U\u017emaukite teleskopin\u0119 lazd\u0105 ant \u017eem\u0117s inkaro.<\/li>\n<\/ul>\n<p class=\"whitespace-normal break-words\">Montuojant ant stogo, naudokite pridedam\u0105 \u017eem\u0117s smaigal\u012f lazdai.<\/p>\n<h2 class=\"text-xl font-bold text-text-100 mt-1 -mb-0.5\">Da\u017eniausiai U\u017eduodami Klausimai<\/h2>\n<h3 class=\"text-lg font-bold text-text-100 mt-1 -mb-1.5\">Kokie pauk\u0161\u010diai yra paveikiami erelio aitvaro?<\/h3>\n<p class=\"whitespace-normal break-words\">Pauk\u0161\u010di\u0173 r\u016b\u0161ys, kurias paveikia erelio aitvaras, apima baland\u017eius, \u017evirblius, juoduosius strazdus, varnas, kregzdes, \u017e\u0105sis, kiras ir varn\u0117nus.<\/p>\n<h3 class=\"text-lg font-bold text-text-100 mt-1 -mb-1.5\">Kaip galiu i\u0161vyti nepageidaujamus pauk\u0161\u010dius i\u0161 savo sodo?<\/h3>\n<p class=\"whitespace-normal break-words\">Jei turite problem\u0105 su pauk\u0161\u010diais savo sode, yra keli sprendimai jiems i\u0161vyti.<\/p>\n<p class=\"whitespace-normal break-words\">Pavyzd\u017eiui, galite naudoti akustinius atgrasytojus, tokius kaip varn\u0173 atgrasytuvas i\u0161 Bird Guard. Arba pasirinkite ka\u017ek\u0105 atspindin\u010dio, tokio kaip seni kompaktiniai diskai, automobili\u0173 folijos juostel\u0117s arba pauk\u0161\u010di\u0173 atgrasymo juosta.<\/p>\n<h3 class=\"text-lg font-bold text-text-100 mt-1 -mb-1.5\">Ar pauk\u0161\u010di\u0173 baidykl\u0117s aitvaras yra veiksmingas?<\/h3>\n<p class=\"whitespace-normal break-words\">Taip, be jokios abejon\u0117s! Negin\u010dijama, kad pauk\u0161\u010di\u0173 baidykl\u0117s aitvaras efektyviai neleid\u017eia juodiesiems strazdams ir kitiems pauk\u0161\u010diams lankytis tam tikrose vietose. Daugelis pauk\u0161\u010di\u0173 turi instinktyvi\u0105 baim\u0119 prie\u0161 pl\u0117\u0161riajam pauk\u0161\u010diui pana\u0161\u0173 aitvar\u0105 ir vengs b\u016bti po juo.<\/p>\n<h3 class=\"text-lg font-bold text-text-100 mt-1 -mb-1.5\">Ar pauk\u0161\u010diai gali priprasti prie pauk\u0161\u010di\u0173 baidykl\u0117s aitvar\u0173?<\/h3>\n<p class=\"whitespace-normal break-words\">Kadangi instinktyvi baim\u0117 prie\u0161 pl\u0117\u0161riuosius pauk\u0161\u010dius yra \u012fsi\u0161aknijusi pauk\u0161\u010di\u0173 elgesyje, jie gali prisitaikyti prie aitvar\u0173 tik su dideliu sunkumu. Ta\u010diau kai kurie nedideli \u012fpratimo efektai gali atsirasti tam tikromis s\u0105lygomis. Tokiu atveju, pra\u0161ome pakeisti aitvaro pad\u0117t\u012f arba skryd\u017eio auk\u0161t\u012f.<\/p>\n<h3 class=\"text-lg font-bold text-text-100 mt-1 -mb-1.5\">Ar aitvaras veikia net ramyb\u0117mis s\u0105lygomis?<\/h3>\n<p class=\"whitespace-normal break-words\">Aitvaras pakils ir skraidys aplink net su lengvu v\u0117jeliu (ma\u017eiau nei 2 km\/val.), bet deja, jis neveikia visi\u0161kai ramyb\u0117mis s\u0105lygomis.<\/p>\n<p>Instrukcija angl\u0173 kalba: <a href=\"https:\/\/birdbusters.eu\/wp-content\/uploads\/2019\/03\/BB-Manual-DEMO.pdf\">Bird kite manual<\/a><\/p>\n<p>D\u0117mesio! Aitvar\u0105 rekomenduojama nuimti prie\u0161 stipr\u0173 audros v\u0117j\u0105, nes audra gali j\u012f sugadinti.<\/p>\n<\/div>\n<\/div>\n<\/div>\n","protected":false},"excerpt":{"rendered":"<div class=\"page\" title=\"Page 2\">\n<div class=\"layoutArea\">\n<div class=\"column\">\n<p>Kirai ir baland\u017eiai miestuose gali b\u016bti didel\u0117 problema. Lizd\u0173 ir besimaitinan\u010di\u0173 pauk\u0161\u010di\u0173 liekanos u\u017ekem\u0161a lietvamzd\u017eius ant stog\u0173; jauniklius saugantys pauk\u0161\u010diai tampa pavojingi \u017emon\u0117ms, o tar\u0161a kenkia sveikatai ir turtui.<\/p>\n<p><span style=\"color: #ff0000;\"><strong>NB! \u0160is gaminys netelpa \u012f pa\u0161tomatas. Kaip pristatymo b\u016bd\u0105 pasirinkite kurjer\u012f (Courier Standard).<\/strong><\/span><\/p>\n<p>https:\/\/youtu.be\/p6I04j4kwmo<\/p>\n<\/div>\n<\/div>\n<\/div>\n","protected":false},"featured_media":13431,"template":"","meta":{"_themeisle_gutenberg_block_has_review":false},"product_brand":[],"product_cat":[120,123],"product_tag":[],"class_list":{"0":"post-8936","1":"product","2":"type-product","3":"status-publish","4":"has-post-thumbnail","6":"product_cat-pauksciu-atgrasymo-prietaisai-lt","7":"product_cat-pauksciu-baidykles-lt","8":"product_shipping_class-pristatymo-vieta-lt","10":"first","11":"instock","12":"sale","13":"taxable","14":"shipping-taxable","15":"purchasable","16":"product-type-simple"},"_links":{"self":[{"href":"https:\/\/birdbusters.eu\/lt\/wp-json\/wp\/v2\/product\/8936","targetHints":{"allow":["GET"]}}],"collection":[{"href":"https:\/\/birdbusters.eu\/lt\/wp-json\/wp\/v2\/product"}],"about":[{"href":"https:\/\/birdbusters.eu\/lt\/wp-json\/wp\/v2\/types\/product"}],"wp:featuredmedia":[{"embeddable":true,"href":"https:\/\/birdbusters.eu\/lt\/wp-json\/wp\/v2\/media\/13431"}],"wp:attachment":[{"href":"https:\/\/birdbusters.eu\/lt\/wp-json\/wp\/v2\/media?parent=8936"}],"wp:term":[{"taxonomy":"product_brand","embeddable":true,"href":"https:\/\/birdbusters.eu\/lt\/wp-json\/wp\/v2\/product_brand?post=8936"},{"taxonomy":"product_cat","embeddable":true,"href":"https:\/\/birdbusters.eu\/lt\/wp-json\/wp\/v2\/product_cat?post=8936"},{"taxonomy":"product_tag","embeddable":true,"href":"https:\/\/birdbusters.eu\/lt\/wp-json\/wp\/v2\/product_tag?post=8936"}],"curies":[{"name":"wp","href":"https:\/\/api.w.org\/{rel}","templated":true}]}}