{"id":8948,"date":"2021-05-14T11:18:36","date_gmt":"2021-05-14T09:18:36","guid":{"rendered":"https:\/\/birdbusters.eu\/product\/strap-on-boat-base\/"},"modified":"2025-10-31T13:25:42","modified_gmt":"2025-10-31T12:25:42","slug":"pririsamas-valties-pagrindas","status":"publish","type":"product","link":"https:\/\/birdbusters.eu\/lt\/produktas\/pririsamas-valties-pagrindas\/","title":{"rendered":"Priri\u0161amas valties pagrindas"},"content":{"rendered":"<p>Priri\u0161amas valties pagrindas sujungiamas kartu su <a href=\"https:\/\/birdbusters.eu\/lt\/product\/voras-pauksciams-baidyti-long-legs-18-m\/\">voras pauk\u0161\u010diams baidyti<\/a>, o tada pritvirtinamas prie j\u016bs\u0173 valties guminiu laidu arba virve.<\/p>\n<p>Pagamintas i\u0161 patvaraus plastiko, stovas su tvirtinimo kilpomis leid\u017eia prie burlaivio str\u0117l\u0117s ar sm\u0117lio pagalv\u0117l\u0117s pritvirtinti voratinkl\u012f pauk\u0161\u010diams atbaidyti. Tai apsaugo jacht\u0105, kai j\u016bs\u0173 n\u0117ra \u0161alia.<\/p>\n","protected":false},"excerpt":{"rendered":"<p>Priri\u0161amas valties pagrindas jungiamas prie <a href=\"https:\/\/birdbusters.eu\/lt\/product\/voras-pauksciams-baidyti-long-legs-18-m\/\">voras pauk\u0161\u010diams baidyti<\/a>, o tada pritvirtinamas prie j\u016bs\u0173 valties guminiu laidu arba virve.<\/p>\n","protected":false},"featured_media":8394,"template":"","meta":{"_themeisle_gutenberg_block_has_review":false,"rank_math_focus_keyword":"Priri\u0161amas valties pagrindas","rank_math_title":"Priri\u0161amas Valties Pagrindas | BIRD BUSTERS","rank_math_description":"\u0160is priri\u0161amas valties pagrindas yra pagrindas pauk\u0161\u010di\u0173 baidymo vorui pritvirtinti prie val\u010di\u0173. Spustel\u0117kite nor\u0117dami su\u017einoti daugiau ir \u012fsigyti!","rank_math_canonical_url":"","rank_math_facebook_title":"","rank_math_facebook_description":"","rank_math_facebook_image":"","rank_math_twitter_title":"","rank_math_twitter_description":"","rank_math_twitter_image":"","rank_math_schema_FAQPage":[]},"product_brand":[],"product_cat":[290,239,229,124,134],"product_tag":[],"class_list":{"0":"post-8948","1":"product","2":"type-product","3":"status-publish","4":"has-post-thumbnail","6":"product_cat-kiru-atbaidymas","7":"product_cat-pauksciu-kontrole-pastatuose-ir-ant-stogu","8":"product_cat-pauksciu-kontrole-uostuose-prieplaukose-ir-laivuose","9":"product_cat-pauksciu-repelentai-lt","10":"product_cat-spygliai-nuo-pauksciu-lt","12":"first","13":"instock","14":"sale","15":"taxable","16":"shipping-taxable","17":"purchasable","18":"product-type-simple"},"_links":{"self":[{"href":"https:\/\/birdbusters.eu\/lt\/wp-json\/wp\/v2\/product\/8948","targetHints":{"allow":["GET"]}}],"collection":[{"href":"https:\/\/birdbusters.eu\/lt\/wp-json\/wp\/v2\/product"}],"about":[{"href":"https:\/\/birdbusters.eu\/lt\/wp-json\/wp\/v2\/types\/product"}],"wp:featuredmedia":[{"embeddable":true,"href":"https:\/\/birdbusters.eu\/lt\/wp-json\/wp\/v2\/media\/8394"}],"wp:attachment":[{"href":"https:\/\/birdbusters.eu\/lt\/wp-json\/wp\/v2\/media?parent=8948"}],"wp:term":[{"taxonomy":"product_brand","embeddable":true,"href":"https:\/\/birdbusters.eu\/lt\/wp-json\/wp\/v2\/product_brand?post=8948"},{"taxonomy":"product_cat","embeddable":true,"href":"https:\/\/birdbusters.eu\/lt\/wp-json\/wp\/v2\/product_cat?post=8948"},{"taxonomy":"product_tag","embeddable":true,"href":"https:\/\/birdbusters.eu\/lt\/wp-json\/wp\/v2\/product_tag?post=8948"}],"curies":[{"name":"wp","href":"https:\/\/api.w.org\/{rel}","templated":true}]}}