{"id":9017,"date":"2020-12-17T18:16:30","date_gmt":"2020-12-17T17:16:30","guid":{"rendered":"https:\/\/birdbusters.eu\/product\/bird-sticker-for-windows-white\/"},"modified":"2024-08-27T10:37:13","modified_gmt":"2024-08-27T08:37:13","slug":"lipdukas-apsaugai-nuo-pauksciu-baltas-paukstis","status":"publish","type":"product","link":"https:\/\/birdbusters.eu\/lt\/produktas\/lipdukas-apsaugai-nuo-pauksciu-baltas-paukstis\/","title":{"rendered":"Lipdukas Apsaugai Nuo Pauk\u0161\u010di\u0173 &#8211; Baltas pauk\u0161tis"},"content":{"rendered":"<p>Lipdukai pagaminti i\u0161 automobilin\u0117s pl\u0117vel\u0117s, tod\u0117l atlaiko labai at\u0161iaurias oro s\u0105lygas. Vienoje pakuot\u0117je yra trij\u0173 skirting\u0173 pauk\u0161\u010di\u0173 siluetai.<\/p>\n<p>Pauk\u0161\u010di\u0173 siluet\u0173 matmenis \u017er. paveiksl\u0117lyje.<\/p>\n<p><strong>Apsaugin\u0117s zonos:<\/strong> biur\u0173 pastatai, parduotuv\u0117s, dangorai\u017eiai, pramoniniai pastatai, \u017eem\u0117s \u016bkio paskirties pastatai ir kiti pastatai su dideliais langais.<\/p>\n<p><strong>Kaip veikia:<\/strong> pl\u0117\u0161riojo pauk\u0161\u010dio vaizdas ant lango stiklo atbaido pauk\u0161\u010dius.<\/p>\n<p><strong>Surinkimas:<\/strong> u\u017eklijuokite pasirinkt\u0105 lipduk\u0105 ant \u0161varaus stiklo ir \u0161iek tiek i\u0161lyginkite mink\u0161tu skudur\u0117liu, kad nesusidaryt\u0173 oro burbuliuk\u0173.<\/p>\n<p style=\"text-align: justify;\"><strong>Papildoma informacija: <\/strong>jei langas i\u0161 tolo atrodo tamsus, patartina naudoti baltus siluetus.<\/p>\n<p style=\"text-align: justify;\">\n","protected":false},"excerpt":{"rendered":"<p>Permatomos sienos (stiklo) gamtoje n\u0117ra, tod\u0117l kasmet atsitrenk\u0119 \u012f langus \u017e\u016bva de\u0161imtys t\u016bkstan\u010di\u0173 pauk\u0161\u010di\u0173. Nor\u0117dami to i\u0161vengti, ant lang\u0173 ir kit\u0173 stiklini\u0173 pavir\u0161i\u0173 tur\u0117tum\u0117te priklijuoti ka\u017ek\u0105 pana\u0161aus \u012f pl\u0117\u0161r\u0173j\u012f pauk\u0161t\u012f. Pl\u0117\u0161riojo pauk\u0161\u010dio lango lipdukas apsaugai nuo pauk\u0161\u010di\u0173 pad\u0117s apsaugoti ma\u017eus pauk\u0161\u010dius, kad jie neatsitrenkt\u0173 \u012f langus.<\/p>\n<p>&nbsp;<\/p>\n","protected":false},"featured_media":9019,"template":"","meta":{"_themeisle_gutenberg_block_has_review":false},"product_brand":[],"product_cat":[121,120],"product_tag":[],"class_list":{"0":"post-9017","1":"product","2":"type-product","3":"status-publish","4":"has-post-thumbnail","6":"product_cat-vizualiniai-pauksciu-atgrasymo-prietaisai-lt","7":"product_cat-pauksciu-atgrasymo-prietaisai-lt","9":"first","10":"instock","11":"taxable","12":"shipping-taxable","13":"purchasable","14":"product-type-simple"},"_links":{"self":[{"href":"https:\/\/birdbusters.eu\/lt\/wp-json\/wp\/v2\/product\/9017","targetHints":{"allow":["GET"]}}],"collection":[{"href":"https:\/\/birdbusters.eu\/lt\/wp-json\/wp\/v2\/product"}],"about":[{"href":"https:\/\/birdbusters.eu\/lt\/wp-json\/wp\/v2\/types\/product"}],"wp:featuredmedia":[{"embeddable":true,"href":"https:\/\/birdbusters.eu\/lt\/wp-json\/wp\/v2\/media\/9019"}],"wp:attachment":[{"href":"https:\/\/birdbusters.eu\/lt\/wp-json\/wp\/v2\/media?parent=9017"}],"wp:term":[{"taxonomy":"product_brand","embeddable":true,"href":"https:\/\/birdbusters.eu\/lt\/wp-json\/wp\/v2\/product_brand?post=9017"},{"taxonomy":"product_cat","embeddable":true,"href":"https:\/\/birdbusters.eu\/lt\/wp-json\/wp\/v2\/product_cat?post=9017"},{"taxonomy":"product_tag","embeddable":true,"href":"https:\/\/birdbusters.eu\/lt\/wp-json\/wp\/v2\/product_tag?post=9017"}],"curies":[{"name":"wp","href":"https:\/\/api.w.org\/{rel}","templated":true}]}}