{"id":9021,"date":"2017-03-10T19:27:12","date_gmt":"2017-03-10T18:27:12","guid":{"rendered":"https:\/\/birdbusters.eu\/product\/portable-sonic-bird-scarer\/"},"modified":"2025-08-27T13:29:17","modified_gmt":"2025-08-27T11:29:17","slug":"nesiojama-garsine-pauksciu-baidykle-birdyell","status":"publish","type":"product","link":"https:\/\/birdbusters.eu\/lt\/produktas\/nesiojama-garsine-pauksciu-baidykle-birdyell\/","title":{"rendered":"Ne\u0161iojama Garsin\u0117 Pauk\u0161\u010di\u0173 Baidykl\u0117 BirdYell"},"content":{"rendered":"<p>Ne\u0161iojama Garsin\u0117 Pauk\u0161\u010di\u0173 Baidykl\u0117 BirdYell su pauk\u0161\u010di\u0173 \u0161auksmais ir \u012fsp\u0117jamaisiais signalais. Prietaisas u\u017eprogramuotas skirting\u0173 pauk\u0161\u010di\u0173, \u012fskaitant varn\u0117nus, \u012fvairi\u0173 r\u016b\u0161i\u0173 varnas ir kirus, skleid\u017eiamais garsais. Galite atskirai pasirinkti atitinkamo pauk\u0161\u010dio gars\u0105, kuris i\u0161g\u0105sdins ir pauk\u0161\u010diai paliks pavojing\u0105 zon\u0105. Naudokite prietais\u0105 reguliariai ir skirtingu laiku. Ypa\u010d tinkamas naudoti \u016bkiuose, soduose, aerodromuose, sand\u0117liuose ir kt. BirdYell Hand\u201cpaprasta naudoti ir veikia su 10 AA baterij\u0173 arba 12 V \u012fkraunamu akumuliatoriumi. BirdYell Hand turi 10 W garsiakalb\u012f ir efektyviai veikia 200 m spinduliu. Prietaisui naudoti reikalingos baterijos ir akumuliatorius \u012f komplektacij\u0105 ne\u012feina.<\/p>\n<p><strong>Kaip veikia:<\/strong> atbaido pauk\u0161\u010dius ir gyv\u016bnus, leisdamas \u012fvairius gamtoje u\u017efiksuotus pauk\u0161\u010di\u0173 ir gyv\u016bn\u0173 \u0161auksmus.<\/p>\n<p><strong>Apsaugin\u0117s zonos:<\/strong> pramon\u0117s, \u017eem\u0117s \u016bkio, gamybos ar uosto pastatai, prieplaukos, laukai, sodai<\/p>\n","protected":false},"excerpt":{"rendered":"<p>https:\/\/youtu.be\/YrOKA-D6FKg<\/p>\n<p>I\u0161gird\u0119 tos pa\u010dios r\u016b\u0161ies atstovo \u0161auksmus, pauk\u0161\u010diai ir gyv\u016bnai laikosi atokiai nuo \u0161ios vietos. BirdYell yra efektyvus prietaisas, skirtas atbaidyti pauk\u0161\u010dius ir gyv\u016bnus, \u012fskaitant vilkus.<\/p>\n<p>&nbsp;<\/p>\n","protected":false},"featured_media":9022,"template":"","meta":{"_themeisle_gutenberg_block_has_review":false,"rank_math_focus_keyword":"Ne\u0161iojama Garsin\u0117 Pauk\u0161\u010di\u0173 Baidykl\u0117 BirdYell","rank_math_title":"Ne\u0161iojama Garsin\u0117 Pauk\u0161\u010di\u0173 Baidykl\u0117 BirdYell | BIRD BUSTERS","rank_math_description":"Ne\u0161iojama Garsin\u0117 Pauk\u0161\u010di\u0173 Baidykl\u0117 BirdYell atbaido nepageidaujamus pauk\u0161\u010dius naudodama \u012fvairius garso efektus ir pauk\u0161\u010di\u0173 \u0161auksmus. Su\u017einokite daugiau ir \u012fsigykite!","rank_math_canonical_url":"","rank_math_facebook_title":"","rank_math_facebook_description":"","rank_math_facebook_image":"","rank_math_twitter_title":"","rank_math_twitter_description":"","rank_math_twitter_image":"","rank_math_schema_FAQPage":[]},"product_brand":[],"product_cat":[119,120],"product_tag":[135,136],"class_list":{"0":"post-9021","1":"product","2":"type-product","3":"status-publish","4":"has-post-thumbnail","6":"product_cat-garsiniai-pauksciu-atgrasymo-prietaisai-lt","7":"product_cat-pauksciu-atgrasymo-prietaisai-lt","8":"product_tag-paukscius-atbaidantis-garsas-lt","9":"product_tag-ultragarsine-pauksciu-baidykle-lt","11":"first","12":"instock","13":"taxable","14":"shipping-taxable","15":"purchasable","16":"product-type-simple"},"_links":{"self":[{"href":"https:\/\/birdbusters.eu\/lt\/wp-json\/wp\/v2\/product\/9021","targetHints":{"allow":["GET"]}}],"collection":[{"href":"https:\/\/birdbusters.eu\/lt\/wp-json\/wp\/v2\/product"}],"about":[{"href":"https:\/\/birdbusters.eu\/lt\/wp-json\/wp\/v2\/types\/product"}],"wp:featuredmedia":[{"embeddable":true,"href":"https:\/\/birdbusters.eu\/lt\/wp-json\/wp\/v2\/media\/9022"}],"wp:attachment":[{"href":"https:\/\/birdbusters.eu\/lt\/wp-json\/wp\/v2\/media?parent=9021"}],"wp:term":[{"taxonomy":"product_brand","embeddable":true,"href":"https:\/\/birdbusters.eu\/lt\/wp-json\/wp\/v2\/product_brand?post=9021"},{"taxonomy":"product_cat","embeddable":true,"href":"https:\/\/birdbusters.eu\/lt\/wp-json\/wp\/v2\/product_cat?post=9021"},{"taxonomy":"product_tag","embeddable":true,"href":"https:\/\/birdbusters.eu\/lt\/wp-json\/wp\/v2\/product_tag?post=9021"}],"curies":[{"name":"wp","href":"https:\/\/api.w.org\/{rel}","templated":true}]}}