{"id":9034,"date":"2016-04-10T19:31:52","date_gmt":"2016-04-10T17:31:52","guid":{"rendered":"https:\/\/birdbusters.eu\/product\/12v-battery\/"},"modified":"2023-12-10T14:52:08","modified_gmt":"2023-12-10T13:52:08","slug":"12-v-baterija","status":"publish","type":"product","link":"https:\/\/birdbusters.eu\/lt\/produktas\/12-v-baterija\/","title":{"rendered":"12 V Baterija"},"content":{"rendered":"<p>12V baterija tinka <a href=\"https:\/\/birdbusters.eu\/lt\/product\/elektroniniu-budu-valdomas-dujine-patranka\/\"><strong>elektroniniu b\u016bdu valdomas dujin\u0117 patranka<\/strong><\/a>.<\/p>\n","protected":false},"excerpt":{"rendered":"<p>12V baterija tinka tiek <a href=\"https:\/\/birdbusters.eu\/lt\/product\/elektroniniu-budu-valdomas-dujine-patranka\/\">Elektroniniu b\u016bdu valdomas dujin\u0117 patranka<\/a>, tiek pauk\u0161\u010di\u0173 baidyklei <a href=\"https:\/\/birdbusters.eu\/lt\/product\/kaliause-scare-man\/\">Scare Man<\/a>.<\/p>\n","protected":false},"featured_media":9035,"template":"","meta":{"_themeisle_gutenberg_block_has_review":false},"product_brand":[],"product_cat":[125,124],"product_tag":[],"class_list":{"0":"post-9034","1":"product","2":"type-product","3":"status-publish","4":"has-post-thumbnail","6":"product_cat-garsiniai-pauksciu-baidymo-prietaisai-lt","7":"product_cat-pauksciu-repelentai-lt","9":"first","10":"instock","11":"taxable","12":"shipping-taxable","13":"purchasable","14":"product-type-simple"},"_links":{"self":[{"href":"https:\/\/birdbusters.eu\/lt\/wp-json\/wp\/v2\/product\/9034","targetHints":{"allow":["GET"]}}],"collection":[{"href":"https:\/\/birdbusters.eu\/lt\/wp-json\/wp\/v2\/product"}],"about":[{"href":"https:\/\/birdbusters.eu\/lt\/wp-json\/wp\/v2\/types\/product"}],"wp:featuredmedia":[{"embeddable":true,"href":"https:\/\/birdbusters.eu\/lt\/wp-json\/wp\/v2\/media\/9035"}],"wp:attachment":[{"href":"https:\/\/birdbusters.eu\/lt\/wp-json\/wp\/v2\/media?parent=9034"}],"wp:term":[{"taxonomy":"product_brand","embeddable":true,"href":"https:\/\/birdbusters.eu\/lt\/wp-json\/wp\/v2\/product_brand?post=9034"},{"taxonomy":"product_cat","embeddable":true,"href":"https:\/\/birdbusters.eu\/lt\/wp-json\/wp\/v2\/product_cat?post=9034"},{"taxonomy":"product_tag","embeddable":true,"href":"https:\/\/birdbusters.eu\/lt\/wp-json\/wp\/v2\/product_tag?post=9034"}],"curies":[{"name":"wp","href":"https:\/\/api.w.org\/{rel}","templated":true}]}}