{"id":9152,"date":"2016-04-10T19:15:32","date_gmt":"2016-04-10T17:15:32","guid":{"rendered":"https:\/\/birdbusters.eu\/product\/bird-repellent-falcon\/"},"modified":"2025-07-22T23:39:06","modified_gmt":"2025-07-22T21:39:06","slug":"pauksciu-baidykle-sakalas","status":"publish","type":"product","link":"https:\/\/birdbusters.eu\/lt\/produktas\/pauksciu-baidykle-sakalas\/","title":{"rendered":"Pauk\u0161\u010di\u0173 Baidykl\u0117 &#8211; Sakalas"},"content":{"rendered":"<p><strong>Nat\u016bralaus dyd\u017eio Pauk\u0161\u010di\u0173 Baidykl\u0117 &#8211; Sakalas.<\/strong><\/p>\n<p>Tinka pauk\u0161\u010diams baidyti ma\u017euose soduose.<\/p>\n<p><strong>Apsaugin\u0117s zonos: <\/strong>sodai, balkonai, kiemai, parkai, skverai.<\/p>\n<p><strong>Kaip veikia:<\/strong> sakalo fig\u016bra atbaido visus pauk\u0161\u010dius, kurie gamtoje yra sakalo grobis. Siekiant u\u017etikrinti geriausi\u0105 efektyvum\u0105, rekomenduojame kas savait\u0119 keisti fig\u016bros viet\u0105.<\/p>\n<p><strong>Surinkimas:<\/strong> Pastatykite Pauk\u0161\u010di\u0173 Baidykl\u0119 &#8211; Sakal\u0105 sode gerai matomoje vietoje, kad pauk\u0161\u010diai gal\u0117t\u0173 lengvai j\u0105 pasteb\u0117ti.<\/p>\n","protected":false},"excerpt":{"rendered":"<p>Nat\u016bralaus dyd\u017eio Pauk\u0161\u010di\u0173 Baidykl\u0117 &#8211; Sakalas atbaido pauk\u0161\u010dius ma\u017euose soduose. U\u017esisakykite pauk\u0161\u010di\u0173 baidykli\u0173 savo sodui.<\/p>\n","protected":false},"featured_media":9153,"template":"","meta":{"_themeisle_gutenberg_block_has_review":false,"rank_math_focus_keyword":"Pauk\u0161\u010di\u0173 Baidykl\u0117 - Sakalas","rank_math_title":"Pauk\u0161\u010di\u0173 Baidykl\u0117 - Sakalas | BIRD BUSTERS","rank_math_description":"\u0160i pauk\u0161\u010di\u0173 baidykl\u0117 - sakalas yra vizuali pauk\u0161\u010di\u0173 atbaidymo priemon\u0117, neleid\u017eianti pauk\u0161\u010diams patekti \u012f j\u016bs\u0173 nuosavyb\u0119. Su\u017einokite daugiau!","rank_math_canonical_url":"","rank_math_facebook_title":"","rank_math_facebook_description":"","rank_math_facebook_image":"","rank_math_twitter_title":"","rank_math_twitter_description":"","rank_math_twitter_image":"","rank_math_schema_FAQPage":[]},"product_brand":[],"product_cat":[121,120],"product_tag":[],"class_list":{"0":"post-9152","1":"product","2":"type-product","3":"status-publish","4":"has-post-thumbnail","6":"product_cat-vizualiniai-pauksciu-atgrasymo-prietaisai-lt","7":"product_cat-pauksciu-atgrasymo-prietaisai-lt","9":"first","10":"instock","11":"taxable","12":"shipping-taxable","13":"purchasable","14":"product-type-simple"},"_links":{"self":[{"href":"https:\/\/birdbusters.eu\/lt\/wp-json\/wp\/v2\/product\/9152","targetHints":{"allow":["GET"]}}],"collection":[{"href":"https:\/\/birdbusters.eu\/lt\/wp-json\/wp\/v2\/product"}],"about":[{"href":"https:\/\/birdbusters.eu\/lt\/wp-json\/wp\/v2\/types\/product"}],"wp:featuredmedia":[{"embeddable":true,"href":"https:\/\/birdbusters.eu\/lt\/wp-json\/wp\/v2\/media\/9153"}],"wp:attachment":[{"href":"https:\/\/birdbusters.eu\/lt\/wp-json\/wp\/v2\/media?parent=9152"}],"wp:term":[{"taxonomy":"product_brand","embeddable":true,"href":"https:\/\/birdbusters.eu\/lt\/wp-json\/wp\/v2\/product_brand?post=9152"},{"taxonomy":"product_cat","embeddable":true,"href":"https:\/\/birdbusters.eu\/lt\/wp-json\/wp\/v2\/product_cat?post=9152"},{"taxonomy":"product_tag","embeddable":true,"href":"https:\/\/birdbusters.eu\/lt\/wp-json\/wp\/v2\/product_tag?post=9152"}],"curies":[{"name":"wp","href":"https:\/\/api.w.org\/{rel}","templated":true}]}}