{"id":9154,"date":"2015-10-09T13:26:33","date_gmt":"2015-10-09T11:26:33","guid":{"rendered":"https:\/\/birdbusters.eu\/product\/garden-bird-guard-with-a-sensor-and-remote\/"},"modified":"2025-08-12T07:47:12","modified_gmt":"2025-08-12T05:47:12","slug":"garsine-pauksciu-atgrasymo-priemone-su-jutikliu-ir-nuotoliniu-valdymu","status":"publish","type":"product","link":"https:\/\/birdbusters.eu\/lt\/produktas\/garsine-pauksciu-atgrasymo-priemone-su-jutikliu-ir-nuotoliniu-valdymu\/","title":{"rendered":"Garsin\u0117 Pauk\u0161\u010di\u0173 Atgrasymo Priemon\u0117 su Jutikliu ir Nuotoliniu Valdymu"},"content":{"rendered":"<p>Veiksmingiausi yra pauk\u0161\u010di\u0173 atbaidymo prietaisai, kurie pradeda veikti, kai prie j\u0173 prisiartina pauk\u0161tis ar gyv\u016bnas. Be to, judes\u012f jau\u010dian\u010di\u0105 Garsin\u0119 Pauk\u0161\u010di\u0173 Atgrasymo Priemon\u0119 su Jutikliu ir Nuotoliniu Valdymu galima \u012fjungti nuotolinio valdymo pulteliu, jei sode matomas nepageidaujamas pauk\u0161tis ar gyv\u016bnas.<\/p>\n<p>Garsin\u0117 Pauk\u0161\u010di\u0173 Atgrasymo Priemon\u0117 su Jutikliu ir Nuotoliniu Valdymu skleid\u017eia garsus\/ultragarsus ir atbaido <strong>gyv\u016bnus ir pauk\u0161\u010dius.<\/strong> Tinka ir dideliems gyv\u016bnams atbaidyti.<\/p>\n<p><strong>Apsaugin\u0117s zonos:<\/strong> sodai, verandos, balkonai, kiemai, lysv\u0117s, tvenkiniai.<\/p>\n<p><strong>Kaip veikia:<\/strong> aptikus jud\u0117jim\u0105 (10 m spinduliu) Garsin\u0117 Pauk\u0161\u010di\u0173 Atgrasymo Priemon\u0117 su Jutikliu ir Nuotoliniu Valdymu skleid\u017eia gars\u0105 ir blyksteli \u0161viesa. Staigus netik\u0117tas garsas i\u0161g\u0105sdina gyv\u016bnus ir pauk\u0161\u010dius. Veikia tiek su laidu, tiek su baterija (\u012f komplekt\u0105 ne\u012feina).<\/p>\n<p><strong>Surinkimas:<\/strong> Garsin\u0117 Pauk\u0161\u010di\u0173 Atgrasymo Priemon\u0117 su Jutikliu ir Nuotoliniu Valdymu gali b\u016bti pritvirtinta prie sienos, pavyzd\u017eiui, var\u017etais. Taip pat galima d\u0117ti tiesiog auk\u0161tesn\u0117je vietoje (ant d\u0117\u017eut\u0117s) arba \u0161alia problemin\u0117s vietos.<\/p>\n<p><strong>Matmenys:<\/strong> 17 cm x 9 cm x 13 cm<\/p>\n<p><a href=\"https:\/\/youtu.be\/0YIwTXv0-24\" target=\"_blank\" rel=\"noopener\">Pa\u017ei\u016br\u0117kite, kok\u012f gars\u0105 skleid\u017eia<\/a><\/p>\n<p><a href=\"https:\/\/birdbusters.eu\/wp-content\/uploads\/2022\/07\/380-Garden-Guard-EN.pdf\">Instrukcija<\/a><\/p>\n","protected":false},"excerpt":{"rendered":"<h4>Garsin\u0117 Pauk\u0161\u010di\u0173 Atgrasymo Priemon\u0117 su Jutikliu ir Nuotoliniu Valdymu skleisdama garsus\/ultragarsus atbaido <strong>gyv\u016bnus ir pauk\u0161\u010dius.<\/strong> Tinka ir dideliems gyv\u016bnams atbaidyti.<\/h4>\n<h4>Garsin\u0117 Pauk\u0161\u010di\u0173 Atgrasymo Priemon\u0117 su Jutikliu ir Nuotoliniu Valdymu tinka terasoms, sodams ar tvenkiniams.<\/h4>\n<p>https:\/\/youtu.be\/dfJHtk4WCOo<\/p>\n<p>&nbsp;<\/p>\n","protected":false},"featured_media":12528,"template":"","meta":{"_themeisle_gutenberg_block_has_review":false,"rank_math_focus_keyword":"Garsin\u0117 Pauk\u0161\u010di\u0173 Atgrasymo Priemon\u0117 su Jutikliu ir Nuotoliniu Valdymu","rank_math_title":"Garsin\u0117 Pauk\u0161\u010di\u0173 Atgrasymo Priemon\u0117 | BIRD BUSTERS","rank_math_description":"\u0160i garsin\u0117 pauk\u0161\u010di\u0173 atbaidymo priemon\u0117, naudodama \u012fvairius garso efektus ir pauk\u0161\u010di\u0173 \u0161auksmus, atbaido nepageidaujamus pauk\u0161\u010dius nuo j\u016bs\u0173 nuosavyb\u0117s.","rank_math_canonical_url":"","rank_math_facebook_title":"","rank_math_facebook_description":"","rank_math_facebook_image":"","rank_math_twitter_title":"","rank_math_twitter_description":"","rank_math_twitter_image":"","rank_math_schema_FAQPage":[]},"product_brand":[],"product_cat":[119,167,120],"product_tag":[],"class_list":{"0":"post-9154","1":"product","2":"type-product","3":"status-publish","4":"has-post-thumbnail","6":"product_cat-garsiniai-pauksciu-atgrasymo-prietaisai-lt","7":"product_cat-kurmiu-baidykle-ir-gyvunu-atbaidytuvas","8":"product_cat-pauksciu-atgrasymo-prietaisai-lt","10":"first","11":"instock","12":"taxable","13":"shipping-taxable","14":"purchasable","15":"product-type-simple"},"_links":{"self":[{"href":"https:\/\/birdbusters.eu\/lt\/wp-json\/wp\/v2\/product\/9154","targetHints":{"allow":["GET"]}}],"collection":[{"href":"https:\/\/birdbusters.eu\/lt\/wp-json\/wp\/v2\/product"}],"about":[{"href":"https:\/\/birdbusters.eu\/lt\/wp-json\/wp\/v2\/types\/product"}],"wp:featuredmedia":[{"embeddable":true,"href":"https:\/\/birdbusters.eu\/lt\/wp-json\/wp\/v2\/media\/12528"}],"wp:attachment":[{"href":"https:\/\/birdbusters.eu\/lt\/wp-json\/wp\/v2\/media?parent=9154"}],"wp:term":[{"taxonomy":"product_brand","embeddable":true,"href":"https:\/\/birdbusters.eu\/lt\/wp-json\/wp\/v2\/product_brand?post=9154"},{"taxonomy":"product_cat","embeddable":true,"href":"https:\/\/birdbusters.eu\/lt\/wp-json\/wp\/v2\/product_cat?post=9154"},{"taxonomy":"product_tag","embeddable":true,"href":"https:\/\/birdbusters.eu\/lt\/wp-json\/wp\/v2\/product_tag?post=9154"}],"curies":[{"name":"wp","href":"https:\/\/api.w.org\/{rel}","templated":true}]}}