{"id":9157,"date":"2015-10-09T12:13:23","date_gmt":"2015-10-09T10:13:23","guid":{"rendered":"https:\/\/birdbusters.eu\/product\/animal-and-bird-scarer-with-movement-sensors\/"},"modified":"2024-11-26T12:32:50","modified_gmt":"2024-11-26T11:32:50","slug":"gyvunu-ir-pauksciu-atbaidymo-priemone-su-judesio-jutikliu","status":"publish","type":"product","link":"https:\/\/birdbusters.eu\/lt\/produktas\/gyvunu-ir-pauksciu-atbaidymo-priemone-su-judesio-jutikliu\/","title":{"rendered":"Gyv\u016bn\u0173 ir Pauk\u0161\u010di\u0173 Atbaidymo Priemon\u0117 su Judesio Jutikliu"},"content":{"rendered":"<p><strong>Apsaugin\u0117s zonos:<\/strong> sodai, terasos, tvenkiniai.<\/p>\n<p>Gyv\u016bn\u0173 ir Pauk\u0161\u010di\u0173 Atbaidymo Priemon\u0117 su Judesio Jutikliu pradeda veikti, kai aptinkamas judesys 10 m atstumu. Baterijos \u012fkraunamos saul\u0117s energija. Nereikia papildomo maitinimo. Dieniniu re\u017eimu (Day Mold) prietaisas skleid\u017eia gars\u0105, pana\u0161\u0173 \u012f med\u017eioklinio \u0161autuvo \u0161\u016bvio gars\u0105, pl\u0117\u0161ri\u0173j\u0173 pauk\u0161\u010di\u0173 balsus ir \u0161uns lojim\u0105, taip pat mirksi \u0161viesa. Kai \u012fjungtas naktinis re\u017eimas (Night Mold), aptikus judes\u012f, prietaisas tik mirksi \u0161viesa. Tinka nedideliam sodui. Idealiai tinka, pavyzd\u017eiui, bra\u0161ki\u0173 lysv\u0117ms apsaugoti. Taip pat tinka garniams baidyti nuo tvenkinio. Be to, atbaido nepageidaujamas kates, \u0161unis, ki\u0161kius ir kitus gyv\u016bnus.<\/p>\n<p><strong>Matmenys: <\/strong>12 cm x 8 cm x 45 cm<\/p>\n<p><strong>Pakuot\u0117s matmenys:<\/strong> 15,7 cm x 14 cm x 9 cm<\/p>\n<p>&nbsp;<\/p>\n","protected":false},"excerpt":{"rendered":"<p>Saul\u0117s energija varoma\u00a0Gyv\u016bn\u0173 ir Pauk\u0161\u010di\u0173 Atbaidymo Priemon\u0117 su Judesio Jutikliu pradeda veikti, kai aptinkamas judesys. Skleid\u017eia \u012fvairius garsus ir mirksi \u0161viesa.<\/p>\n<p>https:\/\/youtu.be\/9pZwSAzaT5Y<\/p>\n<p>&nbsp;<\/p>\n<p>&nbsp;<\/p>\n","protected":false},"featured_media":11456,"template":"","meta":{"_themeisle_gutenberg_block_has_review":false},"product_brand":[],"product_cat":[119,167,120],"product_tag":[],"class_list":{"0":"post-9157","1":"product","2":"type-product","3":"status-publish","4":"has-post-thumbnail","6":"product_cat-garsiniai-pauksciu-atgrasymo-prietaisai-lt","7":"product_cat-kurmiu-baidykle-ir-gyvunu-atbaidytuvas","8":"product_cat-pauksciu-atgrasymo-prietaisai-lt","10":"first","11":"instock","12":"taxable","13":"shipping-taxable","14":"purchasable","15":"product-type-simple"},"_links":{"self":[{"href":"https:\/\/birdbusters.eu\/lt\/wp-json\/wp\/v2\/product\/9157","targetHints":{"allow":["GET"]}}],"collection":[{"href":"https:\/\/birdbusters.eu\/lt\/wp-json\/wp\/v2\/product"}],"about":[{"href":"https:\/\/birdbusters.eu\/lt\/wp-json\/wp\/v2\/types\/product"}],"wp:featuredmedia":[{"embeddable":true,"href":"https:\/\/birdbusters.eu\/lt\/wp-json\/wp\/v2\/media\/11456"}],"wp:attachment":[{"href":"https:\/\/birdbusters.eu\/lt\/wp-json\/wp\/v2\/media?parent=9157"}],"wp:term":[{"taxonomy":"product_brand","embeddable":true,"href":"https:\/\/birdbusters.eu\/lt\/wp-json\/wp\/v2\/product_brand?post=9157"},{"taxonomy":"product_cat","embeddable":true,"href":"https:\/\/birdbusters.eu\/lt\/wp-json\/wp\/v2\/product_cat?post=9157"},{"taxonomy":"product_tag","embeddable":true,"href":"https:\/\/birdbusters.eu\/lt\/wp-json\/wp\/v2\/product_tag?post=9157"}],"curies":[{"name":"wp","href":"https:\/\/api.w.org\/{rel}","templated":true}]}}