{"id":9170,"date":"2015-10-09T10:40:02","date_gmt":"2015-10-09T08:40:02","guid":{"rendered":"https:\/\/birdbusters.eu\/product\/bird-scare-tape\/"},"modified":"2023-12-11T07:19:33","modified_gmt":"2023-12-11T06:19:33","slug":"pauksciu-atbaidymo-juosta-2x80-m","status":"publish","type":"product","link":"https:\/\/birdbusters.eu\/lt\/produktas\/pauksciu-atbaidymo-juosta-2x80-m\/","title":{"rendered":"Pauk\u0161\u010di\u0173 Atbaidymo Juosta 2&#215;80 m"},"content":{"rendered":"<p><strong>Pauk\u0161\u010di\u0173 Atbaidymo Juosta pauk\u0161\u010diams atbaidyti dienos metu.<\/strong><\/p>\n<p>Anks\u010diau patyr\u0119 bra\u0161ki\u0173 augintojai pauk\u0161\u010diams atbaidyti rekomenduodavo magnetofono juostas, i\u0161tempdami jas i\u0161ilgai bra\u0161ki\u0173 lysvi\u0173. \u0160iandien yra veiksmingesni\u0173 priemoni\u0173, pavyzd\u017eiui, \u0161viesoje mirguliuojanti Pauk\u0161\u010di\u0173 Atbaidymo Juosta, kuri judant v\u0117jyje o\u0161ia ir atbaido visus pauk\u0161\u010dius: baland\u017eius, genius, kirus, kreg\u017edes, \u017evirblius, starkius, varnas, antis, \u017e\u0105sis ir kt.<\/p>\n<p><strong>Apsaugin\u0117s zonos:<\/strong> vaisi\u0173 ir uog\u0173 sodinuk\u0173 daigynas, sodai ir \u017eeldiniai &#8211; <strong>bra\u0161ki\u0173 lysv\u0117s ir uogakr\u016bmiai, vaismed\u017eiai<\/strong>, terasos, atviri gara\u017eai, valtys ir kitos pauk\u0161\u010di\u0173 trikdymo vietos.<\/p>\n<p><strong>Kaip veikia:<\/strong> Pauk\u0161\u010di\u0173 Atbaidymo Juosta mirguliuoja ir tviska \u0161viesoje, plazda v\u0117jyje.<\/p>\n<p><strong>Surinkimas:<\/strong> priri\u0161kite Pauk\u0161\u010di\u0173 Atbaidymo Juost\u0105 prie med\u017ei\u0173 ir kr\u016bm\u0173 \u0161ak\u0173 arba prie stulpo, esan\u010dio 1 metro auk\u0161tyje vir\u0161 pas\u0117li\u0173. Bra\u0161ki\u0173 lysv\u0117se juost\u0105 \u012frenkite tarp lysvi\u0173, i\u0161ilgai augal\u0173.<\/p>\n<p>&nbsp;<\/p>\n<p><strong>Papildoma informacija: juostos plotis<\/strong> 25 mm, vienoje pakuot\u0117je dvi skirtingos juostos, kiekviena po 80 m. Juosta yra siauresn\u0117, plonesn\u0117 ir mobilesn\u0117 nei vaizdo \u012fra\u0161e.<\/p>\n<p><strong>Matmenys:<\/strong> 2 x (80 m x 2,5 cm x 0,25 mm)<\/p>\n","protected":false},"excerpt":{"rendered":"<p>Pauk\u0161\u010di\u0173 Atbaidymo Juosta &#8211; yra veiksminga priemon\u0117 \u012fvairiems pauk\u0161\u010diams atbaidyti nuo bra\u0161ki\u0173, uogakr\u016bmi\u0173 ar terasos, nuo jacht\u0173 uostuose ir kt.<\/p>\n<p>https:\/\/youtu.be\/vgGuoy3mG2I<\/p>\n<p>&nbsp;<\/p>\n","protected":false},"featured_media":9175,"template":"","meta":{"_themeisle_gutenberg_block_has_review":false},"product_brand":[],"product_cat":[120,121],"product_tag":[],"class_list":{"0":"post-9170","1":"product","2":"type-product","3":"status-publish","4":"has-post-thumbnail","6":"product_cat-pauksciu-atgrasymo-prietaisai-lt","7":"product_cat-vizualiniai-pauksciu-atgrasymo-prietaisai-lt","9":"first","10":"instock","11":"taxable","12":"shipping-taxable","13":"purchasable","14":"product-type-simple"},"_links":{"self":[{"href":"https:\/\/birdbusters.eu\/lt\/wp-json\/wp\/v2\/product\/9170","targetHints":{"allow":["GET"]}}],"collection":[{"href":"https:\/\/birdbusters.eu\/lt\/wp-json\/wp\/v2\/product"}],"about":[{"href":"https:\/\/birdbusters.eu\/lt\/wp-json\/wp\/v2\/types\/product"}],"wp:featuredmedia":[{"embeddable":true,"href":"https:\/\/birdbusters.eu\/lt\/wp-json\/wp\/v2\/media\/9175"}],"wp:attachment":[{"href":"https:\/\/birdbusters.eu\/lt\/wp-json\/wp\/v2\/media?parent=9170"}],"wp:term":[{"taxonomy":"product_brand","embeddable":true,"href":"https:\/\/birdbusters.eu\/lt\/wp-json\/wp\/v2\/product_brand?post=9170"},{"taxonomy":"product_cat","embeddable":true,"href":"https:\/\/birdbusters.eu\/lt\/wp-json\/wp\/v2\/product_cat?post=9170"},{"taxonomy":"product_tag","embeddable":true,"href":"https:\/\/birdbusters.eu\/lt\/wp-json\/wp\/v2\/product_tag?post=9170"}],"curies":[{"name":"wp","href":"https:\/\/api.w.org\/{rel}","templated":true}]}}