{"id":9182,"date":"2015-10-08T12:59:12","date_gmt":"2015-10-08T10:59:12","guid":{"rendered":"https:\/\/birdbusters.eu\/product\/owl-to-repellent-birds\/"},"modified":"2023-12-11T07:23:17","modified_gmt":"2023-12-11T06:23:17","slug":"pauksciu-baidykle-didele-peledos-figura","status":"publish","type":"product","link":"https:\/\/birdbusters.eu\/lt\/produktas\/pauksciu-baidykle-didele-peledos-figura\/","title":{"rendered":"Pauk\u0161\u010di\u0173 Baidykl\u0117 &#8211; Didel\u0117 Pel\u0117dos Fig\u016bra"},"content":{"rendered":"<p><strong>Tikrovi\u0161ka Pauk\u0161\u010di\u0173 Baidykl\u0117 &#8211; Didel\u0117 Pel\u0117dos Fig\u016bra atbaido genius, baland\u017eius, varnas ir kitus pauk\u0161\u010dius.<\/strong><\/p>\n<p>Pu\u010diant v\u0117jui pel\u0117dos fig\u016bra si\u016bbuoja sparnais, kuri\u0173 plotis \u2013 100 cm. Ji atbaido smulkius pauk\u0161\u010diukus ir grau\u017eikus, kurie gamtoje yra pel\u0117d\u0173 grobis.<\/p>\n<p><strong>Apsaugin\u0117s zonos:<\/strong> sodai, kiemai, uogynai, vaismed\u017eiai, parkai.<\/p>\n<p><strong>Surinkimas:<\/strong> Pauk\u0161\u010di\u0173 Baidykl\u0117 &#8211; Didel\u0117 Pel\u0117dos Fig\u016bra tvirtinama ant auk\u0161to strypo (\u012f komplekt\u0105 ne\u012feina). Kad pauk\u0161\u010diai nepriprast\u0173 prie fig\u016bros, reguliariai reik\u0117t\u0173 pakeisti jos viet\u0105.<\/p>\n<p><strong>D\u0117mesio!<\/strong> Pauk\u0161\u010di\u0173 Baidykl\u0117 &#8211; Didel\u0117 Pel\u0117dos Fig\u016bra negali atlaikyti stipraus v\u0117jo.<\/p>\n<p>&nbsp;<\/p>\n","protected":false},"excerpt":{"rendered":"<p>Pauk\u0161\u010di\u0173 Baidykl\u0117 &#8211; Didel\u0117 Pel\u0117dos Fig\u016bra, kuri atrodo kaip tikra skraidanti pel\u0117da, gali atbaidyti <strong>daugyb\u0119 ma\u017eesni\u0173 pauk\u0161\u010di\u0173 ir grau\u017eik\u0173 r\u016b\u0161i\u0173.<\/strong><\/p>\n<p>&nbsp;<\/p>\n","protected":false},"featured_media":9184,"template":"","meta":{"_themeisle_gutenberg_block_has_review":false},"product_brand":[],"product_cat":[120,121],"product_tag":[],"class_list":{"0":"post-9182","1":"product","2":"type-product","3":"status-publish","4":"has-post-thumbnail","6":"product_cat-pauksciu-atgrasymo-prietaisai-lt","7":"product_cat-vizualiniai-pauksciu-atgrasymo-prietaisai-lt","9":"first","10":"instock","11":"taxable","12":"shipping-taxable","13":"purchasable","14":"product-type-simple"},"_links":{"self":[{"href":"https:\/\/birdbusters.eu\/lt\/wp-json\/wp\/v2\/product\/9182","targetHints":{"allow":["GET"]}}],"collection":[{"href":"https:\/\/birdbusters.eu\/lt\/wp-json\/wp\/v2\/product"}],"about":[{"href":"https:\/\/birdbusters.eu\/lt\/wp-json\/wp\/v2\/types\/product"}],"wp:featuredmedia":[{"embeddable":true,"href":"https:\/\/birdbusters.eu\/lt\/wp-json\/wp\/v2\/media\/9184"}],"wp:attachment":[{"href":"https:\/\/birdbusters.eu\/lt\/wp-json\/wp\/v2\/media?parent=9182"}],"wp:term":[{"taxonomy":"product_brand","embeddable":true,"href":"https:\/\/birdbusters.eu\/lt\/wp-json\/wp\/v2\/product_brand?post=9182"},{"taxonomy":"product_cat","embeddable":true,"href":"https:\/\/birdbusters.eu\/lt\/wp-json\/wp\/v2\/product_cat?post=9182"},{"taxonomy":"product_tag","embeddable":true,"href":"https:\/\/birdbusters.eu\/lt\/wp-json\/wp\/v2\/product_tag?post=9182"}],"curies":[{"name":"wp","href":"https:\/\/api.w.org\/{rel}","templated":true}]}}