{"id":9186,"date":"2015-10-08T11:52:46","date_gmt":"2015-10-08T09:52:46","guid":{"rendered":"https:\/\/birdbusters.eu\/product\/anti-bird-flashing-light\/"},"modified":"2023-12-27T14:05:56","modified_gmt":"2023-12-27T13:05:56","slug":"mirganti-sviesa-pauksciams-atbaidyti","status":"publish","type":"product","link":"https:\/\/birdbusters.eu\/lt\/produktas\/mirganti-sviesa-pauksciams-atbaidyti\/","title":{"rendered":"Mirganti \u0160viesa Pauk\u0161\u010diams Atbaidyti"},"content":{"rendered":"<p><strong>Mirganti \u0160viesa Pauk\u0161\u010diams Atbaidyti<\/strong>\u00a0yra paprastas ir efektyvus b\u016bdas atbaidyti gyv\u016bnus ir pauk\u0161\u010dius. Saul\u0117s energija varomas prietaisas tamsoje atbaido <strong>pl\u0117\u0161r\u016bnus (pavyzd\u017eiui, vilkus), \u0161ernus ir ki\u0161kius, taip pat \u017e\u0105sis ir antis.<\/strong><\/p>\n<p>Saul\u0117s baterijos \u012fkraunamos vis\u0105 dien\u0105, net kai prietaisas ne\u012fjungtas. Mirganti \u0160viesa Pauk\u0161\u010diams Atbaidyti veikia visi\u0161kai automati\u0161kai: pradeda mirks\u0117ti tamsoje ir nustoja au\u0161tant. Norint pasiekti geriausi\u0173 rezultat\u0173 atbaidant gyv\u016bnus, prietaisas turi b\u016bti \u012frengtas gyv\u016bn\u0173 aki\u0173 lygyje.<\/p>\n<p><strong>Papildoma informacija<\/strong>: prek\u0117je yra baterija ir saul\u0117s baterijos.<\/p>\n<p><iframe loading=\"lazy\" title=\"Birdbusters bird scarer flashing light\" width=\"500\" height=\"281\" src=\"https:\/\/www.youtube.com\/embed\/aN7y-13-ixM?feature=oembed\" frameborder=\"0\" allow=\"accelerometer; autoplay; clipboard-write; encrypted-media; gyroscope; picture-in-picture; web-share\" referrerpolicy=\"strict-origin-when-cross-origin\" allowfullscreen><\/iframe><\/p>\n<p style=\"text-align: justify;\">\n","protected":false},"excerpt":{"rendered":"<p>Jei kenk\u0117jai \u2013 pauk\u0161\u010diai ar pl\u0117\u0161r\u016bnai trukdo nakt\u012f ar sutemus, tuomet juos i\u0161g\u0105sdinti gali kas kelias sekundes mirksinti Mirganti \u0160viesa Pauk\u0161\u010diams Atbaidyti, kuri sukuria \u012fsp\u016bd\u012f, kad jie buvo pasteb\u0117ti.<\/p>\n<p>&nbsp;<\/p>\n","protected":false},"featured_media":9187,"template":"","meta":{"_themeisle_gutenberg_block_has_review":false},"product_brand":[],"product_cat":[167,120,121],"product_tag":[],"class_list":{"0":"post-9186","1":"product","2":"type-product","3":"status-publish","4":"has-post-thumbnail","6":"product_cat-kurmiu-baidykle-ir-gyvunu-atbaidytuvas","7":"product_cat-pauksciu-atgrasymo-prietaisai-lt","8":"product_cat-vizualiniai-pauksciu-atgrasymo-prietaisai-lt","10":"first","11":"instock","12":"taxable","13":"shipping-taxable","14":"purchasable","15":"product-type-simple"},"_links":{"self":[{"href":"https:\/\/birdbusters.eu\/lt\/wp-json\/wp\/v2\/product\/9186","targetHints":{"allow":["GET"]}}],"collection":[{"href":"https:\/\/birdbusters.eu\/lt\/wp-json\/wp\/v2\/product"}],"about":[{"href":"https:\/\/birdbusters.eu\/lt\/wp-json\/wp\/v2\/types\/product"}],"wp:featuredmedia":[{"embeddable":true,"href":"https:\/\/birdbusters.eu\/lt\/wp-json\/wp\/v2\/media\/9187"}],"wp:attachment":[{"href":"https:\/\/birdbusters.eu\/lt\/wp-json\/wp\/v2\/media?parent=9186"}],"wp:term":[{"taxonomy":"product_brand","embeddable":true,"href":"https:\/\/birdbusters.eu\/lt\/wp-json\/wp\/v2\/product_brand?post=9186"},{"taxonomy":"product_cat","embeddable":true,"href":"https:\/\/birdbusters.eu\/lt\/wp-json\/wp\/v2\/product_cat?post=9186"},{"taxonomy":"product_tag","embeddable":true,"href":"https:\/\/birdbusters.eu\/lt\/wp-json\/wp\/v2\/product_tag?post=9186"}],"curies":[{"name":"wp","href":"https:\/\/api.w.org\/{rel}","templated":true}]}}