{"id":9190,"date":"2015-10-08T11:43:35","date_gmt":"2015-10-08T09:43:35","guid":{"rendered":"https:\/\/birdbusters.eu\/product\/automated-laser-bird-repellent-2\/"},"modified":"2023-12-11T07:30:03","modified_gmt":"2023-12-11T06:30:03","slug":"automatinis-lazerinis-pauksciu-repelentas","status":"publish","type":"product","link":"https:\/\/birdbusters.eu\/lt\/produktas\/automatinis-lazerinis-pauksciu-repelentas\/","title":{"rendered":"Automatinis Lazerinis Pauk\u0161\u010di\u0173 Repelentas"},"content":{"rendered":"<p>Automatinis Lazerinis Pauk\u0161\u010di\u0173 Repelentas atbaido <strong>\u017e\u0105sis, kirus, antis, strazdus, \u200b\u200bbaland\u017eius, starkius ir kitus smulkesnius pauk\u0161\u010dius.<\/strong> Lazerio spindulys juda pirmyn ir atgal horizontalia plok\u0161tuma ir t\u0119siasi iki 2 km atstumu. Skirtingai nuo kit\u0173 pauk\u0161\u010di\u0173 atbaidymo priemoni\u0173, prie lazeri\u0173 sunku priprasti. Idealiai tinka apsaugoti laukus nuo migruojan\u010di\u0173 pauk\u0161\u010di\u0173 arba i\u0161valyti vietas nuo pauk\u0161\u010di\u0173 keliamo triuk\u0161mo ir tar\u0161os.<\/p>\n<p><strong>Automatinis Lazerinis Pauk\u0161\u010di\u0173 Repelentas<\/strong> yra atsparus oro s\u0105lygoms, turi CE sertifikat\u0105 ir veikia nuo -10 iki +45 \u00b0C temperat\u016broje.<\/p>\n<p><strong>Lazerio naudojimo privalumai:<\/strong> lengvas reguliavimas (Plug-and-Play) \u2013 nereikia kompiuterio! Pagal poreik\u012f nukreipia spindul\u012f per vis\u0105 lauk\u0105.<\/p>\n<p>Veikia nuo 12 V ir yra prijungtas prie akumuliatoriaus.<\/p>\n<p>&nbsp;<\/p>\n","protected":false},"excerpt":{"rendered":"<p>Automatinis Lazerinis Pauk\u0161\u010di\u0173 Repelentas atbaido daugum\u0105 pauk\u0161\u010di\u0173, toki\u0173 kaip \u017e\u0105sys, kirai, antys, strazdai, baland\u017eiai, starkiai ir kiti smulk\u016bs pauk\u0161\u010diai.<\/p>\n","protected":false},"featured_media":11759,"template":"","meta":{"_themeisle_gutenberg_block_has_review":false},"product_brand":[],"product_cat":[131,124],"product_tag":[],"class_list":{"0":"post-9190","1":"product","2":"type-product","3":"status-publish","4":"has-post-thumbnail","6":"product_cat-lazeriniai-pauksciu-repelentai-lt","7":"product_cat-pauksciu-repelentai-lt","9":"first","10":"onbackorder","11":"taxable","12":"shipping-taxable","13":"purchasable","14":"product-type-simple"},"_links":{"self":[{"href":"https:\/\/birdbusters.eu\/lt\/wp-json\/wp\/v2\/product\/9190","targetHints":{"allow":["GET"]}}],"collection":[{"href":"https:\/\/birdbusters.eu\/lt\/wp-json\/wp\/v2\/product"}],"about":[{"href":"https:\/\/birdbusters.eu\/lt\/wp-json\/wp\/v2\/types\/product"}],"wp:featuredmedia":[{"embeddable":true,"href":"https:\/\/birdbusters.eu\/lt\/wp-json\/wp\/v2\/media\/11759"}],"wp:attachment":[{"href":"https:\/\/birdbusters.eu\/lt\/wp-json\/wp\/v2\/media?parent=9190"}],"wp:term":[{"taxonomy":"product_brand","embeddable":true,"href":"https:\/\/birdbusters.eu\/lt\/wp-json\/wp\/v2\/product_brand?post=9190"},{"taxonomy":"product_cat","embeddable":true,"href":"https:\/\/birdbusters.eu\/lt\/wp-json\/wp\/v2\/product_cat?post=9190"},{"taxonomy":"product_tag","embeddable":true,"href":"https:\/\/birdbusters.eu\/lt\/wp-json\/wp\/v2\/product_tag?post=9190"}],"curies":[{"name":"wp","href":"https:\/\/api.w.org\/{rel}","templated":true}]}}