{"id":9192,"date":"2015-10-08T11:59:23","date_gmt":"2015-10-08T09:59:23","guid":{"rendered":"https:\/\/birdbusters.eu\/product\/crow-deterrent-figure\/"},"modified":"2023-12-11T07:33:46","modified_gmt":"2023-12-11T06:33:46","slug":"pauksciu-baidykle-varnos-figura","status":"publish","type":"product","link":"https:\/\/birdbusters.eu\/lt\/produktas\/pauksciu-baidykle-varnos-figura\/","title":{"rendered":"Pauk\u0161\u010di\u0173 Baidykl\u0117 &#8211; Varnos Fig\u016bra"},"content":{"rendered":"<h1><span style=\"font-size: 12pt;\">Tikrovi\u0161ka Pauk\u0161\u010di\u0173 Baidykl\u0117 &#8211; Varnos Fig\u016bra<\/span><\/h1>\n<p>Pauk\u0161\u010di\u0173 Baidykl\u0117 &#8211; Varnos Fig\u016bra, kuri atrodo kaip tikra varna, veikia dviem b\u016bdais.<\/p>\n<p>Pa\u010dios varnos laikosi nuo\u0161alyje, kai pamato negyv\u0105 savo r\u016b\u0161ies atstov\u0105 (manekenas pakabintas auk\u0161tyn kojomis), o ma\u017ei pauk\u0161\u010diai \u2013 kai fig\u016bra yra \u012fprastoje pad\u0117tyje. Pakabinta Pauk\u0161\u010di\u0173 Baidykl\u0117 &#8211; Varnos Fig\u016bra veikia efektyviau, nes suteikia stipresn\u012f atgrasom\u0105j\u012f poveik\u012f.<\/p>\n<p>Norint pasiekti geriausius rezultatus, rekomenduojama pakabinti kelet\u0105 fig\u016br\u0173 ir da\u017enai keisti j\u0173 viet\u0105.<\/p>\n<p>Toje pa\u010dioje vietoje Pauk\u0161\u010di\u0173 Baidykl\u0119 &#8211; Varnos Fig\u016br\u0105 galite naudoti ne ilgiau kaip 3 savaites.<\/p>\n<p><strong>K\u0105 atbaido:<\/strong> varnas, kuosas, \u0161arkas, k\u0117k\u0161tus, kranklius. Kitoje pad\u0117tyje atbaido ma\u017eesnius pauk\u0161\u010dius.<\/p>\n","protected":false},"excerpt":{"rendered":"<p>Ar jus vargina varnos, skaban\u010dios j\u016bs\u0173 g\u0117li\u0173 svog\u016bn\u0117lius? Pakabinkite netikr\u0105 varn\u0105 auk\u0161tyn kojomis, kad varnos ir kiti \u0161ios r\u016b\u0161ies atstovai laikyt\u0173si nuo\u0161alyje.<\/p>\n","protected":false},"featured_media":9195,"template":"","meta":{"_themeisle_gutenberg_block_has_review":false,"rank_math_focus_keyword":"Pauk\u0161\u010di\u0173 Baidykl\u0117 - Varnos Fig\u016bra","rank_math_title":"Pauk\u0161\u010di\u0173 Baidykl\u0117 - Varnos Fig\u016bra | BIRD BUSTERS","rank_math_description":"Pauk\u0161\u010di\u0173 Baidykl\u0117 - Varnos Fig\u016bra yra vizuali pauk\u0161\u010di\u0173 atbaidymo priemon\u0117, skirta varnams apsaugoti nuo j\u016bs\u0173 nuosavyb\u0117s. Spustel\u0117kite ir su\u017einokite daugiau!","rank_math_canonical_url":"","rank_math_facebook_title":"","rank_math_facebook_description":"","rank_math_facebook_image":"","rank_math_twitter_title":"","rank_math_twitter_description":"","rank_math_twitter_image":"","rank_math_schema_FAQPage":[]},"product_brand":[],"product_cat":[120,121],"product_tag":[],"class_list":{"0":"post-9192","1":"product","2":"type-product","3":"status-publish","4":"has-post-thumbnail","6":"product_cat-pauksciu-atgrasymo-prietaisai-lt","7":"product_cat-vizualiniai-pauksciu-atgrasymo-prietaisai-lt","9":"first","10":"outofstock","11":"taxable","12":"shipping-taxable","13":"purchasable","14":"product-type-simple"},"_links":{"self":[{"href":"https:\/\/birdbusters.eu\/lt\/wp-json\/wp\/v2\/product\/9192","targetHints":{"allow":["GET"]}}],"collection":[{"href":"https:\/\/birdbusters.eu\/lt\/wp-json\/wp\/v2\/product"}],"about":[{"href":"https:\/\/birdbusters.eu\/lt\/wp-json\/wp\/v2\/types\/product"}],"wp:featuredmedia":[{"embeddable":true,"href":"https:\/\/birdbusters.eu\/lt\/wp-json\/wp\/v2\/media\/9195"}],"wp:attachment":[{"href":"https:\/\/birdbusters.eu\/lt\/wp-json\/wp\/v2\/media?parent=9192"}],"wp:term":[{"taxonomy":"product_brand","embeddable":true,"href":"https:\/\/birdbusters.eu\/lt\/wp-json\/wp\/v2\/product_brand?post=9192"},{"taxonomy":"product_cat","embeddable":true,"href":"https:\/\/birdbusters.eu\/lt\/wp-json\/wp\/v2\/product_cat?post=9192"},{"taxonomy":"product_tag","embeddable":true,"href":"https:\/\/birdbusters.eu\/lt\/wp-json\/wp\/v2\/product_tag?post=9192"}],"curies":[{"name":"wp","href":"https:\/\/api.w.org\/{rel}","templated":true}]}}