{"id":9198,"date":"2015-10-08T10:47:25","date_gmt":"2015-10-08T08:47:25","guid":{"rendered":"https:\/\/birdbusters.eu\/product\/bird-repellent-kestrel\/"},"modified":"2023-12-11T07:37:21","modified_gmt":"2023-12-11T06:37:21","slug":"pauksciu-baidykle-pelesakalio-figura","status":"publish","type":"product","link":"https:\/\/birdbusters.eu\/lt\/produktas\/pauksciu-baidykle-pelesakalio-figura\/","title":{"rendered":"Pauk\u0161\u010di\u0173 Baidykl\u0117 &#8211; Pel\u0117sakalio fig\u016bra"},"content":{"rendered":"<p><strong>Tikrovi\u0161ka Pauk\u0161\u010di\u0173 Baidykl\u0117 &#8211; Pel\u0117sakalio fig\u016bra<\/strong><\/p>\n<p><strong>Apsaugin\u0117s zonos:<\/strong> sodai, kiemai, uogynai, vaismed\u017eiai.<\/p>\n<p><strong>Kaip veikia:<\/strong> judinama v\u0117jo Pauk\u0161\u010di\u0173 Baidykl\u0117 &#8211; Pel\u0117sakalio fig\u016bra imituoja gyv\u0105 pel\u0117sakal\u012f, g\u0105sdindama ma\u017eesnius pauk\u0161\u010dius, kurie gamtoje yra pel\u0117sakalio grobis.<\/p>\n<p><strong>Surinkimas:<\/strong> pakabinkite ant auk\u0161tos vietos, pavyzd\u017eiui, ant stulpo ar med\u017eio \u0161akos, kad Pauk\u0161\u010di\u0173 Baidykl\u0117 &#8211; Pel\u0117sakalio fig\u016bra gal\u0117t\u0173 laisvai jud\u0117ti v\u0117jyje.<\/p>\n<p><strong>Matmenys<\/strong> 540 x 80 x 140 mm<\/p>\n","protected":false},"excerpt":{"rendered":"<p>Pel\u0117sakalis yra pl\u0117\u0161rus pauk\u0161\u010di\u0173 tipas, kurio bijo dauguma pauk\u0161\u010di\u0173. Rekomenduojame pakabinti Pauk\u0161\u010di\u0173 Baidykl\u0119 &#8211; Pel\u0117sakalio fig\u016br\u0105 auk\u0161tai ant stulpo ar med\u017eio \u0161akos, kad v\u0117jas fig\u016br\u0105 judint\u0173 dideliame plote. Tinka soduose pauk\u0161\u010diams baidyti, taip pat kaip gra\u017ei puo\u0161mena.<\/p>\n<p>[yasr_multiset setid=0]<\/p>\n","protected":false},"featured_media":9201,"template":"","meta":{"_themeisle_gutenberg_block_has_review":false},"product_brand":[],"product_cat":[120,121],"product_tag":[],"class_list":{"0":"post-9198","1":"product","2":"type-product","3":"status-publish","4":"has-post-thumbnail","6":"product_cat-pauksciu-atgrasymo-prietaisai-lt","7":"product_cat-vizualiniai-pauksciu-atgrasymo-prietaisai-lt","9":"first","10":"onbackorder","11":"taxable","12":"shipping-taxable","13":"purchasable","14":"product-type-simple"},"_links":{"self":[{"href":"https:\/\/birdbusters.eu\/lt\/wp-json\/wp\/v2\/product\/9198","targetHints":{"allow":["GET"]}}],"collection":[{"href":"https:\/\/birdbusters.eu\/lt\/wp-json\/wp\/v2\/product"}],"about":[{"href":"https:\/\/birdbusters.eu\/lt\/wp-json\/wp\/v2\/types\/product"}],"wp:featuredmedia":[{"embeddable":true,"href":"https:\/\/birdbusters.eu\/lt\/wp-json\/wp\/v2\/media\/9201"}],"wp:attachment":[{"href":"https:\/\/birdbusters.eu\/lt\/wp-json\/wp\/v2\/media?parent=9198"}],"wp:term":[{"taxonomy":"product_brand","embeddable":true,"href":"https:\/\/birdbusters.eu\/lt\/wp-json\/wp\/v2\/product_brand?post=9198"},{"taxonomy":"product_cat","embeddable":true,"href":"https:\/\/birdbusters.eu\/lt\/wp-json\/wp\/v2\/product_cat?post=9198"},{"taxonomy":"product_tag","embeddable":true,"href":"https:\/\/birdbusters.eu\/lt\/wp-json\/wp\/v2\/product_tag?post=9198"}],"curies":[{"name":"wp","href":"https:\/\/api.w.org\/{rel}","templated":true}]}}