{"id":9205,"date":"2015-10-08T09:53:00","date_gmt":"2015-10-08T07:53:00","guid":{"rendered":"https:\/\/birdbusters.eu\/product\/bird-scarer-hawk-eyes\/"},"modified":"2024-06-13T12:48:06","modified_gmt":"2024-06-13T10:48:06","slug":"pauksciu-baidykle-vanago-akys","status":"publish","type":"product","link":"https:\/\/birdbusters.eu\/lt\/produktas\/pauksciu-baidykle-vanago-akys\/","title":{"rendered":"Pauk\u0161\u010di\u0173 Baidykl\u0117 &#8211; Vanago Akys"},"content":{"rendered":"<p><strong>Apsaugin\u0117s zonos:<\/strong> laukai, uog\u0173, dar\u017eovi\u0173, vaisi\u0173 sodinukai, golfo aik\u0161tynai, auk\u0161tybiniai pastatai, parkavimo paviljonai, pramoniniai pastatai, oro uostai, v\u0117jo j\u0117gain\u0117s, uostai.<\/p>\n<p><strong>Kaip veikia:<\/strong> rutulio pavidalo Pauk\u0161\u010di\u0173 Baidykl\u0117 &#8211; Vanago Akys, pakabinta juda nuo v\u0117jo ir atspindi saul\u0117s spindulius. Siekiant idealaus rezultato, atbaidymo priemon\u0117s viet\u0105 patartina keisti kas 3-4 dienas, o kas kelias savaites \u2013 nuimti trims dienoms. Pauk\u0161\u010di\u0173 Baidykl\u0117 &#8211; Vanago Akys yra atspari oro s\u0105lygoms ir nereikalauja prie\u017ei\u016bros. Atbaidymo priemon\u0119 lengva sumontuoti, ji yra gamtoje randamos atgrasan\u010dios spalvos. Vanago aki\u0173 atbaidymo priemon\u0117 yra geltona arba raudona.<\/p>\n<p><strong>Surinkimas:<\/strong> \u017e\u0105sims atbaidyti vienam hektarui reikia 1-2 atbaidymo priemoni\u0173, kitiems pauk\u0161\u010diams baidyti kas 20-40 metr\u0173 \u012frengt\u0173 baidymo priemoni\u0173.<\/p>\n<p><strong>Papildoma informacija:<\/strong> neveikia varn\u0117n\u0173 ir \u017evirbli\u0173.<\/p>\n","protected":false},"excerpt":{"rendered":"<p>Pauk\u0161\u010di\u0173 Baidykl\u0117 &#8211; Vanago Akys, skirta atbaidyti didesnius pauk\u0161\u010dius, tokius kaip <strong>\u017e\u0105sys, baland\u017eiai, juodvarniai ir \u012fvair\u016bs pl\u0117\u0161r\u016bs pauk\u0161\u010diai.<\/strong><\/p>\n<p>Tylus pauk\u0161\u010di\u0173 atbaidymo prietaisas su rotacine turbina lengvai montuojamas bet kur! V\u0117jo judinamos, besisukan\u010dios ir neskleid\u017eian\u010dios triuk\u0161mo vanago akys idealiai tinka naudoti gyvenamuosiuose rajonuose.<\/p>\n<p>Labai pastebimos d\u0117l saul\u0117s spinduli\u0173 atspind\u017eio.<\/p>\n<p><span style=\"color: #ff0000;\"><strong>NB! \u0160is gaminys netelpa \u012f pa\u0161tomatas. Kaip pristatymo b\u016bd\u0105 pasirinkite kurjer\u012f (Courier Standard).<\/strong><\/span><\/p>\n","protected":false},"featured_media":9209,"template":"","meta":{"_themeisle_gutenberg_block_has_review":false},"product_brand":[],"product_cat":[120,121],"product_tag":[],"class_list":{"0":"post-9205","1":"product","2":"type-product","3":"status-publish","4":"has-post-thumbnail","6":"product_cat-pauksciu-atgrasymo-prietaisai-lt","7":"product_cat-vizualiniai-pauksciu-atgrasymo-prietaisai-lt","8":"product_shipping_class-pristatymo-vieta-lt","10":"first","11":"instock","12":"taxable","13":"shipping-taxable","14":"purchasable","15":"product-type-simple"},"_links":{"self":[{"href":"https:\/\/birdbusters.eu\/lt\/wp-json\/wp\/v2\/product\/9205","targetHints":{"allow":["GET"]}}],"collection":[{"href":"https:\/\/birdbusters.eu\/lt\/wp-json\/wp\/v2\/product"}],"about":[{"href":"https:\/\/birdbusters.eu\/lt\/wp-json\/wp\/v2\/types\/product"}],"wp:featuredmedia":[{"embeddable":true,"href":"https:\/\/birdbusters.eu\/lt\/wp-json\/wp\/v2\/media\/9209"}],"wp:attachment":[{"href":"https:\/\/birdbusters.eu\/lt\/wp-json\/wp\/v2\/media?parent=9205"}],"wp:term":[{"taxonomy":"product_brand","embeddable":true,"href":"https:\/\/birdbusters.eu\/lt\/wp-json\/wp\/v2\/product_brand?post=9205"},{"taxonomy":"product_cat","embeddable":true,"href":"https:\/\/birdbusters.eu\/lt\/wp-json\/wp\/v2\/product_cat?post=9205"},{"taxonomy":"product_tag","embeddable":true,"href":"https:\/\/birdbusters.eu\/lt\/wp-json\/wp\/v2\/product_tag?post=9205"}],"curies":[{"name":"wp","href":"https:\/\/api.w.org\/{rel}","templated":true}]}}