{"id":9220,"date":"2015-09-07T17:13:40","date_gmt":"2015-09-07T15:13:40","guid":{"rendered":"https:\/\/birdbusters.eu\/product\/timer-for-mechanical-gas-cannon\/"},"modified":"2023-12-11T08:23:11","modified_gmt":"2023-12-11T07:23:11","slug":"laikmatis-mechaninei-duju-patrankai-gt-300","status":"publish","type":"product","link":"https:\/\/birdbusters.eu\/lt\/produktas\/laikmatis-mechaninei-duju-patrankai-gt-300\/","title":{"rendered":"Laikmatis Mechaninei Duj\u0173 Patrankai GT 300"},"content":{"rendered":"<p><strong>Laikmatis Mechaninei Duj\u0173 Patrankai GT 300<\/strong> skirta reguliuoti <a href=\"https:\/\/birdbusters.eu\/product\/mechanical-gas-cannon\/\" target=\"_blank\" rel=\"noopener\">mechanin\u0117s duj\u0173 patrankos<\/a> veikim\u0105 per 24 valandas. Pavyzd\u017eiui, da\u017eniausiai pauk\u0161\u010dius baidyti reikia dien\u0105, o laukinius gyv\u016bnus \u2013 nakt\u012f ir ryte.<\/p>\n<p><a href=\"https:\/\/birdbusters.eu\/wp-content\/uploads\/2022\/07\/Manual-GT300.pdf\">Instrukcija<\/a><\/p>\n","protected":false},"excerpt":{"rendered":"<p><strong>Laikmatis Mechaninei Duj\u0173 Patrankai GT 300<\/strong> skirta reguliuoti <a href=\"https:\/\/birdbusters.eu\/product\/mechanical-gas-cannon\/\" target=\"_blank\" rel=\"noopener\">mechanin\u0117s duj\u0173 patrankos<\/a> veikim\u0105 per 24 valandas. Pavyzd\u017eiui, da\u017eniausiai pauk\u0161\u010dius baidyti reikia dien\u0105, o laukinius gyv\u016bnus \u2013 nakt\u012f ir ryte.<\/p>\n","protected":false},"featured_media":9224,"template":"","meta":{"_themeisle_gutenberg_block_has_review":false},"product_brand":[],"product_cat":[125,124],"product_tag":[],"class_list":{"0":"post-9220","1":"product","2":"type-product","3":"status-publish","4":"has-post-thumbnail","6":"product_cat-garsiniai-pauksciu-baidymo-prietaisai-lt","7":"product_cat-pauksciu-repelentai-lt","9":"first","10":"instock","11":"taxable","12":"shipping-taxable","13":"purchasable","14":"product-type-simple"},"_links":{"self":[{"href":"https:\/\/birdbusters.eu\/lt\/wp-json\/wp\/v2\/product\/9220","targetHints":{"allow":["GET"]}}],"collection":[{"href":"https:\/\/birdbusters.eu\/lt\/wp-json\/wp\/v2\/product"}],"about":[{"href":"https:\/\/birdbusters.eu\/lt\/wp-json\/wp\/v2\/types\/product"}],"wp:featuredmedia":[{"embeddable":true,"href":"https:\/\/birdbusters.eu\/lt\/wp-json\/wp\/v2\/media\/9224"}],"wp:attachment":[{"href":"https:\/\/birdbusters.eu\/lt\/wp-json\/wp\/v2\/media?parent=9220"}],"wp:term":[{"taxonomy":"product_brand","embeddable":true,"href":"https:\/\/birdbusters.eu\/lt\/wp-json\/wp\/v2\/product_brand?post=9220"},{"taxonomy":"product_cat","embeddable":true,"href":"https:\/\/birdbusters.eu\/lt\/wp-json\/wp\/v2\/product_cat?post=9220"},{"taxonomy":"product_tag","embeddable":true,"href":"https:\/\/birdbusters.eu\/lt\/wp-json\/wp\/v2\/product_tag?post=9220"}],"curies":[{"name":"wp","href":"https:\/\/api.w.org\/{rel}","templated":true}]}}