{"id":9242,"date":"2015-09-07T17:23:35","date_gmt":"2015-09-07T15:23:35","guid":{"rendered":"https:\/\/birdbusters.eu\/product\/360-tripod-for-gas-cannons\/"},"modified":"2025-11-14T10:51:39","modified_gmt":"2025-11-14T09:51:39","slug":"360-trikojis-elektroninei-duju-patrankai","status":"publish","type":"product","link":"https:\/\/birdbusters.eu\/lt\/produktas\/360-trikojis-elektroninei-duju-patrankai\/","title":{"rendered":"360 Trikojis Elektroninei Duj\u0173 Patrankai"},"content":{"rendered":"<p>Ant Trikojo Elektroninei Duj\u0173 Patrankai sumontuotos <a href=\"https:\/\/birdbusters.eu\/lt\/product\/elektroniniu-budu-valdomas-dujine-patranka\/\">elektronin\u0117s dujin\u0117s patrankos<\/a> veikimo spindulys yra 360 laipsni\u0173.<\/p>\n","protected":false},"excerpt":{"rendered":"<p>360 laipsni\u0173 besisukantis Trikojis Elektroninei Duj\u0173 Patrankai padidina <a href=\"https:\/\/birdbusters.eu\/lt\/product\/elektroniniu-budu-valdomas-dujine-patranka\/\">dujin\u0117s patrankos<\/a> diapazon\u0105 d\u0117l auk\u0161\u010dio ir sukimosi a\u0161ies. Po kiekvieno \u0161\u016bvio patranka, veikiama sm\u016bgio bang\u0173, kei\u010dia krypt\u012f.<\/p>\n<p>&nbsp;<\/p>\n","protected":false},"featured_media":9243,"template":"","meta":{"_themeisle_gutenberg_block_has_review":false},"product_brand":[],"product_cat":[125,167,124],"product_tag":[],"class_list":{"0":"post-9242","1":"product","2":"type-product","3":"status-publish","4":"has-post-thumbnail","6":"product_cat-garsiniai-pauksciu-baidymo-prietaisai-lt","7":"product_cat-kurmiu-baidykle-ir-gyvunu-atbaidytuvas","8":"product_cat-pauksciu-repelentai-lt","9":"product_shipping_class-pristatymo-vieta-lt","11":"first","12":"instock","13":"taxable","14":"shipping-taxable","15":"purchasable","16":"product-type-simple"},"_links":{"self":[{"href":"https:\/\/birdbusters.eu\/lt\/wp-json\/wp\/v2\/product\/9242","targetHints":{"allow":["GET"]}}],"collection":[{"href":"https:\/\/birdbusters.eu\/lt\/wp-json\/wp\/v2\/product"}],"about":[{"href":"https:\/\/birdbusters.eu\/lt\/wp-json\/wp\/v2\/types\/product"}],"wp:featuredmedia":[{"embeddable":true,"href":"https:\/\/birdbusters.eu\/lt\/wp-json\/wp\/v2\/media\/9243"}],"wp:attachment":[{"href":"https:\/\/birdbusters.eu\/lt\/wp-json\/wp\/v2\/media?parent=9242"}],"wp:term":[{"taxonomy":"product_brand","embeddable":true,"href":"https:\/\/birdbusters.eu\/lt\/wp-json\/wp\/v2\/product_brand?post=9242"},{"taxonomy":"product_cat","embeddable":true,"href":"https:\/\/birdbusters.eu\/lt\/wp-json\/wp\/v2\/product_cat?post=9242"},{"taxonomy":"product_tag","embeddable":true,"href":"https:\/\/birdbusters.eu\/lt\/wp-json\/wp\/v2\/product_tag?post=9242"}],"curies":[{"name":"wp","href":"https:\/\/api.w.org\/{rel}","templated":true}]}}