{"id":9246,"date":"2015-09-09T14:26:17","date_gmt":"2015-09-09T12:26:17","guid":{"rendered":"https:\/\/birdbusters.eu\/product\/bird-scarer-kite-7m\/"},"modified":"2024-05-10T16:16:17","modified_gmt":"2024-05-10T14:16:17","slug":"pauksciu-baidykle-vanagas-su-strypu-7-m-ir-laikikliu","status":"publish","type":"product","link":"https:\/\/birdbusters.eu\/lt\/produktas\/pauksciu-baidykle-vanagas-su-strypu-7-m-ir-laikikliu\/","title":{"rendered":"Pauk\u0161\u010di\u0173 Baidykl\u0117 &#8211; Vanagas (su strypu 7 m ir laikikliu)"},"content":{"rendered":"<div class=\"page\" title=\"Page 2\">\n<div class=\"layoutArea\">\n<div class=\"column\">\n<p><strong>Kaip veikia<\/strong>: Pauk\u0161\u010di\u0173 Baidykl\u0117 &#8211; Vanagas su strypu ir laikikliu tvirtinamas ant 7 metr\u0173 teleskopinio strypo ir net esant menkiausiam v\u0117jui pradeda jud\u0117ti, imituodamas vanago judesius prie\u0161 manevruojant \u017eemyn paskui auk\u0105.<\/p>\n<p><strong>Atkreipkite d\u0117mes\u012f! <\/strong>Pauk\u0161\u010di\u0173 Baidykl\u0119 &#8211; Vanag\u0105 reikia patikrinti po poros dien\u0173, kad jis neapsivyniot\u0173 aplink stryp\u0105. Kad strypas nei\u0161irt\u0173, kiekvien\u0105 jungt\u012f reikia i\u0161ardyti atskirai ir tvirtinimui pasukti \u012f prie\u0161ingas puses.<\/p>\n<p>Komplekte yra laikiklis, teleskopinis stulpas ir aitvaras su virve.<\/p>\n<p><strong>Instrukcija angl\u0173 kalba:<\/strong> <a href=\"https:\/\/birdbusters.eu\/wp-content\/uploads\/2019\/03\/BB-Manual-DEMO.pdf\">Bird kite manual<\/a><\/p>\n<p>D\u0117mesio! Gaminys n\u0117ra skirtas naudoti labai v\u0117juotose vietose, tokiose kaip pakrant\u0117s ir auk\u0161tybiniai stogai, nes audra gali jam pakenkti.<\/p>\n<p>Kirai, baland\u017eiai ir strazdai gali b\u016bti tikras skausmas \u016bkininkams ir sodininkams, ar nam\u0173 savininkams. Pauk\u0161\u010diai tur\u0117t\u0173 b\u016bti laikomi toliau nuo nokstan\u010di\u0173 pas\u0117li\u0173 ir miestuose, kur kelia triuk\u0161m\u0105 ir ter\u0161ia.<\/p>\n<p style=\"text-align: justify;\">\n<\/div>\n<\/div>\n<\/div>\n","protected":false},"excerpt":{"rendered":"<div class=\"page\" title=\"Page 2\">\n<div class=\"layoutArea\">\n<div class=\"column\">\n<p>Pauk\u0161\u010di\u0173 Baidykl\u0117 &#8211; Vanagas pirmiausia taikosi \u012f <strong>ma\u017eus pauk\u0161\u010dius<\/strong>, bet atbaido ir didesnius pauk\u0161\u010dius, tokius kaip <strong>kirai ir baland\u017eiai<\/strong>.<\/p>\n<p><strong>Apsaugin\u0117s zonos:<\/strong> stogai, sodai, sodai su vaismed\u017eiais, uog\u0173 plantacijos, skverai, s\u0105vartynai, parkai.<\/p>\n<p><span style=\"color: #ff0000;\"><strong>NB! \u0160is gaminys netelpa \u012f pa\u0161tomatas. Kaip pristatymo b\u016bd\u0105 pasirinkite kurjer\u012f (Courier Standard).<\/strong><\/span><\/p>\n<p>https:\/\/youtu.be\/p6I04j4kwmo<\/p>\n<\/div>\n<\/div>\n<\/div>\n","protected":false},"featured_media":8504,"template":"","meta":{"_themeisle_gutenberg_block_has_review":false},"product_brand":[],"product_cat":[120,123],"product_tag":[],"class_list":{"0":"post-9246","1":"product","2":"type-product","3":"status-publish","4":"has-post-thumbnail","6":"product_cat-pauksciu-atgrasymo-prietaisai-lt","7":"product_cat-pauksciu-baidykles-lt","8":"product_shipping_class-pristatymo-vieta-lt","10":"first","11":"instock","12":"sale","13":"taxable","14":"shipping-taxable","15":"purchasable","16":"product-type-simple"},"_links":{"self":[{"href":"https:\/\/birdbusters.eu\/lt\/wp-json\/wp\/v2\/product\/9246","targetHints":{"allow":["GET"]}}],"collection":[{"href":"https:\/\/birdbusters.eu\/lt\/wp-json\/wp\/v2\/product"}],"about":[{"href":"https:\/\/birdbusters.eu\/lt\/wp-json\/wp\/v2\/types\/product"}],"wp:featuredmedia":[{"embeddable":true,"href":"https:\/\/birdbusters.eu\/lt\/wp-json\/wp\/v2\/media\/8504"}],"wp:attachment":[{"href":"https:\/\/birdbusters.eu\/lt\/wp-json\/wp\/v2\/media?parent=9246"}],"wp:term":[{"taxonomy":"product_brand","embeddable":true,"href":"https:\/\/birdbusters.eu\/lt\/wp-json\/wp\/v2\/product_brand?post=9246"},{"taxonomy":"product_cat","embeddable":true,"href":"https:\/\/birdbusters.eu\/lt\/wp-json\/wp\/v2\/product_cat?post=9246"},{"taxonomy":"product_tag","embeddable":true,"href":"https:\/\/birdbusters.eu\/lt\/wp-json\/wp\/v2\/product_tag?post=9246"}],"curies":[{"name":"wp","href":"https:\/\/api.w.org\/{rel}","templated":true}]}}