{"id":9255,"date":"2016-06-15T12:52:52","date_gmt":"2016-06-15T10:52:52","guid":{"rendered":"https:\/\/birdbusters.eu\/product\/bird-gard-super-pro-bird-repellent\/"},"modified":"2023-12-10T14:42:43","modified_gmt":"2023-12-10T13:42:43","slug":"garsine-pauksciu-baidykle-bird-gard-super-pro","status":"publish","type":"product","link":"https:\/\/birdbusters.eu\/lt\/produktas\/garsine-pauksciu-baidykle-bird-gard-super-pro\/","title":{"rendered":"Garsin\u0117 Pauk\u0161\u010di\u0173 Baidykl\u0117 Bird Gard Super Pro"},"content":{"rendered":"<p><strong>Garsin\u0117 Pauk\u0161\u010di\u0173 Baidykl\u0117 Bird Gard Super Pro naudoja korteles su garsais, kuriose \u012fra\u0161yti \u012fvairi\u0173 pl\u0117\u0161ri\u0173j\u0173 pauk\u0161\u010di\u0173 balsai, kurie atbaido pauk\u0161\u010dius. <\/strong><\/p>\n<p>Galima rinktis i\u0161 \u0161e\u0161i\u0173 skirting\u0173 gars\u0173 korteli\u0173. U\u017esakydami nurodykite kokius pauk\u0161\u010dius nor\u0117tum\u0117te atbaidyti, kad gal\u0117tume pasi\u016blyti Jums geriausi\u0105 gars\u0173 kortel\u0119.<\/p>\n<p>\u012erenginyje yra laidai su baterij\u0173 spaustukais (baterija ne\u012feina) ir 4 kryp\u010di\u0173 garsiakalbis.<\/p>\n<p>Garsiakalbis parduodamas be strypo, kaip parodyta paveiksl\u0117lyje.<\/p>\n<p><strong>Strypo skersmuo:<\/strong> nuo 27 mm<\/p>\n<p><strong>Plotas:<\/strong> 2,4 ha<\/p>\n<p><strong>Matmenys:<\/strong> 23 x 20,5 x 13 cm<\/p>\n<p><strong>Svoris:<\/strong> 3,2 kg<\/p>\n<p style=\"text-align: justify;\">Pagaminta JAV<\/p>\n<p style=\"text-align: justify;\">\n","protected":false},"excerpt":{"rendered":"<p>Garsin\u0117 Pauk\u0161\u010di\u0173 Baidykl\u0117 Bird Gard Super Pro yra skirta naudoti pramon\u0117je, tinkama teritorijose iki 2,4 ha.<\/p>\n<p><strong>Garsin\u0117 Pauk\u0161\u010di\u0173 Baidykl\u0117 Bird Gard Super Pro<\/strong> gali b\u016bti naudojamas fermose, soduose, pa\u0161ar\u0173 parduotuv\u0117se, tvartuose, uogynuose, oro uostuose ir daugelyje kit\u0173 viet\u0173, kur pauk\u0161\u010diai kelia nepatogum\u0173.<\/p>\n<p>https:\/\/youtu.be\/rBnHY4xFQBo<\/p>\n<p>&nbsp;<\/p>\n","protected":false},"featured_media":9259,"template":"","meta":{"_themeisle_gutenberg_block_has_review":false,"rank_math_focus_keyword":"Garsin\u0117 Pauk\u0161\u010di\u0173 Baidykl\u0117","rank_math_title":"Garsin\u0117 Pauk\u0161\u010di\u0173 Baidykl\u0117 Bird Gard Super Pro | BIRD BUSTERS","rank_math_description":"Garsin\u0117 Pauk\u0161\u010di\u0173 Baidykl\u0117 Bird Gard Super Pro naudoja korteles su garsais, kuriose \u012fra\u0161yti \u012fvairi\u0173 pl\u0117\u0161ri\u0173j\u0173 pauk\u0161\u010di\u0173 balsai, kurie atbaido pauk\u0161\u010dius.","rank_math_canonical_url":"","rank_math_facebook_title":"","rank_math_facebook_description":"","rank_math_facebook_image":"","rank_math_twitter_title":"","rank_math_twitter_description":"","rank_math_twitter_image":"","rank_math_schema_FAQPage":[]},"product_brand":[],"product_cat":[119,120],"product_tag":[],"class_list":{"0":"post-9255","1":"product","2":"type-product","3":"status-publish","4":"has-post-thumbnail","6":"product_cat-garsiniai-pauksciu-atgrasymo-prietaisai-lt","7":"product_cat-pauksciu-atgrasymo-prietaisai-lt","9":"first","10":"onbackorder","11":"taxable","12":"shipping-taxable","13":"purchasable","14":"product-type-simple"},"_links":{"self":[{"href":"https:\/\/birdbusters.eu\/lt\/wp-json\/wp\/v2\/product\/9255","targetHints":{"allow":["GET"]}}],"collection":[{"href":"https:\/\/birdbusters.eu\/lt\/wp-json\/wp\/v2\/product"}],"about":[{"href":"https:\/\/birdbusters.eu\/lt\/wp-json\/wp\/v2\/types\/product"}],"wp:featuredmedia":[{"embeddable":true,"href":"https:\/\/birdbusters.eu\/lt\/wp-json\/wp\/v2\/media\/9259"}],"wp:attachment":[{"href":"https:\/\/birdbusters.eu\/lt\/wp-json\/wp\/v2\/media?parent=9255"}],"wp:term":[{"taxonomy":"product_brand","embeddable":true,"href":"https:\/\/birdbusters.eu\/lt\/wp-json\/wp\/v2\/product_brand?post=9255"},{"taxonomy":"product_cat","embeddable":true,"href":"https:\/\/birdbusters.eu\/lt\/wp-json\/wp\/v2\/product_cat?post=9255"},{"taxonomy":"product_tag","embeddable":true,"href":"https:\/\/birdbusters.eu\/lt\/wp-json\/wp\/v2\/product_tag?post=9255"}],"curies":[{"name":"wp","href":"https:\/\/api.w.org\/{rel}","templated":true}]}}