{"id":9549,"date":"2023-01-18T15:21:47","date_gmt":"2023-01-18T14:21:47","guid":{"rendered":"https:\/\/birdbusters.eu\/?post_type=product&#038;p=9549"},"modified":"2025-11-07T10:58:31","modified_gmt":"2025-11-07T09:58:31","slug":"geniu-atgrasymo-priemone","status":"publish","type":"product","link":"https:\/\/birdbusters.eu\/lt\/produktas\/geniu-atgrasymo-priemone\/","title":{"rendered":"Geni\u0173 atgrasymo priemon\u0117"},"content":{"rendered":"<h2 class=\"text-xl font-bold text-text-100 mt-1 -mb-0.5\">Genio Atgrasytojas<\/h2>\n<p class=\"whitespace-normal break-words\">Genio apgaul\u0117, m\u016bs\u0173 efektyvus genio atgrasytojas, laiko tikrus genius toliau ir apsaugo j\u016bs\u0173 namus nuo j\u0173 \u017ealingos veiklos. \u0160i gyvenimi\u0161kai atrodanti apgaul\u0117 primena tikr\u0105 gen\u012f ir yra ne\u012fkainojamas \u012frankis j\u016bs\u0173 pauk\u0161\u010di\u0173 kontrol\u0117s arsenaluose. Pritvirtinta prie spyruokl\u0117s, apgaul\u0117 nat\u016braliai juda kartu su v\u0117ju, sukurdama \u012ftikinam\u0105 gyvojo pauk\u0161\u010dio iliuzij\u0105.<\/p>\n<p class=\"whitespace-normal break-words\">Apgaul\u0117je yra tvirtas pagrindas, lengvai montuojamas ant bet kurios sienos. Jo autenti\u0161kas i\u0161vaizda i\u0161naudoja geni\u0173 teritorin\u0119 prigimt\u012f. Kai tikras pauk\u0161tis pamato apgaul\u0119, jis instinktyviai tiki, kad teritorija jau u\u017eimta, ir persikelia \u012f nauj\u0105 viet\u0105.<\/p>\n<p class=\"whitespace-normal break-words\">Suprojektuotas ilgalaikiam lauko naudojimui, \u0161is genio atgrasytojas yra atsparus orams ir i\u0161laiko savo vientisum\u0105 visais met\u0173 laikais. \u0160is paprastas, ta\u010diau efektyvus sprendimas apsaugo j\u016bs\u0173 medines konstrukcijas nuo geni\u0173 nuolatinio beldimo.<\/p>\n<p class=\"whitespace-normal break-words\">Fig\u016bros auk\u0161tis yra 46 cm.<\/p>\n<h2 class=\"text-xl font-bold text-text-100 mt-1 -mb-0.5\">I\u0161laikykite savo nam\u0173 vientisum\u0105 ir estetik\u0105 su genio atgrasytoju<\/h2>\n<p class=\"whitespace-normal break-words\">Geni\u0173 atgrasymas yra svarbus siekiant i\u0161laikyti j\u016bs\u0173 nam\u0173 vientisum\u0105 ir estetik\u0105. \u0160ie pauk\u0161\u010diai yra nat\u016braliai link\u0119 gr\u0119\u017eti medien\u0105 d\u0117l keli\u0173 prie\u017eas\u010di\u0173.<\/p>\n<p class=\"whitespace-normal break-words\">Geniai pirmiausia gr\u0119\u017eia medien\u0105 ie\u0161kodami vabzd\u017ei\u0173. Jie sumaniai aptinka vabzd\u017ei\u0173 buvim\u0105 po medini\u0173 konstrukcij\u0173 pavir\u0161iumi, kuriuos jie i\u0161kapoja, kad pasiekt\u0173 savo kit\u0105 valg\u012f. \u0160is elgesys gali sukelti didel\u0119 \u017eal\u0105 medinei apmu\u0161alui, juostoms ir pastog\u0117ms, kai pauk\u0161\u010diai sukuria daugyb\u0119 skyli\u0173 ie\u0161kodami maisto. Laikui b\u0117gant \u0161ios skyl\u0117s gali pakenkti medienos strukt\u016briniam vientisumui.<\/p>\n<p class=\"whitespace-normal break-words\">Kita prie\u017eastis, kod\u0117l geniai taiko namus, yra lizd\u0173 k\u016brimo ir nakvyn\u0117s tikslai. Jie sukuria ertmes medienoje, kad pastatyt\u0173 savo lizdus arba rast\u0173 prieglobst\u012f, ypa\u010d per\u0117jimo sezono metu. \u0160ios ertm\u0117s gali b\u016bti didel\u0117s ir gilios.<\/p>\n<p class=\"whitespace-normal break-words\">Geniai taip pat naudoja savo b\u016bgn\u0173 elges\u012f, kad pa\u017eym\u0117t\u0173 teritorij\u0105 ir bendrauti su kitais geniais. Tai apima greit\u0105 beldim\u0105 rezonuojan\u010diais pavir\u0161iais, kad sukelt\u0173 gars\u0173 gars\u0105. Nors \u0161is elgesys ma\u017eiau susij\u0119s su maisto ar prieglobs\u010dio ie\u0161kojimu, jis vis tiek gadina j\u016bs\u0173 namus.<\/p>\n<h2 class=\"text-xl font-bold text-text-100 mt-1 -mb-0.5\">Da\u017eniausiai U\u017eduodami Klausimai<\/h2>\n<h3 class=\"text-lg font-bold text-text-100 mt-1 -mb-1.5\">Kaip su\u017einoti, ar turiu genio problem\u0105?<\/h3>\n<p class=\"whitespace-normal break-words\">Genio problemos po\u017eymiai apima nuolatini\u0173 b\u016bgn\u0173 gars\u0173 gird\u0117jim\u0105, skyli\u0173 radim\u0105 medin\u0117se konstrukcijose, geni\u0173 da\u017en\u0105 matym\u0105 aplink j\u016bs\u0173 nuosavyb\u0119 ir medienos dro\u017eli\u0173 ar \u0161iuk\u0161li\u0173 pasteb\u0117jim\u0105 netoli i\u0161gr\u0119\u017et\u0173 viet\u0173. Jei pastebite \u0161iuos po\u017eymius, geniai tikriausiai aktyv\u016bs j\u016bs\u0173 nuosavyb\u0117je.<\/p>\n<h3 class=\"text-lg font-bold text-text-100 mt-1 -mb-1.5\">Kokios \u017ealos geniai gali sukelti mano namams?<\/h3>\n<p class=\"whitespace-normal break-words\">Geniai gali sukelti didel\u0119 \u017eal\u0105 i\u0161gr\u0119\u017edami skyles medin\u0117je apmu\u0161ale, juostose, pastog\u0117se ir kitose medin\u0117se konstrukcijose. Tai gali sukelti strukt\u016brin\u012f silpn\u0117jim\u0105, vandens \u017eal\u0105 ir vabzd\u017ei\u0173 invazij\u0105.<\/p>\n<h3 class=\"text-lg font-bold text-text-100 mt-1 -mb-1.5\">Kod\u0117l geniai gr\u0119\u017eia mano namus?<\/h3>\n<p class=\"whitespace-normal break-words\">Geniai gr\u0119\u017eia namus pirmiausia ie\u0161kodami vabzd\u017ei\u0173, besislapstan\u010di\u0173 medienoje, sukurdami lizd\u0173 k\u016brimo ar nakvyn\u0117s vietas arba bendrauti ir pa\u017eym\u0117ti savo teritorij\u0105. J\u0173 b\u016bgn\u0173 garsas taip pat yra b\u016bdas pritraukti partnerius. Jei jie suranda tinkam\u0105 viet\u0105 j\u016bs\u0173 namuose, jie gali sukelti didel\u0119 \u017eal\u0105 laikui b\u0117gant.<\/p>\n<h3 class=\"text-lg font-bold text-text-100 mt-1 -mb-1.5\">Ar \u0161i genio apgaul\u0117 tikrai veikia?<\/h3>\n<p class=\"whitespace-normal break-words\">Taip, genio apgaul\u0117 gali b\u016bti veiksminga, nes geniai yra teritoriniai ir vengia viet\u0173, kurios atrodo u\u017eimtos kit\u0173 geni\u0173. Apgaul\u0117, imituojanti genio i\u0161vaizd\u0105, gali apgauti pauk\u0161\u010dius manant, kad teritorija jau u\u017eimta.<\/p>\n<h3 class=\"text-lg font-bold text-text-100 mt-1 -mb-1.5\">Ar geniai gali sugadinti kitas mano nuosavyb\u0117s dalis be medini\u0173 konstrukcij\u0173?<\/h3>\n<p class=\"whitespace-normal break-words\">Nors geniai pirmiausia taiko medines konstrukcijas, jie taip pat gali sugadinti kitas j\u016bs\u0173 nuosavyb\u0117s dalis, tokias kaip tinkas, metalas ir sintetin\u0117 apmu\u0161alai, jei jie b\u016bgnuoja, kad pa\u017eym\u0117t\u0173 teritorij\u0105. Jie taip pat gali sugadinti med\u017eius gr\u0119\u017edami juos, kad rast\u0173 vabzd\u017eius arba sukurt\u0173 lizd\u0173 k\u016brimo vietas.<\/p>\n<h3 class=\"text-lg font-bold text-text-100 mt-1 -mb-1.5\">Ar yra konkre\u010di\u0173 met\u0173 laik\u0173, kai genio aktyvumas yra didesnis?<\/h3>\n<p class=\"whitespace-normal break-words\">Genio aktyvumas paprastai yra didesnis pavasar\u012f ir ruden\u012f. Pavasar\u012f geniai ie\u0161ko partneri\u0173 ir lizd\u0173 k\u016brimo viet\u0173, kas veda prie padid\u0117jusio b\u016bgnavimo ir gr\u0119\u017eimo. Rudens aktyvumas gali padid\u0117ti, kai jie ruo\u0161iasi \u017eiemai ir \u012fkuria teritorijas.<\/p>\n<h3 class=\"text-lg font-bold text-text-100 mt-1 -mb-1.5\">Ar tur\u0117\u010diau naudoti kelis genio atgrasytojus vienu metu?<\/h3>\n<p class=\"whitespace-normal break-words\">Taip, keli\u0173 genio atgrasytoj\u0173 naudojimas vienu metu gali b\u016bti labai veiksmingas. Genio apgaul\u0117s derinimas su atspindin\u010dia juosta padarys nuosavyb\u0119 ma\u017eiau patraukli\u0105 geniams.<\/p>\n","protected":false},"excerpt":{"rendered":"<p>Kai d\u0117m\u0117tasis genys ima niokoti namus ir stogus &#8211; tai gali virsti rimta problema. Geniai savo teritorijoje nepaken\u010dia kito genio. Realisti\u0161ka d\u0117m\u0117tojo genio fig\u016bra atbaido kitus genius nuo nam\u0173 sien\u0173, v\u0117jo d\u0117\u017ei\u0173 ir nuo vis\u0173 kit\u0173 objekt\u0173, kur genys gali pridaryti daug \u017ealos.<\/p>\n<p>[yasr_multiset setid=0]<\/p>\n","protected":false},"featured_media":9570,"template":"","meta":{"_themeisle_gutenberg_block_has_review":false},"product_brand":[],"product_cat":[120,121],"product_tag":[],"class_list":{"0":"post-9549","1":"product","2":"type-product","3":"status-publish","4":"has-post-thumbnail","6":"product_cat-pauksciu-atgrasymo-prietaisai-lt","7":"product_cat-vizualiniai-pauksciu-atgrasymo-prietaisai-lt","9":"first","10":"instock","11":"taxable","12":"shipping-taxable","13":"purchasable","14":"product-type-simple"},"_links":{"self":[{"href":"https:\/\/birdbusters.eu\/lt\/wp-json\/wp\/v2\/product\/9549","targetHints":{"allow":["GET"]}}],"collection":[{"href":"https:\/\/birdbusters.eu\/lt\/wp-json\/wp\/v2\/product"}],"about":[{"href":"https:\/\/birdbusters.eu\/lt\/wp-json\/wp\/v2\/types\/product"}],"wp:featuredmedia":[{"embeddable":true,"href":"https:\/\/birdbusters.eu\/lt\/wp-json\/wp\/v2\/media\/9570"}],"wp:attachment":[{"href":"https:\/\/birdbusters.eu\/lt\/wp-json\/wp\/v2\/media?parent=9549"}],"wp:term":[{"taxonomy":"product_brand","embeddable":true,"href":"https:\/\/birdbusters.eu\/lt\/wp-json\/wp\/v2\/product_brand?post=9549"},{"taxonomy":"product_cat","embeddable":true,"href":"https:\/\/birdbusters.eu\/lt\/wp-json\/wp\/v2\/product_cat?post=9549"},{"taxonomy":"product_tag","embeddable":true,"href":"https:\/\/birdbusters.eu\/lt\/wp-json\/wp\/v2\/product_tag?post=9549"}],"curies":[{"name":"wp","href":"https:\/\/api.w.org\/{rel}","templated":true}]}}