{"id":9627,"date":"2023-01-20T16:49:29","date_gmt":"2023-01-20T15:49:29","guid":{"rendered":"https:\/\/birdbusters.eu\/product\/mole-repellent\/"},"modified":"2025-12-10T13:55:40","modified_gmt":"2025-12-10T12:55:40","slug":"kurmiu-baidykle","status":"publish","type":"product","link":"https:\/\/birdbusters.eu\/lt\/produktas\/kurmiu-baidykle\/","title":{"rendered":"Kurmi\u0173 baidykl\u0117 \u2013 veiksmingas ir ekologi\u0161kas b\u016bdas apsaugoti sod\u0105"},"content":{"rendered":"<p data-start=\"243\" data-end=\"562\">Jei pasteb\u0117jote keistas \u017eem\u0117s kr\u016bvas ar augalai staiga nuvysta, kaltininkas grei\u010diausiai yra kurmis. \u0160ie ma\u017ei kas\u0117jai gali padaryti didel\u0119 \u017eal\u0105 j\u016bs\u0173 vejai, g\u0117lynams ar dar\u017eui.<br data-start=\"418\" data-end=\"421\" \/><strong data-start=\"421\" data-end=\"440\">Kurmi\u0173 baidykl\u0117<\/strong> \u2013 tai nat\u016bralus ir veiksmingas b\u016bdas i\u0161laikyti \u0161iuos kenk\u0117jus atokiau be nuod\u0173, sp\u0105st\u0173 ar pavojing\u0173 chemini\u0173 priemoni\u0173.<\/p>\n<p data-start=\"564\" data-end=\"822\">\u0160i aplinkai draugi\u0161ka <strong data-start=\"586\" data-end=\"605\">kurmi\u0173 baidykl\u0117<\/strong> sukurta specialiai Lietuvos klimatui ir dirvo\u017eemiui. Ji sujungia garso ir vibracijos technologijas, kurios kurmiams sukelia diskomfort\u0105, tod\u0117l jie pasitraukia \u012f kit\u0105 viet\u0105 \u2013 nepakenkiant nei gyv\u016bnams, nei augalams.<\/p>\n<h3 data-start=\"1617\" data-end=\"1643\">\ud83d\udccf Technin\u0117s savyb\u0117s<\/h3>\n<div class=\"TyagGW_tableContainer\">\n<div class=\"group TyagGW_tableWrapper flex w-fit flex-col-reverse\" tabindex=\"-1\">\n<table class=\"w-fit min-w-(--thread-content-width)\" data-start=\"1645\" data-end=\"1974\">\n<thead data-start=\"1645\" data-end=\"1665\">\n<tr data-start=\"1645\" data-end=\"1665\">\n<th data-start=\"1645\" data-end=\"1654\" data-col-size=\"sm\">Savyb\u0117<\/th>\n<th data-start=\"1654\" data-end=\"1665\" data-col-size=\"sm\">Reik\u0161m\u0117<\/th>\n<\/tr>\n<\/thead>\n<tbody data-start=\"1688\" data-end=\"1974\">\n<tr data-start=\"1688\" data-end=\"1748\">\n<td data-start=\"1688\" data-end=\"1705\" data-col-size=\"sm\">Veikimo plotas<\/td>\n<td data-start=\"1705\" data-end=\"1748\" data-col-size=\"sm\">Apie 1500 m\u00b2 (priklauso nuo dirvo\u017eemio)<\/td>\n<\/tr>\n<tr data-start=\"1749\" data-end=\"1796\">\n<td data-start=\"1749\" data-end=\"1762\" data-col-size=\"sm\">Maitinimas<\/td>\n<td data-start=\"1762\" data-end=\"1796\" data-col-size=\"sm\">4 \u00d7 D baterijos (nepridedamos)<\/td>\n<\/tr>\n<tr data-start=\"1797\" data-end=\"1822\">\n<td data-start=\"1797\" data-end=\"1805\" data-col-size=\"sm\">Dydis<\/td>\n<td data-start=\"1805\" data-end=\"1822\" data-col-size=\"sm\">41,5 \u00d7 6,5 cm<\/td>\n<\/tr>\n<tr data-start=\"1823\" data-end=\"1841\">\n<td data-start=\"1823\" data-end=\"1832\" data-col-size=\"sm\">Svoris<\/td>\n<td data-start=\"1832\" data-end=\"1841\" data-col-size=\"sm\">370 g<\/td>\n<\/tr>\n<tr data-start=\"1842\" data-end=\"1891\">\n<td data-start=\"1842\" data-end=\"1854\" data-col-size=\"sm\">Med\u017eiagos<\/td>\n<td data-start=\"1854\" data-end=\"1891\" data-col-size=\"sm\">Aliuminis + tvirtas ABS plastikas<\/td>\n<\/tr>\n<tr data-start=\"1892\" data-end=\"1926\">\n<td data-start=\"1892\" data-end=\"1903\" data-col-size=\"sm\">Veikimas<\/td>\n<td data-start=\"1903\" data-end=\"1926\" data-col-size=\"sm\">Garsas ir vibracija<\/td>\n<\/tr>\n<tr data-start=\"1927\" data-end=\"1974\">\n<td data-start=\"1927\" data-end=\"1938\" data-col-size=\"sm\">Saugumas<\/td>\n<td data-start=\"1938\" data-end=\"1974\" data-col-size=\"sm\">Nepavojingas \u017emon\u0117ms ir gyv\u016bnams<\/td>\n<\/tr>\n<\/tbody>\n<\/table>\n<\/div>\n<\/div>\n<h3 data-start=\"1981\" data-end=\"2004\">\ud83c\udfe1 Lengva naudoti<\/h3>\n<ol data-start=\"2006\" data-end=\"2258\">\n<li data-start=\"2006\" data-end=\"2080\">\n<p data-start=\"2009\" data-end=\"2080\">\u012estatykite <strong data-start=\"2020\" data-end=\"2039\">kurmi\u0173 baidykl\u0119<\/strong> \u012f \u017eem\u0119 taip, kad vir\u0161us likt\u0173 matomas.<\/p>\n<\/li>\n<li data-start=\"2081\" data-end=\"2158\">\n<p data-start=\"2084\" data-end=\"2158\">Gerai suspauskite dirv\u0105 aplink \u012frengin\u012f, kad vibracija sklist\u0173 tolygiai.<\/p>\n<\/li>\n<li data-start=\"2159\" data-end=\"2258\">\n<p data-start=\"2162\" data-end=\"2258\">Kai baterijos i\u0161sikrauna, tiesiog i\u0161traukite \u012frengin\u012f, pakeiskite jas ir v\u0117l \u012fstatykite atgal.<\/p>\n<\/li>\n<\/ol>\n<h3 data-start=\"2265\" data-end=\"2294\">\ud83c\udf3e Klient\u0173 atsiliepimai<\/h3>\n<blockquote data-start=\"2296\" data-end=\"2422\">\n<p data-start=\"2298\" data-end=\"2422\">\u201eTur\u0117jome daug kurmi\u0173 sode. Po dviej\u0173 savai\u010di\u0173 su \u0161iuo prietaisu j\u0173 visi\u0161kai nebeliko. Puikiai veikia!\u201c<br data-start=\"2401\" data-end=\"2404\" \/>\u2013 R\u016bta, Kaunas<\/p>\n<\/blockquote>\n<blockquote data-start=\"2424\" data-end=\"2571\">\n<p data-start=\"2426\" data-end=\"2571\">\u201eI\u0161band\u017eiau daugyb\u0119 b\u016bd\u0173, bet tik \u0161i <strong data-start=\"2463\" data-end=\"2482\">kurmi\u0173 baidykl\u0117<\/strong> pad\u0117jo visam sezonui. Veikia tyliai ir netrukdo pjauti \u017eol\u0117s.\u201c<br data-start=\"2545\" data-end=\"2548\" \/>\u2013 Antanas, \u0160iauliai<\/p>\n<\/blockquote>\n<h3 data-start=\"2578\" data-end=\"2636\">\ud83d\udca1 Kod\u0117l verta rinktis \u201eBirdbusters\u201c kurmi\u0173 baidykl\u0119<\/h3>\n<ul data-start=\"2638\" data-end=\"2846\">\n<li data-start=\"2638\" data-end=\"2684\">\n<p data-start=\"2640\" data-end=\"2684\">Efektyvi ir humani\u0161ka apsauga be chemikal\u0173<\/p>\n<\/li>\n<li data-start=\"2685\" data-end=\"2737\">\n<p data-start=\"2687\" data-end=\"2737\">Tinka \u012fvairiems dirvo\u017eemio tipams, ypa\u010d molingam<\/p>\n<\/li>\n<li data-start=\"2738\" data-end=\"2788\">\n<p data-start=\"2740\" data-end=\"2788\">Ilgaam\u017eis, ekonomi\u0161kas ir patikimas sprendimas<\/p>\n<\/li>\n<li data-start=\"2789\" data-end=\"2846\">\n<p data-start=\"2791\" data-end=\"2846\">Aplinkai draugi\u0161kas pasirinkimas su patikrinta kokybe<\/p>\n<\/li>\n<\/ul>\n<h3 data-start=\"2853\" data-end=\"2899\">\ud83d\udcac Da\u017eniausiai u\u017eduodami klausimai (DUK)<\/h3>\n<p data-start=\"2901\" data-end=\"3032\"><strong data-start=\"2901\" data-end=\"2952\">\u2753 Koki\u0105 teritorij\u0105 apima viena kurmi\u0173 baidykl\u0117?<\/strong><br data-start=\"2952\" data-end=\"2955\" \/>Vienas \u012frenginys veikia iki 1500 m\u00b2 priklausomai nuo dirvo\u017eemio strukt\u016bros.<\/p>\n<p data-start=\"3034\" data-end=\"3134\"><strong data-start=\"3034\" data-end=\"3068\">\u2753 Kiek laiko veikia baterijos?<\/strong><br data-start=\"3068\" data-end=\"3071\" \/>4 \u00d7 D baterij\u0173 u\u017etenka iki 3 m\u0117nesi\u0173 nepertraukiamo veikimo.<\/p>\n<p data-start=\"3136\" data-end=\"3260\"><strong data-start=\"3136\" data-end=\"3171\">\u2753 Ar saugu vaikams ir gyv\u016bnams?<\/strong><br data-start=\"3171\" data-end=\"3174\" \/>Taip, visi\u0161kai. Prietaisas neskleid\u017eia pavojingo spinduliavimo ar chemini\u0173 med\u017eiag\u0173.<\/p>\n<p data-start=\"3262\" data-end=\"3375\"><strong data-start=\"3262\" data-end=\"3292\">\u2753 Ar galima naudoti \u017eiem\u0105?<\/strong><br data-start=\"3292\" data-end=\"3295\" \/>Taip, \u012frenginys atsparus dr\u0117gmei ir \u0161al\u010diui, tod\u0117l tinka visiems met\u0173 laikams.<\/p>\n<p data-start=\"3377\" data-end=\"3513\"><strong data-start=\"3377\" data-end=\"3409\">\u2753 Kada pamatysiu rezultatus?<\/strong><br data-start=\"3409\" data-end=\"3412\" \/>Paprastai per 1\u20132 savaites nuo \u012frenginio \u012fdiegimo, kai vibracijos pradeda trikdyti kurmi\u0173 tunelius.<\/p>\n","protected":false},"excerpt":{"rendered":"<h3 data-start=\"829\" data-end=\"865\">\u2699\ufe0f Kaip veikia kurmi\u0173 baidykl\u0117<\/h3>\n<p data-start=\"867\" data-end=\"1090\">Prietaisas reguliariai skleid\u017eia \u017eemo da\u017enio gars\u0105 ir vibracij\u0105, kuri plinta per \u017eem\u0119.<br data-start=\"953\" data-end=\"956\" \/>Kurmiams ir kitiems grau\u017eikams, pavyzd\u017eiui, pel\u0117ms ar vandens \u017eiurk\u0117ms, \u0161ie signalai atrodo gr\u0117smingi, tod\u0117l jie palieka teritorij\u0105.<\/p>\n<p data-start=\"1092\" data-end=\"1259\">Technologija visi\u0161kai saugi \u017emon\u0117ms, augintiniams ir augalams.<br data-start=\"1154\" data-end=\"1157\" \/>Skirtingai nuo nuod\u0173 ar sp\u0105st\u0173, <strong data-start=\"1189\" data-end=\"1208\">kurmi\u0173 baidykl\u0117<\/strong> gyv\u016bn\u0173 nenu\u017eudo \u2013 ji tik atbaido nat\u016braliu b\u016bdu.<\/p>\n<h3 data-start=\"1266\" data-end=\"1308\">\ud83c\udf3f Ekologi\u0161kas ir patogus sprendimas<\/h3>\n<ul data-start=\"1310\" data-end=\"1610\">\n<li data-start=\"1310\" data-end=\"1343\">\n<p data-start=\"1312\" data-end=\"1343\">Be nuod\u0173 ir chemini\u0173 med\u017eiag\u0173<\/p>\n<\/li>\n<li data-start=\"1344\" data-end=\"1392\">\n<p data-start=\"1346\" data-end=\"1392\">Nereikia prie\u017ei\u016bros ar nuolatin\u0117s steb\u0117senos<\/p>\n<\/li>\n<li data-start=\"1393\" data-end=\"1436\">\n<p data-start=\"1395\" data-end=\"1436\">Veikia su 4 \u00d7 D tipo baterijomis (LR20)<\/p>\n<\/li>\n<li data-start=\"1437\" data-end=\"1489\">\n<p data-start=\"1439\" data-end=\"1489\">Vienas baterij\u0173 komplektas veikia iki 10 m\u0117nesi\u0173<\/p>\n<\/li>\n<li data-start=\"1490\" data-end=\"1566\">\n<p data-start=\"1492\" data-end=\"1566\">Atsparus vandeniui (IPX6) ir oro s\u0105lygoms \u2013 tinkamas naudoti visus metus<\/p>\n<\/li>\n<li data-start=\"1567\" data-end=\"1610\">\n<p data-start=\"1569\" data-end=\"1610\">Saugu vaikams, augintiniams ir aplinkai<\/p>\n<\/li>\n<\/ul>\n","protected":false},"featured_media":13840,"template":"","meta":{"_themeisle_gutenberg_block_has_review":false},"product_brand":[],"product_cat":[167],"product_tag":[],"class_list":{"0":"post-9627","1":"product","2":"type-product","3":"status-publish","4":"has-post-thumbnail","6":"product_cat-kurmiu-baidykle-ir-gyvunu-atbaidytuvas","8":"first","9":"instock","10":"taxable","11":"shipping-taxable","12":"purchasable","13":"product-type-simple"},"_links":{"self":[{"href":"https:\/\/birdbusters.eu\/lt\/wp-json\/wp\/v2\/product\/9627","targetHints":{"allow":["GET"]}}],"collection":[{"href":"https:\/\/birdbusters.eu\/lt\/wp-json\/wp\/v2\/product"}],"about":[{"href":"https:\/\/birdbusters.eu\/lt\/wp-json\/wp\/v2\/types\/product"}],"wp:featuredmedia":[{"embeddable":true,"href":"https:\/\/birdbusters.eu\/lt\/wp-json\/wp\/v2\/media\/13840"}],"wp:attachment":[{"href":"https:\/\/birdbusters.eu\/lt\/wp-json\/wp\/v2\/media?parent=9627"}],"wp:term":[{"taxonomy":"product_brand","embeddable":true,"href":"https:\/\/birdbusters.eu\/lt\/wp-json\/wp\/v2\/product_brand?post=9627"},{"taxonomy":"product_cat","embeddable":true,"href":"https:\/\/birdbusters.eu\/lt\/wp-json\/wp\/v2\/product_cat?post=9627"},{"taxonomy":"product_tag","embeddable":true,"href":"https:\/\/birdbusters.eu\/lt\/wp-json\/wp\/v2\/product_tag?post=9627"}],"curies":[{"name":"wp","href":"https:\/\/api.w.org\/{rel}","templated":true}]}}