{"id":1783,"date":"2019-05-26T13:43:51","date_gmt":"2019-05-26T11:43:51","guid":{"rendered":"https:\/\/birdbusters.eu\/lietosanas-noteikumi\/"},"modified":"2026-02-23T14:39:45","modified_gmt":"2026-02-23T13:39:45","slug":"lietosanas-noteikumi","status":"publish","type":"page","link":"https:\/\/birdbusters.eu\/lv\/lietosanas-noteikumi\/","title":{"rendered":"INTERNETA VEIKALA TIRDZNIEC\u012aBAS NOTEIKUMI"},"content":{"rendered":"<p>Interneta veikala birdbusters.eu (turpm\u0101k Interneta veikals) \u012bpa\u0161nieks ir Salu OU\u0308 (re\u0123istra kods 12600389), adrese Kunderi 27-10, Tallina.<\/p>\n<p><strong>Tirdzniec\u012bbas l\u012bguma sp\u0113k\u0101 esam\u012bba, inform\u0101cija par prec\u0113m un cen\u0101m<\/strong><\/p>\n<p>Tirdzniec\u012bbas noteikumi ir sp\u0113k\u0101 ieg\u0101d\u0101joties preces no Interneta veikala.<\/p>\n<p>Interneta veikal\u0101 p\u0101rdodamo produktu cenas ir nor\u0101d\u012btas pie produktiem. Cenai tiek pievienota maksa par pre\u010du pieg\u0101di. Visas cenas ir pieejamas eiro (EUR), Zviedrijas kron\u0101s (SEK) un \u0160veices frankos (CHF).<\/p>\n<p>Pre\u010du pieg\u0101des maksa ir atkar\u012bga no pirc\u0113ja atra\u0161an\u0101s vietas un pieg\u0101des veida. Pieg\u0101des maksa pirc\u0113jam tiek att\u0113lota noform\u0113jot pas\u016bt\u012bjumu.<\/p>\n<p>Inform\u0101cija par prec\u0113m ir nor\u0101d\u012bta Interneta veikal\u0101 tie\u0161i blakus prec\u0113m.<\/p>\n<p><strong>Pas\u016bt\u012bjuma noform\u0113\u0161ana<\/strong><\/p>\n<p>Lai pas\u016bt\u012btu preces, v\u0113lamie produkti j\u0101pievieno produktu grozam. Lai noform\u0113tu pas\u016bt\u012bjumu, ir j\u0101aizpilda pras\u012btie datu lauki un j\u0101izv\u0113las piem\u0113rots produktu pieg\u0101des veids. P\u0113c tam uz ekr\u0101na tiek att\u0113lota summa, ko var dro\u0161i apmaks\u0101t ar bankas saiti vai izmantojot k\u0101du citu apmaksas risin\u0101jumu.<\/p>\n<p>Interneta veikal\u0101 ir iesp\u0113jams nor\u0113\u0137in\u0101ties no \u0161\u0101d\u0101m bank\u0101m:<\/p>\n<ul>\n<li>Latvija: Swedbank, SEB, Citadele, Luminor;<\/li>\n<li>Lietuva: Swedbank, SEB, Luminor;<\/li>\n<li>Somija: Danske, Handelsbanken, Nordea, Oma S\u00e4\u00e4stopankki, Pohjala, Aktia, \u00c5landsbanken, POP Pankki, S-Pankki, S\u00e4\u00e4stopankki.<\/li>\n<\/ul>\n<p>Turkl\u0101t interneta veikals pied\u0101v\u0101 iesp\u0113ju izmantot PayPal, maks\u0101t ar Visa un Mastercard.<\/p>\n<p>NB! Veicot apmaksu ar bankas saiti, bankas lap\u0101 oblig\u0101ti j\u0101nospie\u017e poga \u201eAtpaka\u013c pie pakalpojuma sniedz\u0113ja\u201c.<\/p>\n<p>P\u0113c pirkuma noform\u0113\u0161anas uz pirc\u0113ja e-pasta adresi tiek nos\u016bt\u012bts pas\u016bt\u012bjuma apstiprin\u0101jums un r\u0113\u0137ins. Ja desmit min\u016b\u0161u laik\u0101 apstiprin\u0101jums e-past\u0101 nav sa\u0146emts, l\u016bdzam sazin\u0101ties ar mums ar e-pasta starpniec\u012bbu <a href=\"https:\/\/birdbusters.eu\/lv\/lietosanas-noteikumi\/\">birdbusters.eu<\/a> vai pa t\u0101lruni +3725267138. Klientu atbalsts ir igau\u0146u, ang\u013cu un krievu valod\u0101.<\/p>\n<p>L\u012bgums st\u0101jas sp\u0113k\u0101 no br\u012b\u017ea, kad apmaks\u0101jam\u0101 summa ir p\u0101rskait\u012bta uz Interneta veikala nor\u0113\u0137inu kontu.<\/p>\n<p>Ja pas\u016bt\u012bto preci nav iesp\u0113jams pieg\u0101d\u0101t sakar\u0101 ar pre\u010du izpirk\u0161anu vai cita iemesla d\u0113\u013c, pirc\u0113js par to tiek inform\u0113ts pie pirm\u0101s iesp\u0113jas un samaks\u0101t\u0101 nauda (ieskaitot pieg\u0101des izmaksas) tiek atmaks\u0101ta nekav\u0113joties, bet ne v\u0113l\u0101k k\u0101 14 dienu laik\u0101 p\u0113c pazi\u0146ojuma nos\u016bt\u012b\u0161anas.<\/p>\n<p><strong>Pieg\u0101de<\/strong><\/p>\n<p>Preces tiek izs\u016bt\u012btas vis\u0101 pasaul\u0113 &#8211; Eirop\u0101, \u0100zij\u0101, Dienvidamerik\u0101, Zieme\u013camerik\u0101 un Austr\u0101lij\u0101.<\/p>\n<p>Pre\u010du pieg\u0101dei pirc\u0113jam tiek pied\u0101v\u0101ti pakom\u0101ti un\/vai kurjers. To izv\u0113le pirc\u0113jam tiek att\u0113lota pirkuma noform\u0113\u0161anas laik\u0101, atbilsto\u0161i klienta atra\u0161an\u0101s vietai.<\/p>\n<p>Preces pieg\u0101des izmaksas sedz pirc\u0113js un atbilsto\u0161\u0101 inform\u0101cija par cenu ir nor\u0101d\u012bta blakus nos\u016bt\u012b\u0161anas veidam.<\/p>\n<p>S\u016bt\u012bjumi Igaunijas robe\u017e\u0101s parasti non\u0101k pirc\u0113ja nor\u0101d\u012btaj\u0101 galam\u0113r\u0137\u012b 3\u201310 darba dienu laik\u0101 p\u0113c p\u0101rdo\u0161anas l\u012bguma st\u0101\u0161an\u0101s sp\u0113k\u0101. Pieg\u0101de \u0101rpus Igaunijas notiek 1-3 ned\u0113\u013cu laik\u0101.<\/p>\n<p>Iz\u0146\u0113muma gad\u012bjumos ir ties\u012bbas pieg\u0101d\u0101t preces l\u012bdz 45 kalend\u0101raj\u0101m dien\u0101m.<\/p>\n<p>Ne interneta veikals ne kurjeruz\u0146\u0113mums neatbild par preces pieg\u0101des kav\u0113\u0161anos un ar to saist\u012btajiem p\u0101rpratumiem gad\u012bjum\u0101, ja kav\u0113\u0161an\u0101s vai p\u0101rpratums ir radies pirc\u0113jam nor\u0101dot neprec\u012bzus vai nepareizus datus noform\u0113jot pas\u016bt\u012bjumu.<\/p>\n<p>&nbsp;<\/p>\n<p><strong>Atgrie\u0161anas ties\u012bbas<\/strong><\/p>\n<p>P\u0113c pas\u016bt\u012bjuma sa\u0146em\u0161anas pirc\u0113jam ir ties\u012bbas atteikties no e-veikal\u0101 nosl\u0113gt\u0101 l\u012bguma 14 dienu laik\u0101.<\/p>\n<p>Atgrie\u0161anas ties\u012bbas nepiem\u0113ro, ja pirc\u0113js ir juridiska persona.<\/p>\n<p>Lai izmantotu 14 dienu atgrie\u0161anas ties\u012bbas, pas\u016bt\u012bt\u0101 prece nedr\u012bkst b\u016bt izmantota cit\u0101 veid\u0101, k\u0101 tas nepiecie\u0161ams, lai p\u0101rliecin\u0101tos par preces st\u0101vokli, \u012bpa\u0161\u012bb\u0101m un darb\u012bbu, k\u0101 tas ir at\u013cauts preces p\u0101rbaudei fizisk\u0101 veikal\u0101.<\/p>\n<p>Ja prece ir izmantota citam m\u0113r\u0137im, nek\u0101 vajadz\u012bgs, lai p\u0101rliecin\u0101tos par preces st\u0101vokli, \u012bpa\u0161\u012bb\u0101m vai darb\u012bbu vai tai ir lieto\u0161anas vai nolietojuma paz\u012bmes, Interneta veikalam ir ties\u012bbas samazin\u0101t atgrie\u017eamo summu atbilsto\u0161i preces v\u0113rt\u012bbas kritumam.<\/p>\n<p>Lai atgrieztu preci, preces pirkuma atteikums br\u012bv\u0101 form\u0101 j\u0101nos\u016bta uz e-pasta adresi info@birdbusters.eu ne v\u0113l\u0101k k\u0101 14 dienu laik\u0101 p\u0113c preces sa\u0146em\u0161anas.<\/p>\n<p>Preces atgrie\u0161anas izmaksas sedz pirc\u0113js, iz\u0146emot gad\u012bjum\u0101, ja atgrie\u0161anas iemesls pamatojas apst\u0101kl\u012b, ka atgrie\u017eam\u0101 prece neatbilst pas\u016bt\u012btajai (piem. nepareizs produkts vai produkts ar defektu).<\/p>\n<p>Pirc\u0113jam ir j\u0101atgrie\u017e preci 14 dienu laik\u0101 p\u0113c pieteikuma iesnieg\u0161anas vai j\u0101iesniedz pier\u0101d\u012bjums, ka vi\u0146\u0161 iepriek\u0161min\u0113taj\u0101 period\u0101 ir nodevis preci p\u0101rvad\u0101t\u0101jam.<\/p>\n<p>Sa\u0146emot atpaka\u013c nos\u016bt\u012bt\u0101s preces, interneta veikals pirc\u0113jam nekav\u0113joties, bet ne v\u0113l\u0101k k\u0101 14 dienu laik\u0101 p\u0113c atteikuma pieteikuma sa\u0146em\u0161anas, atgrie\u017e visu no pirc\u0113ja sa\u0146emto summu, pamatojoties uz l\u012bgumu.<\/p>\n<p>Interneta veikals var atteikties veikt atmaksu tik ilgi, kam\u0113r l\u012bguma priek\u0161met\u0101 eso\u0161\u0101 lieta ir sa\u0146emta atpaka\u013c vai l\u012bdz pirc\u0113js ir iesniedzis apliecin\u0101jumu, ka priek\u0161mets ir nos\u016bt\u012bts atpaka\u013c, atkar\u012bb\u0101 no t\u0101, kas notiek agr\u0101k.<\/p>\n<p>Ja pirc\u0113js no Interneta veikala pied\u0101v\u0101tajiem visl\u0113t\u0101kajiem, ierastajiem lietas pieg\u0101des veidiem ir izv\u0113l\u0113jies at\u0161\u0137ir\u012bgu pieg\u0101des veidu, Interneta veikalam nav j\u0101atgrie\u017e pat\u0113r\u0113t\u0101jam summu, kas p\u0101rsniedz izmaksas, kas saist\u012btas ar ierasto pieg\u0101des veidu.<\/p>\n<p>Interneta veikalam ir ties\u012bbas atteikties no p\u0101rdo\u0161anas dar\u012bjuma un piepras\u012bt atgriezt preci, ja preces cena interneta veikal\u0101 ir k\u013c\u016bdaini nor\u0101d\u012bta iev\u0113rojami zem\u0101ka nek\u0101 preces tirgus cena.<\/p>\n<p>Interneta veikalam ir ties\u012bbas vienpus\u0113ji main\u012bt eso\u0161os l\u012bguma noteikumus, un tam nav pien\u0101kuma par to rakstiski un ar e-vides starpniec\u012bbu inform\u0113t par to pirc\u0113jus. Interneta veikalam ir ties\u012bbas jebkur\u0101 laik\u0101 veikt cenu izmai\u0146as e-veikal\u0101. Ja pirc\u0113js ir iesniedzis pas\u016bt\u012bjumu pirms noteikumu mai\u0146as, tad sp\u0113k\u0101 ir vi\u0146a pirk\u0161anas-p\u0101rdo\u0161anas l\u012bguma pas\u016bt\u012bjuma br\u012bd\u012b noteiktie l\u012bguma noteikumi.<\/p>\n<p>&nbsp;<\/p>\n<p>Interneta veikals neatbild par iesp\u0113jamiem pirc\u0113ja zaud\u0113jumiem, kas radu\u0161ies tehnisku probl\u0113mu d\u0113\u013c (e-veikala lieto\u0161anas trauc\u0113jumi), t.sk. par nov\u0113lotu pas\u016bt\u012bt\u0101 produkta pieg\u0101di. Tas attiecas uz tehnisk\u0101m probl\u0113m\u0101m, kas nav atkar\u012bgas no p\u0101rdev\u0113ja, piem\u0113ram, interneta savienojuma p\u0101rtraukumiem, servera k\u013c\u016bm\u0113m, utt.<\/p>\n<p>&nbsp;<\/p>\n<p><strong>Preten<\/strong><strong>ziju iesnieg\u0161anas ties\u012bbas<\/strong><\/p>\n<p>Interneta veikals atbild par pirc\u0113jam p\u0101rdoto pre\u010du neatbilst\u012bbu l\u012bguma nosac\u012bjumiem vai tr\u016bkumiem, kas past\u0101v\u0113ja jau lietas nodo\u0161anas br\u012bd\u012b un kas par\u0101d\u0101s l\u012bdz divu gadu laik\u0101 no pre\u010du pieg\u0101des pirc\u0113jam. Tiek pie\u0146emts, ka pirmajos se\u0161os m\u0113ne\u0161os p\u0113c lietas nodo\u0161anas pirc\u0113jam tr\u016bkums past\u0101v\u0113ja jau lietas pieg\u0101des br\u012bd\u012b. Interneta veikala pien\u0101kums ir atsp\u0113kot attiec\u012bgo pie\u0146\u0113mumu.<\/p>\n<p>Atkl\u0101jot tr\u016bkumus, pirc\u0113jam v\u0113l\u0101kais divu m\u0113ne\u0161u laik\u0101 ir ties\u012bbas v\u0113rsties interneta veikal\u0101, nos\u016btot e-v\u0113stuli uz adresi info@birdbusters.eu vai zvanot pa t\u0101lruni +372 52671 38.<\/p>\n<p>Interneta veikals neatbild par tr\u016bkumiem, kas ir radu\u0161ies p\u0113c preces nodo\u0161anas pirc\u0113jam. Interneta veikals nerisina pretenzijas, ja preces defekts ir radies no produkta nepareizas izmanto\u0161anas vai produkta nolieto\u0161an\u0101s d\u0113\u013c.<\/p>\n<p>Ja Interneta veikal\u0101 ieg\u0101d\u0101tajai precei ir tr\u016bkumi, par ko ir atbild\u012bgs Interneta veikals, Interneta veikals labo vai aizvieto preci ar tr\u016bkumiem. Ja preci nav iesp\u0113jams nedz salabot, nedz aizvietot, Interneta veikals atgrie\u017e pirc\u0113jam visas ar p\u0101rdo\u0161anas l\u012bgumu saist\u012bt\u0101s izmaksas.<\/p>\n<p>Interneta veikals uz pat\u0113r\u0113t\u0101ja iesniegto s\u016bdz\u012bbu atbild rakstiski vai rakstiski reproduc\u0113jam\u0101 form\u0101 15 dienu laik\u0101.<\/p>\n<p><strong>Personas datu apstr\u0101de<\/strong><\/p>\n<p>Interneta veikals izmanto pirc\u0113ja ievad\u012btos personas datus tikai pas\u016bt\u012bjuma apstr\u0101dei un preces nos\u016bt\u012b\u0161anai pirc\u0113jam. Interneta veikala \u012bpa\u0161nieks Salu O\u00dc ir atbild\u012bgais personas datu apstr\u0101d\u0101t\u0101js un nodod personas datus pilnvarotajam partnerim Pakipoint O\u00dc, kas tos nodod transporta pakalpojumu uz\u0146\u0113mumam, lai pieg\u0101d\u0101tu preci. Maks\u0101jumu veik\u0161anai nepiecie\u0161amos personas datus Interneta veikals nodod pilnvarotajam apstr\u0101d\u0101t\u0101jam Maksekeskus AS.<\/p>\n<p><strong>Str\u012bdu risin\u0101\u0161ana<\/strong><\/p>\n<p>Ja pirc\u0113jam ir pretenzijas pret Interneta veikalu, ir j\u0101s\u016bta e-pasts uz adresi info@birdbusters.eu.<\/p>\n<p>Ja pirc\u0113js un Interneta veikals nesp\u0113j atrisin\u0101t str\u012bdu sarunu ce\u013c\u0101, tad pirc\u0113jam ir iesp\u0113ja v\u0113rsties Pat\u0113r\u0113t\u0101ju ties\u012bbu aizsardz\u012bbas centr\u0101. Ar procesa nosac\u012bjumiem var iepaz\u012bties un iesniegumu iesniegt\u00a0<a href=\"https:\/\/komisjon.ee\/et\/avalduse-esitamine\" target=\"_blank\" rel=\"noopener\">\u0161eit<\/a>. Pat\u0113r\u0113t\u0101ju ties\u012bbu aizsardz\u012bbas centra kompetenc\u0113 ir risin\u0101t pirc\u0113ja un Interneta veikala str\u012bdus, kas izriet no nosl\u0113gt\u0101 l\u012bguma. Pirc\u0113ja s\u016bdz\u012bbas izskat\u012b\u0161ana komisij\u0101 ir bezmaksas.<\/p>\n<p>Pirc\u0113js var v\u0113rsties Eiropas Savien\u012bbas pat\u0113r\u0113t\u0101ju str\u012bdu risino\u0161aj\u0101 <a href=\"https:\/\/ec.europa.eu\/consumers\/odr\/main\/index.cfm?event=main.home2.show&amp;lng=ET\" target=\"_blank\" rel=\"noopener\">platform\u0101<\/a>.<\/p>\n<p>&nbsp;<\/p>\n","protected":false},"excerpt":{"rendered":"<p>Interneta veikala birdbusters.eu (turpm\u0101k Interneta veikals) \u012bpa\u0161nieks ir Salu OU\u0308 (re\u0123istra kods 12600389), adrese Kunderi 27-10, Tallina. Tirdzniec\u012bbas l\u012bguma sp\u0113k\u0101 esam\u012bba, inform\u0101cija par prec\u0113m un cen\u0101m Tirdzniec\u012bbas noteikumi ir sp\u0113k\u0101 ieg\u0101d\u0101joties preces no Interneta veikala. Interneta veikal\u0101 p\u0101rdodamo produktu cenas ir nor\u0101d\u012btas pie produktiem. Cenai tiek pievienota maksa par pre\u010du pieg\u0101di. Visas cenas ir pieejamas [&hellip;]<\/p>\n","protected":false},"author":1,"featured_media":0,"parent":0,"menu_order":0,"comment_status":"closed","ping_status":"closed","template":"","meta":{"_themeisle_gutenberg_block_has_review":false,"footnotes":""},"class_list":["post-1783","page","type-page","status-publish","hentry"],"_links":{"self":[{"href":"https:\/\/birdbusters.eu\/lv\/wp-json\/wp\/v2\/pages\/1783","targetHints":{"allow":["GET"]}}],"collection":[{"href":"https:\/\/birdbusters.eu\/lv\/wp-json\/wp\/v2\/pages"}],"about":[{"href":"https:\/\/birdbusters.eu\/lv\/wp-json\/wp\/v2\/types\/page"}],"author":[{"embeddable":true,"href":"https:\/\/birdbusters.eu\/lv\/wp-json\/wp\/v2\/users\/1"}],"replies":[{"embeddable":true,"href":"https:\/\/birdbusters.eu\/lv\/wp-json\/wp\/v2\/comments?post=1783"}],"version-history":[{"count":5,"href":"https:\/\/birdbusters.eu\/lv\/wp-json\/wp\/v2\/pages\/1783\/revisions"}],"predecessor-version":[{"id":13760,"href":"https:\/\/birdbusters.eu\/lv\/wp-json\/wp\/v2\/pages\/1783\/revisions\/13760"}],"wp:attachment":[{"href":"https:\/\/birdbusters.eu\/lv\/wp-json\/wp\/v2\/media?parent=1783"}],"curies":[{"name":"wp","href":"https:\/\/api.w.org\/{rel}","templated":true}]}}