{"id":1799,"date":"2019-06-09T10:54:04","date_gmt":"2019-06-09T08:54:04","guid":{"rendered":"https:\/\/birdbusters.eu\/?page_id=1799"},"modified":"2019-07-15T09:51:17","modified_gmt":"2019-07-15T07:51:17","slug":"par-birdbusters","status":"publish","type":"page","link":"https:\/\/birdbusters.eu\/lv\/par-birdbusters\/","title":{"rendered":"Par Birdbusters"},"content":{"rendered":"<h2 style=\"text-align: justify;\"><strong>M\u016bsu st\u0101sts<\/strong><\/h2>\n<p style=\"text-align: justify;\">Viss s\u0101k\u0101s Eiropas saimniec\u012bb\u0101 Zieme\u013cigaunij\u0101, kur tika konstat\u0113ts, ka vilki sistem\u0101tiski uzbr\u016bk ait\u0101m. \u0160o savva\u013cas zv\u0113ru aizbaid\u012b\u0161anai izm\u0113\u0123in\u0101j\u0101m da\u017e\u0101dus pa\u0146\u0113mienus, bet vi\u0146i turpin\u0101ja atgriezties. To, protams, veicin\u0101ja\u00a0gadalaiks\u00a0\u2014 vasara, kad vilc\u0113ni bija pietiekami paaugu\u0161ies med\u012bbu apm\u0101c\u012bbai. Diem\u017e\u0113l m\u016bsu aitu gan\u0101mpulks bija ide\u0101li piem\u0113rots vi\u0146u praktiskaj\u0101m nodarb\u012bb\u0101m. Nav v\u0113rts pat piemin\u0113t, ka r\u012btos p\u013cava izskat\u012bj\u0101s neaprakst\u0101mi briesm\u012bgi. \u0160\u0101dos gad\u012bjumos Igaunij\u0101 tiek sniegts zin\u0101ms valsts atbalsts, tom\u0113r ar to nepietiek jauna gan\u0101mpulka izveido\u0161anai. Turkl\u0101t, protams, past\u0101v nebeidzama birokr\u0101tija.<img loading=\"lazy\" decoding=\"async\" class=\"alignright wp-image-110\" src=\"https:\/\/nirgu.ee\/wp-content\/uploads\/2015\/09\/Scaryman-5-388x300.jpg\" alt=\"\" width=\"302\" height=\"234\" title=\"\"><\/p>\n<p style=\"text-align: justify;\">T\u0101p\u0113c mums n\u0101c\u0101s izdom\u0101t ko citu, kas tie\u0161\u0101m darbojas. S\u0101k\u0101m mekl\u0113t citus efekt\u012bv\u0101kus veidus vilku aizbied\u0113\u0161anai. Viena no iesp\u0113j\u0101m, kas piesaist\u012bja m\u016bsu uzman\u012bbu, bija g\u0101zes lielgabals. M\u0113s \u0101tri noskaidroj\u0101m, ka Igaunij\u0101 tos neviens nep\u0101rdod, un ar da\u017e\u0101du kontaktu pal\u012bdz\u012bbu non\u0101c\u0101m Lietuv\u0101, kur ieguv\u0101m pirmo g\u0101zes lielgabalu.<\/p>\n<p style=\"text-align: justify;\">Diem\u017e\u0113l lielgabala r\u012bbieni bija p\u0101r\u0101k ska\u013ci, radot ait\u0101m nep\u0101rtrauktu stresu un ac\u012bmredzamus trauc\u0113jumus. T\u0101p\u0113c n\u0101c\u0101s atteikties no ska\u013cajiem r\u012bbieniem un p\u0101rdot lielgabalu. P\u0101rsteidzo\u0161i, ka kait\u0113k\u013cu atbaid\u012b\u0161anas l\u012bdzek\u013cu piepras\u012bjums pieauga tikt\u0101l, ka m\u0113s non\u0101c\u0101m l\u012bdz desmitiem g\u0101zes lielgabalu pas\u016bt\u012b\u0161anai citiem cilv\u0113kiem. Rezult\u0101ts bija viens\u00a0\u2014 e-veikals Nirgu (Birdbusters.eu igau\u0146u versija).<\/p>\n<p style=\"text-align: justify;\">Turkl\u0101t cilv\u0113ki s\u0101ka l\u016bgt padomus un sazin\u0101j\u0101s ar mums, pav\u0113stot par da\u017e\u0101d\u0101m \u013coti interesant\u0101m probl\u0113m\u0101m. Piem\u0113ram, k\u0101ds puisis s\u016bdz\u0113j\u0101s, ka putni, \u0161\u0137iet, no\u0137\u0113za tikai vi\u0146a automa\u0161\u012bnu. Neatkar\u012bgi no automa\u0161\u012bnas atra\u0161an\u0101s vietas putni ierad\u0101s to ap\u0137\u0113z\u012bt. Toreiz izr\u0101d\u012bj\u0101s, ka nereti st\u0101r\u0137i, \u0161\u0137iet, m\u0113\u0123ina nobied\u0113t cilv\u0113kus caur logiem vai stikla durv\u012bm, bet paties\u012bb\u0101 cen\u0161as aizbied\u0113t atspulg\u0101 redzamo \u201cotru st\u0101r\u0137i\u201d. M\u016bsdien\u0101s probl\u0113mas ar migr\u0113jo\u0161iem putniem ir ikdienas raizes, un daudz r\u016bpju sag\u0101d\u0101 kaijas un balo\u017ei uz jumtiem. Jaun\u0101k\u0101 \u201ctendence\u201d ir dze\u0146i, kuri, \u0161\u0137iet, v\u0113las nojaukt m\u0101jas\u00a0\u2014 vi\u0146i izv\u0113las koka sienu vai v\u0113jstiklu un s\u0101k to caurumot.<\/p>\n<h2 style=\"text-align: justify;\"><strong>M\u016bsu misija<\/strong><\/h2>\n<p>Patlaban mums jau ir vair\u0101k nek\u0101 1000\u00a0apmierin\u0101tu klientu.<\/p>\n<p>M\u016bsu kl\u0101st\u0101 ir iek\u013cauti vair\u0101k nek\u0101 50\u00a0atvair\u012bt\u0101ji, un to skaits past\u0101v\u012bgi aug, lai nodro\u0161in\u0101tu visefekt\u012bv\u0101kos pa\u0146\u0113mienus putnu un dz\u012bvnieku atva ir\u012b\u0161anai.<\/p>\n<p>M\u0113s past\u0101v\u012bgi mekl\u0113jam jaunus novatoriskus un efekt\u012bvus kait\u0113k\u013cu atbaid\u012b\u0161anas veidus.<\/p>\n<p>&nbsp;<\/p>\n<p>&nbsp;<\/p>\n<p>&nbsp;<\/p>\n","protected":false},"excerpt":{"rendered":"<p>M\u016bsu st\u0101sts Viss s\u0101k\u0101s Eiropas saimniec\u012bb\u0101 Zieme\u013cigaunij\u0101, kur tika konstat\u0113ts, ka vilki sistem\u0101tiski uzbr\u016bk ait\u0101m. \u0160o savva\u013cas zv\u0113ru aizbaid\u012b\u0161anai izm\u0113\u0123in\u0101j\u0101m da\u017e\u0101dus pa\u0146\u0113mienus, bet vi\u0146i turpin\u0101ja atgriezties. To, protams, veicin\u0101ja\u00a0gadalaiks\u00a0\u2014 vasara, kad vilc\u0113ni bija pietiekami paaugu\u0161ies med\u012bbu apm\u0101c\u012bbai. Diem\u017e\u0113l m\u016bsu aitu gan\u0101mpulks bija ide\u0101li piem\u0113rots vi\u0146u praktiskaj\u0101m nodarb\u012bb\u0101m. Nav v\u0113rts pat piemin\u0113t, ka r\u012btos p\u013cava izskat\u012bj\u0101s [&hellip;]<\/p>\n","protected":false},"author":1,"featured_media":0,"parent":0,"menu_order":0,"comment_status":"closed","ping_status":"closed","template":"","meta":{"_themeisle_gutenberg_block_has_review":false,"footnotes":""},"class_list":["post-1799","page","type-page","status-publish","hentry"],"_links":{"self":[{"href":"https:\/\/birdbusters.eu\/lv\/wp-json\/wp\/v2\/pages\/1799","targetHints":{"allow":["GET"]}}],"collection":[{"href":"https:\/\/birdbusters.eu\/lv\/wp-json\/wp\/v2\/pages"}],"about":[{"href":"https:\/\/birdbusters.eu\/lv\/wp-json\/wp\/v2\/types\/page"}],"author":[{"embeddable":true,"href":"https:\/\/birdbusters.eu\/lv\/wp-json\/wp\/v2\/users\/1"}],"replies":[{"embeddable":true,"href":"https:\/\/birdbusters.eu\/lv\/wp-json\/wp\/v2\/comments?post=1799"}],"version-history":[{"count":4,"href":"https:\/\/birdbusters.eu\/lv\/wp-json\/wp\/v2\/pages\/1799\/revisions"}],"predecessor-version":[{"id":1803,"href":"https:\/\/birdbusters.eu\/lv\/wp-json\/wp\/v2\/pages\/1799\/revisions\/1803"}],"wp:attachment":[{"href":"https:\/\/birdbusters.eu\/lv\/wp-json\/wp\/v2\/media?parent=1799"}],"curies":[{"name":"wp","href":"https:\/\/api.w.org\/{rel}","templated":true}]}}