{"id":1813,"date":"2019-06-09T12:15:52","date_gmt":"2019-06-09T10:15:52","guid":{"rendered":"https:\/\/birdbusters.eu\/nosutisana\/"},"modified":"2024-10-16T13:13:09","modified_gmt":"2024-10-16T11:13:09","slug":"nosutisana","status":"publish","type":"page","link":"https:\/\/birdbusters.eu\/lv\/nosutisana\/","title":{"rendered":"Nos\u016bt\u012b\u0161ana"},"content":{"rendered":"<h3><b><span data-contrast=\"auto\">PIEG\u0100DE<\/span><\/b><span data-ccp-props=\"{&quot;335559738&quot;:240,&quot;335559739&quot;:240}\">\u00a0<\/span><\/h3>\n<p><span data-contrast=\"auto\">Preces tiek pieg\u0101d\u0101tas vis\u0101 pasaul\u0113. L\u016bdzu, p\u0101rbaudiet pieejam\u0101s valstis iepirkumu groz\u0101. Ja j\u016bsu valsts nav iek\u013cauta sarakst\u0101, sazinieties ar mums, un, ja iesp\u0113jams, m\u0113s pievienosim j\u016bsu valsti.<\/span><span data-ccp-props=\"{&quot;335559738&quot;:240,&quot;335559739&quot;:240}\">\u00a0<\/span><\/p>\n<p><span data-contrast=\"auto\">Preces tiek pieg\u0101d\u0101tas paku termin\u0101\u013cos vai ar kurjera starpniec\u012bbu. Pieg\u0101des iesp\u0113jas tiek par\u0101d\u012btas p\u0113c galam\u0113r\u0137a valsts izv\u0113les un adreses ievad\u012b\u0161anas, veicot apkamksu.<\/span><span data-ccp-props=\"{&quot;335559738&quot;:240,&quot;335559739&quot;:240}\">\u00a0<\/span><\/p>\n<p><span data-contrast=\"auto\">Pirc\u0113js maks\u0101 par pieg\u0101di, un inform\u0101cija par cenu tiek par\u0101d\u012bta pie pieg\u0101des metodes.<\/span><span data-ccp-props=\"{&quot;335559738&quot;:240,&quot;335559739&quot;:240}\">\u00a0<\/span><\/p>\n<p><span data-contrast=\"auto\">Pieg\u0101des laiks at\u0161\u0137iras atkar\u012bb\u0101 no valsts un pieg\u0101des veida. Pas\u016bt\u012bjumi Igaunij\u0101, Somij\u0101, Latvij\u0101 un Lietuv\u0101 parasti tiek veikti 3-10 darba dienu laik\u0101 no pirkuma l\u012bguma sp\u0113k\u0101 st\u0101\u0161an\u0101s dienas. Pas\u016bt\u012bjumiem uz vis\u0101m Eiropas valst\u012bm tiek garant\u0113ta pieg\u0101de 18 darba dienu laik\u0101, bet pas\u016bt\u012bjumiem uz valst\u012bm \u0101rpus Eiropas Savien\u012bbas \u2013 l\u012bdz 5 ned\u0113\u013c\u0101m.<\/span><span data-ccp-props=\"{&quot;335559738&quot;:240,&quot;335559739&quot;:240}\">\u00a0<\/span><\/p>\n<p><span data-contrast=\"auto\">Pieg\u0101des laiks var b\u016bt ilg\u0101ks t\u0101dos saspringtos periodos k\u0101 Ziemassv\u0113tki un Meln\u0101 piektdiena.<\/span><span data-ccp-props=\"{&quot;335559738&quot;:240,&quot;335559739&quot;:240}\">\u00a0<\/span><\/p>\n<p><span data-contrast=\"auto\">M\u0113s neesam atbild\u012bgi par pieg\u0101des aizkav\u0113\u0161anos neparedz\u0113tu iemeslu d\u0113\u013c.<\/span><span data-ccp-props=\"{&quot;335559738&quot;:240,&quot;335559739&quot;:240}\">\u00a0<\/span><\/p>\n<p><span data-contrast=\"auto\">Pieg\u0101des laiku var ietekm\u0113t ar\u012b produkta pieejam\u012bba m\u016bsu noliktav\u0101. Iz\u0146\u0113muma gad\u012bjumos mums ir ties\u012bbas nos\u016bt\u012bt preces l\u012bdz 45 kalend\u0101raj\u0101m dien\u0101m.<\/span><span data-ccp-props=\"{&quot;335559738&quot;:240,&quot;335559739&quot;:240}\">\u00a0<\/span><\/p>\n<p><span data-contrast=\"auto\">M\u0113s j\u016bs inform\u0113sim par visiem mums zin\u0101majiem kav\u0113jumiem. Ja j\u016bsu pas\u016bt\u012bjums nav sa\u0146emts paredz\u0113taj\u0101 termi\u0146\u0101, sazinieties ar mums e-past\u0101 <\/span><a href=\"mailto:info@birdbusters.eu\"><span data-contrast=\"none\">info@birdbusters.eu<\/span><\/a><span data-contrast=\"auto\">.<\/span><span data-ccp-props=\"{&quot;335559738&quot;:240,&quot;335559739&quot;:240}\">\u00a0<\/span><\/p>\n<p><span data-contrast=\"auto\">Ne internetveikals, ne kurjerpasta uz\u0146\u0113mums nav atbild\u012bgs par pre\u010du pieg\u0101des kav\u0113jumiem un p\u0101rpratumiem, ja \u0161\u0101du kav\u0113jumu vai p\u0101rpratumu iemesls ir pirc\u0113ja neprec\u012bzu vai nepareizu datu nor\u0101d\u012b\u0161ana, noform\u0113jot pas\u016bt\u012bjumu.<\/span><span data-ccp-props=\"{&quot;335559738&quot;:240,&quot;335559739&quot;:240}\">\u00a0<\/span><\/p>\n<p><span data-contrast=\"auto\">Visi pas\u016bt\u012bjumi tiek nos\u016bt\u012bti no Eiropas Savien\u012bbas.<\/span><span data-ccp-props=\"{&quot;335559738&quot;:120,&quot;335559739&quot;:240}\">\u00a0<\/span><\/p>\n<h3><b><span data-contrast=\"auto\">ATGRIE\u0160ANAS POLITIKA <\/span><\/b><\/h3>\n<p><b><span data-contrast=\"auto\">Atgrie\u0161ana 14 dienu laik\u0101: <\/span><\/b><span data-contrast=\"auto\">J\u016bs varat atcelt savu pas\u016bt\u012bjumu un atgriezt produktus 14 dienu laik\u0101 p\u0113c pieg\u0101des. Laika atskaite s\u0101kas, kad j\u016bs vai j\u016bsu izv\u0113l\u0113ta tre\u0161\u0101 persona (nevis pieg\u0101des dienests) sa\u0146em produktus. Neaizmirstiet \u0161aj\u0101 laik\u0101 nos\u016bt\u012bt preces atpaka\u013c vai uzr\u0101d\u012bt atgrie\u0161anas apliecin\u0101jumu.<\/span><span data-ccp-props=\"{&quot;335559738&quot;:120,&quot;335559739&quot;:240}\">\u00a0<\/span><\/p>\n<p><b><span data-contrast=\"auto\">Atgrie\u0161anas nosac\u012bjumi:<\/span><\/b><span data-ccp-props=\"{&quot;335559738&quot;:240,&quot;335559739&quot;:240}\">\u00a0<\/span><\/p>\n<p><span data-contrast=\"auto\">Preces ir j\u0101nodod atpaka\u013c ori\u0123in\u0101laj\u0101 iepakojum\u0101 ar vis\u0101m eti\u0137et\u0113m. Ja ir boj\u0101ta cenu birka vai iepakojums, piem\u0113ro pamatotus iz\u0146\u0113mumus. Tom\u0113r lietotas preces nevar atdot atpaka\u013c.<\/span><span data-ccp-props=\"{&quot;335559738&quot;:240,&quot;335559739&quot;:240}\">\u00a0<\/span><\/p>\n<p><span data-contrast=\"auto\">Ja sa\u0146em\u0161anas br\u012bd\u012b s\u016bt\u012bjums \u0161\u0137iet boj\u0101ts, sa\u0146\u0113m\u0113jam <\/span><i><span data-contrast=\"auto\">pirms s\u016bt\u012bjuma atv\u0113r\u0161anas<\/span><\/i><span data-contrast=\"auto\"> ir skaidri j\u0101nofotograf\u0113 s\u016bt\u012bjums. \u0160ajos fotoatt\u0113los redzami iepakojuma \u0101r\u0113jie boj\u0101jumi. P\u0113c tam sa\u0146\u0113m\u0113jam p\u0113c iesp\u0113jas \u0101tr\u0101k j\u0101nos\u016bta att\u0113li kop\u0101 ar pas\u016bt\u012bjuma numuru un \u012bsu boj\u0101juma aprakstu m\u016bsu klientu apkalpo\u0161anas noda\u013cai uz \u0161\u0101du e-pasta adresi <\/span><a href=\"mailto:info@birdbusters.eu\"><b><span data-contrast=\"none\">info@birdbusters.eu<\/span><\/b><\/a><span data-contrast=\"auto\">. Ja iepakojuma st\u0101voklis pirms atv\u0113r\u0161anas netiek dokument\u0113ts, tas var ietekm\u0113t ties\u012bbas uz kompens\u0101ciju vai nomai\u0146u.<\/span><span data-ccp-props=\"{&quot;335559738&quot;:240,&quot;335559739&quot;:240}\">\u00a0<\/span><\/p>\n<p><span data-contrast=\"auto\">Lai izmantotu 14 dienu atgrie\u0161anas\/atteikuma ties\u012bbas, preces nedr\u012bkst izmantot cit\u0101di, nek\u0101 nepiecie\u0161ams, lai p\u0101rliecin\u0101tos par pre\u010du raksturu, \u012bpa\u0161\u012bb\u0101m un darb\u012bbu t\u0101d\u0101 pa\u0161\u0101 veid\u0101, k\u0101 jums b\u016btu at\u013cauts p\u0101rbaud\u012bt preces fizisk\u0101 veikal\u0101.<\/span><span data-ccp-props=\"{&quot;335559738&quot;:240,&quot;335559739&quot;:240}\">\u00a0<\/span><\/p>\n<p><span data-contrast=\"auto\">Redzams nolietojums vai nepareiza lieto\u0161ana var b\u016bt par iemeslu atteikumam atgriezt preci vai atteikuma summas samazin\u0101\u0161anai atbilsto\u0161i pre\u010du v\u0113rt\u012bbas samazin\u0101jumam.<\/span><span data-ccp-props=\"{&quot;335559738&quot;:240,&quot;335559739&quot;:240}\">\u00a0<\/span><\/p>\n<p><span data-contrast=\"auto\">Uz\u0146\u0113mumi\/juridisk\u0101s personas ir atbr\u012bvotas no deklar\u0113\u0161anas.<\/span><span data-ccp-props=\"{&quot;335559738&quot;:240,&quot;335559739&quot;:240}\">\u00a0<\/span><\/p>\n<p><b><span data-contrast=\"auto\">K\u0101 veikt atgrie\u0161anu: <\/span><\/b><span data-contrast=\"auto\">Iesniedziet atgrie\u0161anas piepras\u012bjumu e-past\u0101 <\/span><a href=\"mailto:info@birdbusters.eu\"><span data-contrast=\"none\">info@birdbusters.eu<\/span><\/a><span data-contrast=\"auto\"> v\u0113l\u0101kais 14 dienu laik\u0101 kop\u0161 pre\u010du sa\u0146em\u0161anas.<\/span><span data-ccp-props=\"{&quot;335559738&quot;:240,&quot;335559739&quot;:240}\">\u00a0<\/span><\/p>\n<p><b><span data-contrast=\"auto\">Atgrie\u0161anas izmaksas: <\/span><\/b><span data-contrast=\"auto\">Jums b\u016bs j\u0101sedz atpaka\u013cnos\u016bt\u012b\u0161anas izmaksas, ja vien atgrie\u0161anas iemesls nav neatbilst\u012bba pas\u016bt\u012bjumam vai prece ir nepareiza vai boj\u0101ta.<\/span><span data-ccp-props=\"{&quot;335559738&quot;:240,&quot;335559739&quot;:240}\">\u00a0<\/span><\/p>\n<p><b><span data-contrast=\"auto\">Pien\u0101kumi: <\/span><\/b><span data-contrast=\"auto\">J\u016bs esat atbild\u012bgs par s\u016bt\u012bjumu, l\u012bdz tas dro\u0161i non\u0101k pie mums. P\u0101rliecinieties, ka tas ir labi iepakots, lai s\u016bt\u012b\u0161anas laik\u0101 tas netiktu boj\u0101ts.<\/span><span data-ccp-props=\"{&quot;335559738&quot;:240,&quot;335559739&quot;:240}\">\u00a0<\/span><\/p>\n<p><b><span data-contrast=\"auto\">Kompens\u0101cijas: <\/span><\/b><span data-contrast=\"auto\">Atmaksa tiek apstr\u0101d\u0101ta p\u0113c iesp\u0113jas \u0101tr\u0101k, bet ne v\u0113l\u0101k k\u0101 14 dienu laik\u0101 p\u0113c atgriezt\u0101s preces sa\u0146em\u0161anas. Atmaksa tiks veikta uz to pa\u0161u kontu, no kura tika veikts maks\u0101jums.<\/span><span data-ccp-props=\"{&quot;335559738&quot;:240,&quot;335559739&quot;:240}\">\u00a0<\/span><\/p>\n<p><span data-contrast=\"auto\">Pilna pas\u016bt\u012bjuma atgrie\u0161ana ietver pieg\u0101des izmaksas.<\/span><span data-ccp-props=\"{&quot;335559738&quot;:240,&quot;335559739&quot;:240}\">\u00a0<\/span><\/p>\n<p><span data-contrast=\"auto\">Da\u013c\u0113jas atgrie\u0161anas gad\u012bjum\u0101 pieg\u0101des maksa netiks atmaks\u0101ta.<\/span><span data-ccp-props=\"{&quot;335559738&quot;:240,&quot;335559739&quot;:240}\">\u00a0<\/span><\/p>\n<p><span data-contrast=\"auto\">Interneta veikalam ir ties\u012bbas atteikties atmaks\u0101t naudu, kam\u0113r nav sa\u0146emtas atpaka\u013c s\u016bt\u0101m\u0101s preces vai kam\u0113r pirc\u0113js nav iesniedzis pier\u0101d\u012bjumus par pre\u010du atgrie\u0161anu, atkar\u012bb\u0101 no t\u0101, kas notiek vispirms.<\/span><span data-ccp-props=\"{&quot;335559738&quot;:240,&quot;335559739&quot;:240}\">\u00a0<\/span><\/p>\n<p><span data-contrast=\"auto\">Ja pirc\u0113js ir izv\u0113l\u0113jies pieg\u0101des veidu, kas at\u0161\u0137iras no visl\u0113t\u0101k\u0101 parast\u0101 pieg\u0101des veida, ko pied\u0101v\u0101 interneta veikals, veikalam nav pien\u0101kuma kompens\u0113t izmaksas, kas p\u0101rsniedz parast\u0101s pieg\u0101des izmaksas.<\/span><span data-ccp-props=\"{&quot;335559738&quot;:240,&quot;335559739&quot;:240}\">\u00a0<\/span><\/p>\n<p><span data-contrast=\"auto\">Interneta veikalam ir ties\u012bbas atteikties no p\u0101rdo\u0161anas un piepras\u012bt, lai pirc\u0113js atdod preces atpaka\u013c, ja k\u013c\u016bdas d\u0113\u013c interneta veikal\u0101 nor\u0101d\u012bt\u0101 preces cena ir iev\u0113rojami zem\u0101ka par preces tirgus cenu.<\/span><span data-ccp-props=\"{&quot;335559738&quot;:240,&quot;335559739&quot;:240}\">\u00a0<\/span><\/p>\n<p><span data-contrast=\"auto\">Interneta veikals neuz\u0146emas atbild\u012bbu par jebk\u0101diem iesp\u0113jamiem zaud\u0113jumiem, kas pirc\u0113jam radu\u0161ies tehnisku iemeslu d\u0113\u013c (probl\u0113mas interneta veikala lieto\u0161an\u0101), tostarp par pas\u016bt\u012bt\u0101s preces pieg\u0101des aizkav\u0113\u0161anos. \u0160eit par tehnisk\u0101m probl\u0113m\u0101m tiek uzskat\u012btas no p\u0101rdev\u0113ja neatkar\u012bgas tehniskas probl\u0113mas, piem\u0113ram, interneta savienojuma p\u0101rtraukumi, servera darb\u012bbas trauc\u0113jumi utt.<\/span><span data-ccp-props=\"{&quot;335559738&quot;:240,&quot;335559739&quot;:240}\">\u00a0<\/span><\/p>\n<h3><b><span data-contrast=\"auto\">TIES\u012aBAS IESNIEGT PRAS\u012aBU<\/span><\/b><span data-ccp-props=\"{&quot;335559738&quot;:240,&quot;335559739&quot;:240}\">\u00a0<\/span><\/h3>\n<p><span data-contrast=\"auto\">Interneta veikals ir atbild\u012bgs par p\u0101rdoto pre\u010du neatbilst\u012bbu vai par tr\u016bkumiem, kas bija pieg\u0101des br\u012bd\u012b un kas radu\u0161ies divu gadu laik\u0101.<\/span><span data-ccp-props=\"{&quot;335559738&quot;:240,&quot;335559739&quot;:240}\">\u00a0<\/span><\/p>\n<p><span data-contrast=\"auto\">M\u0113s pie\u0146emam, ka visi se\u0161u m\u0113ne\u0161u laik\u0101 paman\u012btie defekti ir biju\u0161i kop\u0161 pieg\u0101des br\u012b\u017ea, un, ja rodas \u0161aubas, mums ir pien\u0101kums pier\u0101d\u012bt pret\u0113jo.<\/span><span data-ccp-props=\"{&quot;335559738&quot;:240,&quot;335559739&quot;:240}\">\u00a0<\/span><\/p>\n<p><span data-contrast=\"auto\">Pirc\u0113jam par defektiem j\u0101zi\u0146o divu m\u0113ne\u0161u laik\u0101 p\u0113c to ra\u0161an\u0101s.<\/span><span data-ccp-props=\"{&quot;335559738&quot;:240,&quot;335559739&quot;:240}\">\u00a0<\/span><\/p>\n<p><span data-contrast=\"auto\">M\u0113s neesam atbild\u012bgi par boj\u0101jumiem, kas radu\u0161ies pirc\u0113ja vainas vai neuzman\u012bbas d\u0113\u013c, par produkta nepareizu lieto\u0161anu vai dabisku nolietojumu norm\u0101las lieto\u0161anas laik\u0101.<\/span><span data-ccp-props=\"{&quot;335559738&quot;:240,&quot;335559739&quot;:240}\">\u00a0<\/span><\/p>\n<p><span data-contrast=\"auto\">Ja prec\u0113m, kas ieg\u0101d\u0101tas no interneta veikala, ir defekts, par kuru esam atbild\u012bgi, m\u0113s labosim vai nomain\u012bsim boj\u0101t\u0101s preces. Ja preces nav iesp\u0113jams salabot vai nomain\u012bt, m\u0113s atmaks\u0101sim naudu par boj\u0101taj\u0101m prec\u0113m.<\/span><span data-ccp-props=\"{&quot;335559738&quot;:240,&quot;335559739&quot;:240}\">\u00a0<\/span><\/p>\n<p><span data-contrast=\"auto\">Uz j\u016bsu s\u016bdz\u012bbu atbild\u0113sim rakstiski 15 dienu laik\u0101.<\/span><span data-ccp-props=\"{&quot;335559738&quot;:240,&quot;335559739&quot;:240}\">\u00a0<\/span><\/p>\n<p><span data-contrast=\"auto\">Lai zi\u0146otu par defektu, ir j\u0101iesniedz attiec\u012bgs pieteikums uz e-pasta adresi <\/span><a href=\"mailto:info@birdbusters.eu\"><span data-contrast=\"none\">info@birdbusters.eu<\/span><\/a><span data-contrast=\"auto\">. Pieteikum\u0101 j\u0101iek\u013cauj:<\/span><span data-ccp-props=\"{&quot;335559738&quot;:240,&quot;335559739&quot;:240}\">\u00a0<\/span><\/p>\n<ul>\n<li data-leveltext=\"\uf0b7\" data-font=\"Symbol\" data-listid=\"1\" data-list-defn-props=\"{&quot;335552541&quot;:1,&quot;335559685&quot;:720,&quot;335559991&quot;:360,&quot;469769226&quot;:&quot;Symbol&quot;,&quot;469769242&quot;:[8226],&quot;469777803&quot;:&quot;left&quot;,&quot;469777804&quot;:&quot;\uf0b7&quot;,&quot;469777815&quot;:&quot;hybridMultilevel&quot;}\" aria-setsize=\"-1\" data-aria-posinset=\"1\" data-aria-level=\"1\"><span data-contrast=\"auto\">V\u0101rds, uzv\u0101rds un kontaktinform\u0101cija<\/span><span data-ccp-props=\"{&quot;335559739&quot;:0}\">\u00a0<\/span><\/li>\n<\/ul>\n<ul>\n<li data-leveltext=\"\uf0b7\" data-font=\"Symbol\" data-listid=\"1\" data-list-defn-props=\"{&quot;335552541&quot;:1,&quot;335559685&quot;:720,&quot;335559991&quot;:360,&quot;469769226&quot;:&quot;Symbol&quot;,&quot;469769242&quot;:[8226],&quot;469777803&quot;:&quot;left&quot;,&quot;469777804&quot;:&quot;\uf0b7&quot;,&quot;469777815&quot;:&quot;hybridMultilevel&quot;}\" aria-setsize=\"-1\" data-aria-posinset=\"2\" data-aria-level=\"1\"><span data-contrast=\"auto\">S\u016bdz\u012bbas iesnieg\u0161anas datums<\/span><span data-ccp-props=\"{&quot;335559739&quot;:0}\">\u00a0<\/span><\/li>\n<\/ul>\n<ul>\n<li data-leveltext=\"\uf0b7\" data-font=\"Symbol\" data-listid=\"1\" data-list-defn-props=\"{&quot;335552541&quot;:1,&quot;335559685&quot;:720,&quot;335559991&quot;:360,&quot;469769226&quot;:&quot;Symbol&quot;,&quot;469769242&quot;:[8226],&quot;469777803&quot;:&quot;left&quot;,&quot;469777804&quot;:&quot;\uf0b7&quot;,&quot;469777815&quot;:&quot;hybridMultilevel&quot;}\" aria-setsize=\"-1\" data-aria-posinset=\"3\" data-aria-level=\"1\"><span data-contrast=\"auto\">Defekta apraksts<\/span><span data-ccp-props=\"{&quot;335559739&quot;:0}\">\u00a0<\/span><\/li>\n<\/ul>\n<ul>\n<li data-leveltext=\"\uf0b7\" data-font=\"Symbol\" data-listid=\"1\" data-list-defn-props=\"{&quot;335552541&quot;:1,&quot;335559685&quot;:720,&quot;335559991&quot;:360,&quot;469769226&quot;:&quot;Symbol&quot;,&quot;469769242&quot;:[8226],&quot;469777803&quot;:&quot;left&quot;,&quot;469777804&quot;:&quot;\uf0b7&quot;,&quot;469777815&quot;:&quot;hybridMultilevel&quot;}\" aria-setsize=\"-1\" data-aria-posinset=\"4\" data-aria-level=\"1\"><span data-contrast=\"auto\">Pas\u016bt\u012bjuma numurs<\/span><span data-ccp-props=\"{&quot;335559739&quot;:0}\">\u00a0<\/span><\/li>\n<\/ul>\n<ul>\n<li data-leveltext=\"\uf0b7\" data-font=\"Symbol\" data-listid=\"1\" data-list-defn-props=\"{&quot;335552541&quot;:1,&quot;335559685&quot;:720,&quot;335559991&quot;:360,&quot;469769226&quot;:&quot;Symbol&quot;,&quot;469769242&quot;:[8226],&quot;469777803&quot;:&quot;left&quot;,&quot;469777804&quot;:&quot;\uf0b7&quot;,&quot;469777815&quot;:&quot;hybridMultilevel&quot;}\" aria-setsize=\"-1\" data-aria-posinset=\"5\" data-aria-level=\"1\"><span data-contrast=\"auto\">Defekta fotogr\u0101fijas.<\/span><span data-ccp-props=\"{&quot;335559739&quot;:0}\">\u00a0<\/span><\/li>\n<\/ul>\n<h1><\/h1>\n<h1><\/h1>\n<h1><\/h1>\n<p>&nbsp;<\/p>\n","protected":false},"excerpt":{"rendered":"<p>PIEG\u0100DE\u00a0 Preces tiek pieg\u0101d\u0101tas vis\u0101 pasaul\u0113. L\u016bdzu, p\u0101rbaudiet pieejam\u0101s valstis iepirkumu groz\u0101. Ja j\u016bsu valsts nav iek\u013cauta sarakst\u0101, sazinieties ar mums, un, ja iesp\u0113jams, m\u0113s pievienosim j\u016bsu valsti.\u00a0 Preces tiek pieg\u0101d\u0101tas paku termin\u0101\u013cos vai ar kurjera starpniec\u012bbu. Pieg\u0101des iesp\u0113jas tiek par\u0101d\u012btas p\u0113c galam\u0113r\u0137a valsts izv\u0113les un adreses ievad\u012b\u0161anas, veicot apkamksu.\u00a0 Pirc\u0113js maks\u0101 par pieg\u0101di, un [&hellip;]<\/p>\n","protected":false},"author":1,"featured_media":0,"parent":0,"menu_order":0,"comment_status":"closed","ping_status":"closed","template":"","meta":{"_themeisle_gutenberg_block_has_review":false,"footnotes":""},"class_list":["post-1813","page","type-page","status-publish","hentry"],"_links":{"self":[{"href":"https:\/\/birdbusters.eu\/lv\/wp-json\/wp\/v2\/pages\/1813","targetHints":{"allow":["GET"]}}],"collection":[{"href":"https:\/\/birdbusters.eu\/lv\/wp-json\/wp\/v2\/pages"}],"about":[{"href":"https:\/\/birdbusters.eu\/lv\/wp-json\/wp\/v2\/types\/page"}],"author":[{"embeddable":true,"href":"https:\/\/birdbusters.eu\/lv\/wp-json\/wp\/v2\/users\/1"}],"replies":[{"embeddable":true,"href":"https:\/\/birdbusters.eu\/lv\/wp-json\/wp\/v2\/comments?post=1813"}],"version-history":[{"count":5,"href":"https:\/\/birdbusters.eu\/lv\/wp-json\/wp\/v2\/pages\/1813\/revisions"}],"predecessor-version":[{"id":12571,"href":"https:\/\/birdbusters.eu\/lv\/wp-json\/wp\/v2\/pages\/1813\/revisions\/12571"}],"wp:attachment":[{"href":"https:\/\/birdbusters.eu\/lv\/wp-json\/wp\/v2\/media?parent=1813"}],"curies":[{"name":"wp","href":"https:\/\/api.w.org\/{rel}","templated":true}]}}