{"id":3528,"date":"2020-07-04T19:22:17","date_gmt":"2020-07-04T17:22:17","guid":{"rendered":"https:\/\/birdbusters.eu\/?page_id=3528"},"modified":"2020-07-07T09:44:32","modified_gmt":"2020-07-07T07:44:32","slug":"privacy-policy","status":"publish","type":"page","link":"https:\/\/birdbusters.eu\/lv\/privacy-policy\/","title":{"rendered":"PRIV\u0100TUMA POLITIKA"},"content":{"rendered":"<p>PRIV\u0100TUMA POLITIKA,<\/p>\n<p>PERSONAS DATU APSTR\u0100DE<\/p>\n<p>&nbsp;<\/p>\n<p>Interneta veikala birdbusters.eu personas datu atbild\u012bgais apstr\u0101d\u0101t\u0101js ir Salu O\u00dc (re\u0123istra kods 12600389), adrese Kunderi 27-10, Tallina, t\u0101lr. +372 52198 22, e-pasts info@birdbusters.eu.<\/p>\n<p>&nbsp;<\/p>\n<p><strong>Personas datu v\u0101k\u0161ana un izmanto\u0161ana<\/strong><br \/>\nPersonas dati ir birdbusters.eu e-veikala ar klientu konkr\u0113ti vai att\u0101lin\u0101ti saist\u012bti dati, kas ir nepiecie\u0161ami ar indiv\u012bdu nosl\u0113gt\u0101 l\u012bguma izpildei vai sazi\u0146ai un no likuma izrieto\u0161o saist\u012bbu izpildei.<\/p>\n<p>Personas datu v\u0101k\u0161ana notiek iesniedzot personas datus un noform\u0113jot pirkumu interneta vietn\u0113.<\/p>\n<p>Tiek apstr\u0101d\u0101ti \u0161\u0101di personas dati:<\/p>\n<p>\u2212 v\u0101rds, t\u0101lru\u0146a numurs un e-pasta adrese;<\/p>\n<p>\u2212 pre\u010du pieg\u0101des adrese;<\/p>\n<p>\u2212 bankas konta numurs;<\/p>\n<p>\u2212 pre\u010du un pakalpojumu summa un ar apmaksu saist\u012btie dati (pirkumu v\u0113sture);<\/p>\n<p>\u2212 klientu atbalsta dati.<\/p>\n<p>Personas dati tiek izmantoti klienta pas\u016bt\u012bjumu p\u0101rvald\u012bbai un pre\u010du pieg\u0101dei.<\/p>\n<p>Pirkumu v\u0113stures dati (pirkuma datums, prece, daudzums, klienta dati) tiek izmantoti ieg\u0101d\u0101to pre\u010du un pakalpojumu p\u0101rskata izveidei un klienta izv\u0113\u013cu anal\u012bzei.<\/p>\n<p>Bankas konta numurs tiek izmantots atmaksas veik\u0161anai klientam.<\/p>\n<p>T\u0101di personas dati k\u0101 e-pasts, t\u0101lru\u0146a nr. un klienta v\u0101rds, tiek apstr\u0101d\u0101ti, lai risin\u0101tu ar pre\u010du un pakalpojumu veik\u0161anu saist\u012btos jaut\u0101jumus (klientu atbalsts).<\/p>\n<p>Interneta veikala lietot\u0101ja IP adrese vai citi t\u012bkla identifikatori tiek apstr\u0101d\u0101ti interneta veikala k\u0101 infosist\u0113mas pakalpojumu sniedz\u0113ja vajadz\u012bb\u0101m un interneta lieto\u0161anas statistikas veik\u0161anai.<\/p>\n<p>Sa\u0146\u0113m\u0113ji, kam tiek nodoti personas dati<\/p>\n<p>Personas dati tiek nodoti interneta veikala klientu atbalsta servisam, lai veiktu pirkumu v\u0113stures p\u0101rskatu un tiktu izmantoti klientu probl\u0113mu risin\u0101\u0161anai.<\/p>\n<p>V\u0101rds, t\u0101lru\u0146a numurs un e-pasta adrese tiek nodoti pilnvarotajam partnerim Pakipoint O\u00dc, kas tos nodod klienta izv\u0113l\u0113tam transport\u0113\u0161anas pakalpojumu sniedz\u0113jam.<\/p>\n<p>Prec\u0113m, ko pieg\u0101d\u0101 ar kurjeru, papildus kontaktdatiem tiek nodota ar\u012b klienta adrese.<\/p>\n<p>Personas dati tiek nodoti gr\u0101matved\u012bbas firmai Probil O\u00dc gr\u0101matved\u012bbas pas\u0101kumu \u012bsteno\u0161anai.<\/p>\n<p>Personas datus var nodot inform\u0101cijas tehnolo\u0123iju pakalpojumu sniedz\u0113jiem, ja tas ir nepiecie\u0161ams interneta veikala funkcionalit\u0101tes vai datu uzglab\u0101\u0161anas nodro\u0161in\u0101\u0161anai.<\/p>\n<p>Samaksa par prec\u0113m notiek \u0101rpus interneta veikala dro\u0161\u0101 vid\u0113 &#8211; nor\u0113\u0137inoties ar bankas saiti attiec\u012bg\u0101s bankas dro\u0161aj\u0101 vid\u0113 vai pilnvarot\u0101 apstr\u0101d\u0101t\u0101ja Maksekeskus AS dro\u0161\u0101 vid\u0113. P\u0101rdev\u0113jam nav piek\u013cuves klienta bankas un kred\u012btkartes inform\u0101cijai.<\/p>\n<p>&nbsp;<\/p>\n<p>Dro\u0161\u012bba un pieeja datiem<\/p>\n<p>Personas dati tiek glab\u0101ti Netpro O\u00dc serveros<em>. <\/em>Pieeja personas datiem ir interneta veikala darbiniekiem, kas var iepaz\u012bties ar personas datiem, lai risin\u0101tu ar interneta veikala lieto\u0161anu saist\u012btos tehniskos jaut\u0101jumus un veiktu klientu atbalsta pakalpojumu. Interneta veikals piem\u0113ro atbilsto\u0161us fiziskos, organizatoriskos un infotehniskos dro\u0161\u012bbas pas\u0101kumus, lai aizsarg\u0101tu personas datus no nejau\u0161as vai nelikum\u012bgas izn\u012bcin\u0101\u0161anas, pazaud\u0113\u0161anas, main\u012b\u0161anas vai neat\u013cautas piek\u013cuves un publisko\u0161anas.<\/p>\n<p>Personas datu nodo\u0161ana pilnvarotajiem interneta veikala apstr\u0101d\u0101t\u0101jiem (piem., transporta pakalpojumu sniedz\u0113jam un datu uztur\u0113t\u0101jiem) notiek, pamatojoties uz l\u012bgumiem, kas nosl\u0113gti ar interneta veikalu un pilnvarotajiem apstr\u0101d\u0101t\u0101jiem. Pilnvarotajiem apstr\u0101d\u0101t\u0101jiem ir pien\u0101kums nodro\u0161in\u0101t atbilsto\u0161us dro\u0161\u012bbas pas\u0101kumus personas datu apstr\u0101dei. Interneta veikala pilnvarotie apstr\u0101d\u0101t\u0101ji ir Pakipoint O\u00dc, Probil O\u00dc, Netpro O\u00dc un Maksekeskus AS.<\/p>\n<p>Uzglab\u0101\u0161ana<\/p>\n<p>Sl\u0113dzot interneta veikala klienta kontu, personas dati tiek dz\u0113sti, iz\u0146emot gad\u012bjum\u0101, ja \u0161\u0101dus datus ir nepiecie\u0161ams saglab\u0101t gr\u0101matved\u012bbai vai pat\u0113r\u0113t\u0101ju str\u012bdu risin\u0101\u0161anai.<\/p>\n<p>Interneta veikal\u0101 veikto pirkumu v\u0113sture tiek saglab\u0101ta tr\u012bs gadus. Ar str\u012bdiem, kas saist\u012bti ar pat\u0113r\u0113t\u0101ju maks\u0101jumiem, personas dati tiks glab\u0101ti l\u012bdz pras\u012bbas izpildei vai noilguma termi\u0146a beig\u0101m. Gr\u0101matved\u012bbai nepiecie\u0161amie personas dati tiek glab\u0101ti septi\u0146us gadus.<\/p>\n<p>Iepaz\u012b\u0161an\u0101s ar personas datiem, labo\u0161ana un dz\u0113\u0161ana<\/p>\n<p>Ar personas datiem var iepaz\u012bties un datus labot ar klientu atbalsta starpniec\u012bbu. Klientam ir ties\u012bbas piepras\u012bt savu datu dz\u0113\u0161anu no birdbusters.eu datu b\u0101z\u0113m, inform\u0113jot par to klientu atbalsta servisu, nos\u016btot e-pastu. Uz dz\u0113\u0161anas piepras\u012bjumu tiek atbild\u0113ts ne v\u0113l\u0101k k\u0101 m\u0113ne\u0161a laik\u0101 un tiek preciz\u0113ts datu dz\u0113\u0161anas periods.<\/p>\n<p>Str\u012bdu risin\u0101\u0161ana<\/p>\n<p>Ar personas datu apstr\u0101di saist\u012bto str\u012bdu risin\u0101\u0161ana notiek ar klientu atbalsta servisa starpniec\u012bbu, nos\u016btot zi\u0146ojumu uz adresi info@birdbusters.eu vai zvanot pa t\u0101lr. +372 5267 138. Uzraudz\u012bbas iest\u0101de ir Igaunijas Datu aizsardz\u012bbas Inspekcija (info@aki.ee).<\/p>\n","protected":false},"excerpt":{"rendered":"<p>PRIV\u0100TUMA POLITIKA, PERSONAS DATU APSTR\u0100DE &nbsp; Interneta veikala birdbusters.eu personas datu atbild\u012bgais apstr\u0101d\u0101t\u0101js ir Salu O\u00dc (re\u0123istra kods 12600389), adrese Kunderi 27-10, Tallina, t\u0101lr. +372 52198 22, e-pasts info@birdbusters.eu. &nbsp; Personas datu v\u0101k\u0161ana un izmanto\u0161ana Personas dati ir birdbusters.eu e-veikala ar klientu konkr\u0113ti vai att\u0101lin\u0101ti saist\u012bti dati, kas ir nepiecie\u0161ami ar indiv\u012bdu nosl\u0113gt\u0101 l\u012bguma izpildei [&hellip;]<\/p>\n","protected":false},"author":1,"featured_media":0,"parent":0,"menu_order":0,"comment_status":"closed","ping_status":"closed","template":"","meta":{"_themeisle_gutenberg_block_has_review":false,"rank_math_focus_keyword":"","rank_math_title":"","rank_math_description":"","rank_math_canonical_url":"","rank_math_facebook_title":"","rank_math_facebook_description":"","rank_math_facebook_image":"","rank_math_twitter_title":"","rank_math_twitter_description":"","rank_math_twitter_image":"","rank_math_schema_FAQPage":[],"footnotes":""},"class_list":["post-3528","page","type-page","status-publish","hentry"],"_links":{"self":[{"href":"https:\/\/birdbusters.eu\/lv\/wp-json\/wp\/v2\/pages\/3528","targetHints":{"allow":["GET"]}}],"collection":[{"href":"https:\/\/birdbusters.eu\/lv\/wp-json\/wp\/v2\/pages"}],"about":[{"href":"https:\/\/birdbusters.eu\/lv\/wp-json\/wp\/v2\/types\/page"}],"author":[{"embeddable":true,"href":"https:\/\/birdbusters.eu\/lv\/wp-json\/wp\/v2\/users\/1"}],"replies":[{"embeddable":true,"href":"https:\/\/birdbusters.eu\/lv\/wp-json\/wp\/v2\/comments?post=3528"}],"version-history":[{"count":4,"href":"https:\/\/birdbusters.eu\/lv\/wp-json\/wp\/v2\/pages\/3528\/revisions"}],"predecessor-version":[{"id":3622,"href":"https:\/\/birdbusters.eu\/lv\/wp-json\/wp\/v2\/pages\/3528\/revisions\/3622"}],"wp:attachment":[{"href":"https:\/\/birdbusters.eu\/lv\/wp-json\/wp\/v2\/media?parent=3528"}],"curies":[{"name":"wp","href":"https:\/\/api.w.org\/{rel}","templated":true}]}}