{"id":11738,"date":"2023-12-11T11:36:04","date_gmt":"2023-12-11T10:36:04","guid":{"rendered":"https:\/\/birdbusters.eu\/product\/laser-bird-deterrent-for-indoor-and-outdoor-use-with-timer-remote-control\/"},"modified":"2025-11-02T13:50:46","modified_gmt":"2025-11-02T12:50:46","slug":"jaudigs-lazeris-izmantosanai-gan-telpas-gan-arpus-telpam","status":"publish","type":"product","link":"https:\/\/birdbusters.eu\/lv\/produkts\/jaudigs-lazeris-izmantosanai-gan-telpas-gan-arpus-telpam\/","title":{"rendered":"Jaud\u012bgs l\u0101zeris izmanto\u0161anai gan telp\u0101s, gan \u0101rpus telp\u0101m"},"content":{"rendered":"<p>L\u0101zeris iesl\u0113dzams un izsl\u0113dzams gan no pa\u0161as ier\u012bces, gan ar t\u0101lvad\u012bbas pulti. Pultij ir divas funkcijas:<\/p>\n<ul>\n<li>iesl\u0113g\u0161ana un izsl\u0113g\u0161ana<\/li>\n<li>taimeris (2, 4, 6 vai 8 stundas)<\/li>\n<\/ul>\n<h2><strong>Apsarg\u0101jamie objekti<\/strong><strong>:<\/strong> \u0113kas, ang\u0101ri, d\u0101rzi, t\u012brumi<\/h2>\n<div style=\"width: 640px;\" class=\"wp-video\"><video class=\"wp-video-shortcode\" id=\"video-11738-1\" width=\"640\" height=\"360\" preload=\"metadata\" controls=\"controls\"><source type=\"video\/mp4\" src=\"https:\/\/birdbusters.eu\/wp-content\/uploads\/2025\/10\/1-watt-laser-animal-repeller.mp4?_=1\" \/><a href=\"https:\/\/birdbusters.eu\/wp-content\/uploads\/2025\/10\/1-watt-laser-animal-repeller.mp4\">https:\/\/birdbusters.eu\/wp-content\/uploads\/2025\/10\/1-watt-laser-animal-repeller.mp4<\/a><\/video><\/div>\n<h2 class=\"text-xl font-bold text-text-100 mt-1 -mb-0.5\">Uzlabots L\u0101zera Putnu Atbaid\u012bt\u0101js \u2013 Tehniskie Raksturlielumi un Veiktsp\u0113ja<\/h2>\n<p class=\"whitespace-normal break-words\">Putnu l\u0101zers ir galvenok\u0101rt paredz\u0113ts izmanto\u0161anai v\u0101ja apgaismojuma apst\u0101k\u013cos, bet to var izmantot ar\u012b dienas gaism\u0101. Tas ir piem\u0113rots vis\u0101m zon\u0101m, kur\u0101m nepiecie\u0161ama aizsardz\u012bba pret putnu iek\u013c\u016b\u0161anu.<\/p>\n<p class=\"whitespace-normal break-words\">L\u0101zera ier\u012bces telpiskais p\u0101rkl\u0101jums ir atkar\u012bgs no vides: tums\u0101 l\u0101zera stars ir lab\u0101k redzams nek\u0101 spilgt\u0101 gaism\u0101; sal\u012bdzino\u0161i atkl\u0101t\u0101s viet\u0101s tas ir lab\u0101k redzams nek\u0101 viet\u0101s, kur daudzi koki vai kr\u016bmi blo\u0137\u0113 starus.<\/p>\n<p class=\"whitespace-normal break-words\">Putnu l\u0101zer\u0101 ir sp\u0113c\u012bgi 1000 milivatu (mW) za\u013cie stari. Stari \u0123ener\u0113 vair\u0101kus mode\u013cus, kas par\u0101d\u0101s nejau\u0161\u0101 sec\u012bb\u0101. Bird-X Laser ir ieprogramm\u0113ts darboties 5 min\u016btes un p\u0113c tam apst\u0101ties uz 5 min\u016bt\u0113m.<\/p>\n<p class=\"whitespace-normal break-words\">Lai pagarin\u0101tu ier\u012bces kalpo\u0161anas laiku, \u013caujiet ier\u012bcei atdzist 30 min\u016btes p\u0113c 6-8 stundu darb\u012bbas.<\/p>\n<p class=\"whitespace-normal break-words\">L\u0101zera stara maksim\u0101lais darb\u012bbas att\u0101lums ir 300 metri, efekt\u012bvais darb\u012bbas att\u0101lums ir 100 metri un maksim\u0101lais p\u0101rkl\u0101jums ir aptuveni 180-200 m\u00b2. L\u0101zers nodro\u0161ina vienpus\u0113ju p\u0101rkl\u0101jumu ar izklied\u0113\u0161anas le\u0146\u0137i l\u012bdz 30 gr\u0101diem ab\u0101s pus\u0113s no centra (kop\u0101 60 gr\u0101di). Atkar\u012bb\u0101 no izvietojuma, otr\u0101 ier\u012bce nodro\u0161ina palielin\u0101tu siner\u0123isko p\u0101rkl\u0101jumu, t\u0101p\u0113c tiek ieteiktas vair\u0101kas ier\u012bces.<\/p>\n<p class=\"whitespace-normal break-words\">Ier\u012bces darb\u012bbu var kontrol\u0113t da\u017e\u0101dos veidos: tie\u0161\u0101 vai t\u0101lvad\u012bbas kontrole. T\u0101lvad\u012bbu var izmantot, lai to iesl\u0113gtu un izsl\u0113gtu, k\u0101 ar\u012b lai darbin\u0101tu noteiktu laiku (2, 4, 6 vai 8 stundas). T\u0101lvad\u012bbas efekt\u012bvais uztver\u0161anas att\u0101lums ir aptuveni 20 metri.<\/p>\n<h2 class=\"text-xl font-bold text-text-100 mt-1 -mb-0.5\">Galven\u0101s L\u0101zera Putnu Kontroles Priek\u0161roc\u012bbas<\/h2>\n<p class=\"whitespace-normal break-words\">L\u0101zera galven\u0101 priek\u0161roc\u012bba ir t\u0101, ka tas nodro\u0161ina klusu un efekt\u012bvu risin\u0101jumu putnu atbaid\u012b\u0161anai. Turkl\u0101t l\u0101zers ir piln\u012bgi kluss, t\u0101p\u0113c tas netrauc\u0113 tuvum\u0101 eso\u0161ajiem cilv\u0113kiem.<\/p>\n<p class=\"whitespace-normal break-words\">T\u0101 k\u0101 b\u0113g\u0161anas reakcija tiek izrais\u012bta no putna izdz\u012bvo\u0161anas instinkta, at\u0161\u0137ir\u012bb\u0101 no liel\u0101k\u0101s da\u013cas citu atbaid\u012b\u0161anas meto\u017eu, nepast\u0101v pieraduma efekts. Lietojot l\u0101zeru konsekventi, putni galu gal\u0101 klasific\u0113s zonu k\u0101 p\u0101r\u0101k nedro\u0161i un neatgriez\u012bsies.<\/p>\n<p class=\"whitespace-normal break-words\">L\u0101zera putnu atbaid\u012bt\u0101js ir uzticams pret daudz\u0101m putnu sug\u0101m. Piem\u0113ram, balo\u017eus, bezdel\u012bgas, zvirbu\u013cus, strazdi un citus mazos putnus tur pa gabalu ar l\u0101zera tehnolo\u0123iju.<\/p>\n<h2 class=\"text-xl font-bold text-text-100 mt-1 -mb-0.5\">Bie\u017ei Uzdotie Jaut\u0101jumi<\/h2>\n<h3 class=\"text-lg font-bold text-text-100 mt-1 -mb-1.5\">K\u0101das putnu sugas var atbaid\u012bt putnu l\u0101zers?<\/h3>\n<p class=\"whitespace-normal break-words\">L\u0101zera putnu atbaid\u012bt\u0101js ir uzticams pret daudz\u0101m putnu sug\u0101m. Piem\u0113ram, balo\u017eus, bezdel\u012bgas, zvirbu\u013cus, strazdi un citus mazos putnus tur pa gabalu ar l\u0101zera tehnolo\u0123iju.<\/p>\n<h3 class=\"text-lg font-bold text-text-100 mt-1 -mb-1.5\">K\u0101 darbojas putnu l\u0101zers?<\/h3>\n<p class=\"whitespace-normal break-words\">Ier\u012bce nodro\u0161ina piln\u012bgi autom\u0101tisku atbaid\u012b\u0161anu un atbaida putnus ar kust\u012bgu l\u0101zera staru. Putni uztver l\u0101zera staru k\u0101 tuvojo\u0161os fizisku draudi un b\u0113g no uztvert\u0101 briesmu.<\/p>\n<h3 class=\"text-lg font-bold text-text-100 mt-1 -mb-1.5\">Vai \u0161is putnu l\u0101zers ir efekt\u012bvs pret putniem?<\/h3>\n<p class=\"whitespace-normal break-words\">J\u0101, bez \u0161aub\u0101m! Nav apstr\u012bdams, ka putnu l\u0101zers efekt\u012bvi nov\u0113r\u0161 daudzu veidu putnus no noteiktu zonu apmekl\u0113\u0161anas. Putni uztver tuvojo\u0161os l\u0101zera staru k\u0101 fizisku draudi. Tas izraisa v\u0113lamo b\u0113g\u0161anas refleksu.<\/p>\n<p class=\"whitespace-normal break-words\">Lietojot l\u0101zeru konsekventi, putni galu gal\u0101 klasific\u0113s zonu k\u0101 nedro\u0161u un neatgriez\u012bsies.<\/p>\n<h3 class=\"text-lg font-bold text-text-100 mt-1 -mb-1.5\">Vai putni var pierast pie l\u0101zera ier\u012bces?<\/h3>\n<p class=\"whitespace-normal break-words\">T\u0101 k\u0101 putni nevar paredz\u0113t l\u0101zera stara ce\u013cu iepriek\u0161, at\u0161\u0137ir\u012bb\u0101 no liel\u0101k\u0101s da\u013cas citu atbaid\u012b\u0161anas meto\u017eu, nepast\u0101v pieraduma efekts. Efektivit\u0101te t\u0101p\u0113c paliek konsekventa laika gait\u0101.<\/p>\n<h3 class=\"text-lg font-bold text-text-100 mt-1 -mb-1.5\">Cik efekt\u012bvs ir \u0161is l\u0101zera putnu atbaid\u012bt\u0101js sal\u012bdzin\u0101jum\u0101 ar citiem atbaid\u012b\u0161anas pas\u0101kumiem?<\/h3>\n<p class=\"whitespace-normal break-words\">K\u0101 optiska putnu kontroles metode, l\u0101zera putnu atbaid\u012bt\u0101js ir pier\u0101d\u012bjis, ka ir \u013coti efekt\u012bvs pret putniem.<\/p>\n<p class=\"whitespace-normal break-words\">Sal\u012bdzinot ar citiem atbaid\u012b\u0161anas pas\u0101kumiem, l\u0101zera izmanto\u0161ana nek\u0101d\u0101 veid\u0101 neietekm\u0113 vidi. Ier\u012bce atbaida putnus no liel\u0101m plat\u012bb\u0101m un ir piln\u012bgi klusa.<\/p>\n<p class=\"whitespace-normal break-words\">Turkl\u0101t ier\u012bce ir nekait\u012bga putniem.<\/p>\n<h3 class=\"text-lg font-bold text-text-100 mt-1 -mb-1.5\">K\u0101p\u0113c l\u0101zera stars ir za\u013c\u0161?<\/h3>\n<p class=\"whitespace-normal break-words\">Za\u013c\u0161 ir kr\u0101sa, kas vislab\u0101k darbojas putnu atbaid\u012b\u0161an\u0101. Tas labi izce\u013cas uz liel\u0101k\u0101s da\u013cas virsmu un ir skaidri redzams putniem.<\/p>\n<h3 class=\"text-lg font-bold text-text-100 mt-1 -mb-1.5\">K\u0101 pas\u016bt\u012bt?<\/h3>\n<p class=\"whitespace-normal break-words\">Pievienojiet preci grozam. Ja v\u0113laties main\u012bt daudzumu vai dz\u0113st preci, varat to izdar\u012bt tagad. Ja groza saturs ir pareizs, prec\u012bzi ievadiet visu nepiecie\u0161amo inform\u0101ciju un izv\u0113lieties maks\u0101juma metodi. Kad pas\u016bt\u012bjums ir veiksm\u012bgs, j\u016bs sa\u0146emsiet apstiprin\u0101jumu pa e-pastu no mums.<\/p>\n<h2 class=\"text-xl font-bold text-text-100 mt-1 -mb-0.5\">Par Bird Busters<\/h2>\n<p class=\"whitespace-normal break-words\">Ja jums ir probl\u0113mas ar nev\u0113lamiem putniem, sazinieties ar Bird Busters ekspertiem. M\u0113s pied\u0101v\u0101jam virkni videi draudz\u012bgu produktu, kas atrisina j\u016bsu kait\u0113k\u013cu probl\u0113mas un apmierina visus.<\/p>\n<p class=\"whitespace-normal break-words\">M\u016bsu misija ir pal\u012bdz\u0113t cilv\u0113kiem aizsarg\u0101t savus d\u0101rzus, balkonus, aug\u013cu kokus un augus no putniem. Ie\u0146emiet \u0113rtu st\u0101vokli un v\u0101ciet jaunas idejas!<\/p>\n","protected":false},"excerpt":{"rendered":"<h2><strong>L\u0101zeris izmanto\u0161anai gan telp\u0101s, gan \u0101rpus telp\u0101m<\/strong> paredz\u0113ts balo\u017eu, zvirbu\u013cu, bezdel\u012bgu u.c. putnu atbaid\u012b\u0161anai.<\/h2>\n<p>Lai noliktavas, veikali, ang\u0101ri un ra\u017eo\u0161anas \u0113kas nep\u0101r\u0146emtu putni, ir j\u0101izvieto kaut kas, kas tos atbaid\u012btu.<\/p>\n","protected":false},"featured_media":11739,"template":"","meta":{"_themeisle_gutenberg_block_has_review":false},"product_brand":[],"product_cat":[48,62],"product_tag":[],"class_list":{"0":"post-11738","1":"product","2":"type-product","3":"status-publish","4":"has-post-thumbnail","6":"product_cat-putnu-atvairisanas-lidzekli","7":"product_cat-putnu-lazera-atvairitaji","9":"first","10":"onbackorder","11":"taxable","12":"shipping-taxable","13":"purchasable","14":"product-type-simple"},"_links":{"self":[{"href":"https:\/\/birdbusters.eu\/lv\/wp-json\/wp\/v2\/product\/11738","targetHints":{"allow":["GET"]}}],"collection":[{"href":"https:\/\/birdbusters.eu\/lv\/wp-json\/wp\/v2\/product"}],"about":[{"href":"https:\/\/birdbusters.eu\/lv\/wp-json\/wp\/v2\/types\/product"}],"wp:featuredmedia":[{"embeddable":true,"href":"https:\/\/birdbusters.eu\/lv\/wp-json\/wp\/v2\/media\/11739"}],"wp:attachment":[{"href":"https:\/\/birdbusters.eu\/lv\/wp-json\/wp\/v2\/media?parent=11738"}],"wp:term":[{"taxonomy":"product_brand","embeddable":true,"href":"https:\/\/birdbusters.eu\/lv\/wp-json\/wp\/v2\/product_brand?post=11738"},{"taxonomy":"product_cat","embeddable":true,"href":"https:\/\/birdbusters.eu\/lv\/wp-json\/wp\/v2\/product_cat?post=11738"},{"taxonomy":"product_tag","embeddable":true,"href":"https:\/\/birdbusters.eu\/lv\/wp-json\/wp\/v2\/product_tag?post=11738"}],"curies":[{"name":"wp","href":"https:\/\/api.w.org\/{rel}","templated":true}]}}