{"id":11882,"date":"2023-11-22T17:12:02","date_gmt":"2024-02-14T12:25:09","guid":{"rendered":"https:\/\/birdbusters.eu\/?post_type=product&#038;p=11882"},"modified":"2025-10-31T11:01:22","modified_gmt":"2025-10-31T10:01:22","slug":"automatiskais-putnu-lazers","status":"publish","type":"product","link":"https:\/\/birdbusters.eu\/lv\/produkts\/automatiskais-putnu-lazers\/","title":{"rendered":"Autom\u0101tiskais putnu l\u0101zers"},"content":{"rendered":"<p>Piln\u012bb\u0101 autom\u0101tiskais putnu l\u0101zers ir visefekt\u012bv\u0101k\u0101 l\u0101zera ier\u012bce kait\u0113k\u013cu putnu apkaro\u0161anai. L\u0101zera stari p\u0101rvietojas uz priek\u0161u un atpaka\u013c l\u012bdz 350 gr\u0101diem horizont\u0101li un l\u012bdz 60 gr\u0101diem vertik\u0101li. Putni uztver l\u0101zera staru k\u0101 tuvojo\u0161u fizisku apdraud\u0113jumu un b\u0113g no ienaidnieka.<\/p>\n<p>Ier\u012bce ir \u012bpa\u0161i noder\u012bga lauksaimniec\u012bb\u0101 un d\u0101rzkop\u012bb\u0101 pret zos\u012bm, p\u012bl\u0113m un v\u0101rn\u0101m. Aug\u013cu d\u0101rzos tas ir efekt\u012bvs pret balo\u017eiem, korv\u012bdiem un z\u012bl\u0113m. Uz daudzdz\u012bvok\u013cu \u0113k\u0101m tas atbaida kaijas, balo\u017eus un v\u0101rnas. Tom\u0113r, ja balo\u017ei jau ir pieteiku\u0161i \u0161o apgabalu k\u0101 savu ligzdo\u0161anas vai baro\u0161an\u0101s vietu, l\u0101zers tos neizdz\u012bs.<\/p>\n<p>\u0160is konkr\u0113tais modelis ir paredz\u0113ts galvenok\u0101rt lieto\u0161anai \u0101rpus telp\u0101m v\u0101ja apgaismojuma apst\u0101k\u013cos. Tas ir visefekt\u012bv\u0101kais m\u0101ko\u0146ainos, lietainos vai miglainos laika apst\u0101k\u013cos un r\u012btos un vakaros, kad putni ir visakt\u012bv\u0101kie. Diapazons zem m\u0101ko\u0146ain\u0101m debes\u012bm ir l\u012bdz 2 kilometriem (1 j\u016bdze).<\/p>\n<p>Spilgt\u0101 saules gaism\u0101 l\u0101zera stars nav skaidri redzams, t\u0101p\u0113c ier\u012bce nav tik efekt\u012bva k\u0101 v\u0101ja apgaismojuma apst\u0101k\u013cos.<\/p>\n<p>L\u0101zers ir piln\u012bgi kluss, t\u0101p\u0113c tas netrauc\u0113s tuvum\u0101 eso\u0161os cilv\u0113kus. Tas ir ar\u012b iztur\u012bgs pret laikapst\u0101k\u013ciem (IP66) un darbojas temperat\u016br\u0101 no -15 l\u012bdz 30 \u2103.<\/p>\n<p>T\u0101 k\u0101 lidojuma reakciju izraisa putna izdz\u012bvo\u0161anas instinkts un l\u0101zera staru kust\u012bba ir neparedzama, pieradin\u0101\u0161anas efekta nav. Ja l\u0101zeru lieto konsekventi, putni s\u0101ks izvair\u012bties no \u0161\u012bs zonas.<\/p>\n<p>Autom\u0101tisko putnu l\u0101zeru ir \u013coti viegli iestat\u012bt. Varat iestat\u012bt diapazonu, izmantojot spiedpogas, un ier\u012bce ir gatava darb\u012bbai tikai da\u017eu min\u016b\u0161u laik\u0101. Darbojas vai nu ar 12 V akumulatoru, vai ar\u012b to var darbin\u0101t no saules pane\u013ca (pat ziemas m\u0113ne\u0161os). Citi piederumi ietver \u016bdensiztur\u012bgu adapteri l\u0101zera pievieno\u0161anai elektr\u012bbas padevei.<\/p>\n<p>NB! Autom\u0101tiskais putnu l\u0101zers tiek transport\u0113ts un pieg\u0101d\u0101ts uz paletes!<\/p>\n","protected":false},"excerpt":{"rendered":"<p>Jaud\u012bgs un efekt\u012bvs autom\u0101tiskais putnu l\u0101zers ir piln\u012bb\u0101 autom\u0101tiska iek\u0101rta, kas atbaida putnus no liela att\u0101luma ar horizont\u0101liem un vertik\u0101liem l\u0101zera stariem. \u012apa\u0161i efekt\u012bva viet\u0101s, kur ar horizont\u0101lo staru vien nepietiek. Tas ir \u013coti efekt\u012bvs aug\u013cu d\u0101rzos, v\u012bna d\u0101rzos un ar\u012b jumtu aizsardz\u012bbai, kur \u0113kas ir da\u017e\u0101da augstuma.<\/p>\n<p>Izm\u0113ri: 46 x 46 x 70<\/p>\n<p>Svars: 22 kg<\/p>\n","protected":false},"featured_media":11883,"template":"","meta":{"_themeisle_gutenberg_block_has_review":false},"product_brand":[],"product_cat":[48,62],"product_tag":[],"class_list":{"0":"post-11882","1":"product","2":"type-product","3":"status-publish","4":"has-post-thumbnail","6":"product_cat-putnu-atvairisanas-lidzekli","7":"product_cat-putnu-lazera-atvairitaji","9":"first","10":"onbackorder","11":"taxable","12":"shipping-taxable","13":"purchasable","14":"product-type-simple"},"_links":{"self":[{"href":"https:\/\/birdbusters.eu\/lv\/wp-json\/wp\/v2\/product\/11882","targetHints":{"allow":["GET"]}}],"collection":[{"href":"https:\/\/birdbusters.eu\/lv\/wp-json\/wp\/v2\/product"}],"about":[{"href":"https:\/\/birdbusters.eu\/lv\/wp-json\/wp\/v2\/types\/product"}],"wp:featuredmedia":[{"embeddable":true,"href":"https:\/\/birdbusters.eu\/lv\/wp-json\/wp\/v2\/media\/11883"}],"wp:attachment":[{"href":"https:\/\/birdbusters.eu\/lv\/wp-json\/wp\/v2\/media?parent=11882"}],"wp:term":[{"taxonomy":"product_brand","embeddable":true,"href":"https:\/\/birdbusters.eu\/lv\/wp-json\/wp\/v2\/product_brand?post=11882"},{"taxonomy":"product_cat","embeddable":true,"href":"https:\/\/birdbusters.eu\/lv\/wp-json\/wp\/v2\/product_cat?post=11882"},{"taxonomy":"product_tag","embeddable":true,"href":"https:\/\/birdbusters.eu\/lv\/wp-json\/wp\/v2\/product_tag?post=11882"}],"curies":[{"name":"wp","href":"https:\/\/api.w.org\/{rel}","templated":true}]}}