{"id":11947,"date":"2023-12-11T11:57:17","date_gmt":"2023-12-11T10:57:17","guid":{"rendered":"https:\/\/birdbusters.eu\/?post_type=product&#038;p=11947"},"modified":"2025-10-31T10:59:49","modified_gmt":"2025-10-31T09:59:49","slug":"rotejosais-putnu-atbaidisanas-lazers-lietosanai-iekstelpas-un-ara","status":"publish","type":"product","link":"https:\/\/birdbusters.eu\/lv\/produkts\/rotejosais-putnu-atbaidisanas-lazers-lietosanai-iekstelpas-un-ara\/","title":{"rendered":"Rot\u0113jo\u0161ais putnu atbaid\u012b\u0161anas l\u0101zers lieto\u0161anai iek\u0161telp\u0101s un \u0101r\u0101"},"content":{"rendered":"<p>L\u0101zeru var iesl\u0113gt un izsl\u0113gt tie\u0161i vai ar t\u0101lvad\u012bbas pulti. T\u0101lvad\u012bbas pultij ir divas funkcijas:<\/p>\n<p>iesl\u0113gt un izsl\u0113gt<br \/>\ntaimeris (2, 4, 6 vai 8 stundas)<br \/>\nAizsardz\u012bbas zonas: \u0113kas, ang\u0101ri, d\u0101rzi, lauki<br \/>\n<div style=\"width: 640px;\" class=\"wp-video\"><video class=\"wp-video-shortcode\" id=\"video-11947-1\" width=\"640\" height=\"360\" preload=\"metadata\" controls=\"controls\"><source type=\"video\/mp4\" src=\"https:\/\/birdbusters.eu\/wp-content\/uploads\/2023\/12\/2023-Bird-laser-control.mp4?_=1\" \/><a href=\"https:\/\/birdbusters.eu\/wp-content\/uploads\/2023\/12\/2023-Bird-laser-control.mp4\">https:\/\/birdbusters.eu\/wp-content\/uploads\/2023\/12\/2023-Bird-laser-control.mp4<\/a><\/video><\/div><\/p>\n<p>L\u0101zeram ir sp\u0113c\u012bgi 1000 milimetru (mW) stari za\u013c\u0101 kr\u0101s\u0101. Stari rada da\u017e\u0101dus mode\u013cus, kas rodas nejau\u0161\u0101 sec\u012bb\u0101. Bird-X Laser ir iepriek\u0161 ieprogramm\u0113ts, lai nov\u0113rstu kait\u0113k\u013cu piel\u0101go\u0161anos past\u0101v\u012bgajiem trauc\u0113jumiem. Tas sast\u0101v no IESL\u0112G\u0160ANAS\/IZSL\u0112G\u0160ANAS cikla, 5 min\u016b\u0161u l\u0101zera staru displeja cikla, kam seko 5 min\u016b\u0161u pauze. \u0160is cikls tiek uztur\u0113ts, kam\u0113r Bird-X Laser darbojas.<\/p>\n<p>Lai pagarin\u0101tu ier\u012bces kalpo\u0161anas laiku, \u013caujiet ier\u012bcei 30 min\u016btes atdzist p\u0113c 6-8 stundu darb\u012bbas.<\/p>\n<p>L\u0101zera efekt\u012bvais darb\u012bbas r\u0101diuss ir atkar\u012bgs no vides: tas ir lab\u0101k redzams tums\u0101 nek\u0101 gaism\u0101, vair\u0101k redzams sal\u012bdzino\u0161i atkl\u0101t\u0101 viet\u0101, nevis viet\u0101, kur ir daudz kr\u016bmu vai koku, kas blo\u0137\u0113 starus, un t\u0101 t\u0101l\u0101k. \u0160\u012b l\u0101zerstara maksim\u0101lais darb\u012bbas r\u0101diuss tums\u0101 ir 300 metri, efekt\u012bvais att\u0101lums 100m, maksim\u0101lais p\u0101rkl\u0101jums ir aptuveni 400 m2. P\u0101rkl\u0101jums ir k\u016bkas \u0161\u0137\u0113les form\u0101, maksim\u0101lais izklied\u0113jums no centra uz katru pusi ir 30 gr\u0101di (kop\u0101 60 gr\u0101di). Ier\u012bces rot\u0113jo\u0161\u0101 kust\u012bba nodro\u0161ina l\u0101zera staru p\u0101rkl\u0101jumu 120 gr\u0101du le\u0146\u0137\u012b. Atkar\u012bb\u0101 no izvietojuma otra ier\u012bce pied\u0101v\u0101tu liel\u0101ku siner\u0123isku p\u0101rkl\u0101jumu; t\u0101p\u0113c ir \u013coti ieteicams izmantot vair\u0101kus l\u0101zerus, \u012bpa\u0161i viet\u0101s, kur putni ir apmekl\u0113ju\u0161i ilg\u0101ku laiku vai ja teritorija ir \u012bpa\u0161i pievilc\u012bga (bar\u012bbas noliktavas). Ier\u012bce ir mitrumiztur\u012bga un piem\u0113rota lieto\u0161anai ar\u012b putek\u013cain\u0101 vid\u0113.<\/p>\n","protected":false},"excerpt":{"rendered":"<p>Lai putnus attur\u0113tu no lab\u012bbas vai bar\u012bbas noliktav\u0101m, to atbaid\u012b\u0161anai j\u0101izmanto kaut kas, ko tie nevar iztur\u0113t. \u0160is putnu atbaid\u012b\u0161anas l\u0101zers ir paredz\u0113ts balo\u017eu, zvirbu\u013cu, bezdel\u012bgu un citu putnu atbaid\u012b\u0161anai.<\/p>\n<p>&nbsp;<\/p>\n","protected":false},"featured_media":11948,"template":"","meta":{"_themeisle_gutenberg_block_has_review":false},"product_brand":[],"product_cat":[62,48],"product_tag":[],"class_list":{"0":"post-11947","1":"product","2":"type-product","3":"status-publish","4":"has-post-thumbnail","6":"product_cat-putnu-lazera-atvairitaji","7":"product_cat-putnu-atvairisanas-lidzekli","9":"first","10":"instock","11":"taxable","12":"shipping-taxable","13":"purchasable","14":"product-type-simple"},"_links":{"self":[{"href":"https:\/\/birdbusters.eu\/lv\/wp-json\/wp\/v2\/product\/11947","targetHints":{"allow":["GET"]}}],"collection":[{"href":"https:\/\/birdbusters.eu\/lv\/wp-json\/wp\/v2\/product"}],"about":[{"href":"https:\/\/birdbusters.eu\/lv\/wp-json\/wp\/v2\/types\/product"}],"wp:featuredmedia":[{"embeddable":true,"href":"https:\/\/birdbusters.eu\/lv\/wp-json\/wp\/v2\/media\/11948"}],"wp:attachment":[{"href":"https:\/\/birdbusters.eu\/lv\/wp-json\/wp\/v2\/media?parent=11947"}],"wp:term":[{"taxonomy":"product_brand","embeddable":true,"href":"https:\/\/birdbusters.eu\/lv\/wp-json\/wp\/v2\/product_brand?post=11947"},{"taxonomy":"product_cat","embeddable":true,"href":"https:\/\/birdbusters.eu\/lv\/wp-json\/wp\/v2\/product_cat?post=11947"},{"taxonomy":"product_tag","embeddable":true,"href":"https:\/\/birdbusters.eu\/lv\/wp-json\/wp\/v2\/product_tag?post=11947"}],"curies":[{"name":"wp","href":"https:\/\/api.w.org\/{rel}","templated":true}]}}