{"id":12083,"date":"2024-05-07T15:00:43","date_gmt":"2024-05-07T13:00:43","guid":{"rendered":"https:\/\/birdbusters.eu\/?post_type=product&#038;p=12083"},"modified":"2025-11-02T13:12:39","modified_gmt":"2025-11-02T12:12:39","slug":"putnu-atbaiditajs-super-pluss-copy-2","status":"publish","type":"product","link":"https:\/\/birdbusters.eu\/lv\/produkts\/putnu-atbaiditajs-super-pluss-copy-2\/","title":{"rendered":"Putnu atbaid\u012bt\u0101js Super Pluss"},"content":{"rendered":"<p>Putnu atbaid\u012bt\u0101js <strong>Super Pluss <\/strong>ar div\u0101m efekt\u012bv\u0101m atbaid\u012b\u0161anas metod\u0113m izmanto digit\u0101li uzlabotas pl\u0113s\u012bgo putnu balsis un ar\u012b putnu kliedzienus. Ier\u012bcei ir ieb\u016bv\u0113tas lieljaudas gaismas ziodes, kas rada vizu\u0101lu efektu, ietekm\u0113jot kait\u012bgos putnus un citus putnus, kas baid\u0101s no gaismas, un atturot tos no apsarg\u0101jam\u0101s teritorijas.<\/p>\n<p>PIR re\u017e\u012bms rea\u0123\u0113 uz kust\u012bb\u0101m un t\u0101d\u0113j\u0101di \u013cauj aizbied\u0113t putnus un dz\u012bvniekus, kad tie re\u0101li pietuvojas. T\u0101d\u0101 veid\u0101 vi\u0146i ilg\u0101k \u0161o teritoriju uztver k\u0101 b\u012bstamu. Lai apsarg\u0101tu liel\u0101ku teritoriju, (ap 4500 m2), j\u016bs varat izv\u0113l\u0113ties interv\u0101lu no 5 l\u012bdz 30 min\u016bt\u0113m, kuru laik\u0101 ier\u012bce izdos ska\u0146as un mirgojo\u0161as gaismas.<\/p>\n<h3><strong>Apsarg\u0101jamie objekti:<\/strong><strong><br \/>\n<\/strong>Lauku m\u0101jas, z\u0101lieni, d\u0101rzi, pagalmi, baseini, aug\u013cu d\u0101rzi, v\u012bna d\u0101rzi, kl\u0113tis, zivju d\u012b\u0137i, jahtas, tel\u0161u vietas, r\u016bpn\u012bcas, noliktavas un citi nekustamie \u012bpa\u0161umi.<\/h3>\n<h3><strong>Putni un savva\u013cas dz\u012bvnieki, kurus ier\u012bce ietekm\u0113<\/strong><strong>:<\/strong><\/h3>\n<h3>Dze\u0146i, zvirbu\u013ci, balo\u017ei, strazdi, v\u0101rnas un citas putnu sugas;<\/h3>\n<h3>Dz\u012bvnieki: za\u0137i, v\u0101veres, stirnas, me\u017eac\u016bkas, l\u0101\u010di, p\u0113rti\u0137i u.c.<\/h3>\n<p><strong>Funkcijas<\/strong> \u2013 efekt\u012bva kait\u012bgo putnu, dz\u012bvnieku un citu \u013caundaru atbaid\u012b\u0161ana ar bioakustisko metodi un mirgojo\u0161u gaismu, kad PIR re\u017e\u012bm\u0101, kad sensors konstat\u0113jis kust\u012bbu, vai autom\u0101tisk\u0101 re\u017e\u012bm\u0101 ar iestat\u012btu periodu no 5 l\u012bdz 30 min\u016bt\u0113m.<\/p>\n<p><strong>Nav novietojuma ierobe\u017eojumu<\/strong> &#8211; 6 D tipa baterijas (LR20) dod iesp\u0113ju novietot ier\u012bci jebkur\u0101 viet\u0101, k\u0101 ar\u012b izmain\u012bt atra\u0161an\u0101s vietu.<\/p>\n<p><strong>Hum\u0101ns<\/strong> \u2013 putnu atbaid\u012bt\u0101js Super Pluss darbojas k\u0101 neredzama barjera, atdarinot pl\u0113s\u012bgo putnu balsis un izdalot spilgtus gaismas sign\u0101lus, lai rad\u012btu putniem un savva\u013cas dz\u012bvniekiem nepievilc\u012bgu zonu. Neb\u016bs vairs probl\u0113mu ar putniem un dz\u012bvniekiem!<\/p>\n<p><strong>Divu veidu baro\u0161ana p\u0113c izv\u0113les<\/strong> \u2013 putnu atbaid\u012bt\u0101js Super Pluss darbojas uz 6 D tipa baterij\u0101m vai no t\u012bkla ar adapteri, kas nav iek\u013cauts komplekt\u0101. Se\u0161as D tipa baterijas PIR re\u017e\u012bm\u0101 sp\u0113j palaist ier\u012bci t\u016bksto\u0161iem rei\u017eu. Ieb\u016bv\u0113t\u0101 9 V l\u012bdzstr\u0101vas ieeja \u013cauj piesl\u0113gt ier\u012bci pie rozetes. Adapteris j\u0101ieg\u0101d\u0101jas atsevi\u0161\u0137i.<\/p>\n<p><strong>Vienk\u0101r\u0161a iestat\u012b\u0161ana<\/strong> \u2013 ieb\u016bv\u0113tais vad\u012bbas panelis ar pog\u0101m \u013cauj vienk\u0101r\u0161i un \u0113rti main\u012bt iestat\u012bjumus.<\/p>\n<p><strong>Parametri<\/strong>:<\/p>\n<p>Izm\u0113ri: 145x145x340 mm<\/p>\n<p>Svars: 860 g (bez baterij\u0101m)<\/p>\n<p>Baro\u0161anas avoti: 6 D tipa s\u0101rma baterijas (LR20). <strong>Baterijas nav iek\u013cautas komplekt\u0101<\/strong><strong>.<\/strong><\/p>\n<p>Baro\u0161ana: mai\u0146str\u0101vas adapteris (nav iek\u013cauts komplekt\u0101) 100-240 V mai\u0146str\u0101va, 50\/60 Hz. Izeja: 9 V l\u012bdzstr\u0101va (<em>female plug<\/em>)<\/p>\n<p>Ska\u0146a: bioakustiskas ska\u0146as, pl\u0113s\u012bgu putnu balsis, izbied\u0113tu putnu kliedzieni.<\/p>\n<p>Mirgojo\u0161as gaismas: 3 lieljaudas LED spuldzes<\/p>\n<p>Iedarb\u012bbas zona AUTO MODE re\u017e\u012bm\u0101: l\u012bdz 4500m2 (kad ska\u0146a noregul\u0113ta uz liel\u0101ko stiprumu)<\/p>\n<p>PIR-re\u017e\u012bm\u0101: v\u0113dek\u013cveida zona 130 gr\u0101du le\u0146\u0137\u012b 12 metru att\u0101lum\u0101.<\/p>\n<p>Ra\u017eots Taiv\u0101n\u0101<\/p>\n","protected":false},"excerpt":{"rendered":"<p><strong>Putnu atbaid\u012bt\u0101js<\/strong> <strong>Super Pluss <\/strong>ar bioakustisk\u0101m ska\u0146\u0101m un mirgojo\u0161\u0101m gaism\u0101m ir \u013coti iedarb\u012bgs, turkl\u0101t videi draudz\u012bgs veids, k\u0101 pasarg\u0101t teritoriju no nev\u0113lamiem putniem un savva\u013cas dz\u012bvniekiem.<\/p>\n[video width=\"700\" height=\"394\" mp4=\"https:\/\/birdbusters.eu\/wp-content\/uploads\/2021\/12\/Best-bird-deterrent-1-3.mp4\"][\/video]\n","protected":false},"featured_media":8698,"template":"","meta":{"_themeisle_gutenberg_block_has_review":false},"product_brand":[],"product_cat":[60],"product_tag":[],"class_list":{"0":"post-12083","1":"product","2":"type-product","3":"status-publish","4":"has-post-thumbnail","6":"product_cat-putnu-atvairitaji-ar-skanu","8":"first","9":"instock","10":"taxable","11":"shipping-taxable","12":"purchasable","13":"product-type-simple"},"_links":{"self":[{"href":"https:\/\/birdbusters.eu\/lv\/wp-json\/wp\/v2\/product\/12083","targetHints":{"allow":["GET"]}}],"collection":[{"href":"https:\/\/birdbusters.eu\/lv\/wp-json\/wp\/v2\/product"}],"about":[{"href":"https:\/\/birdbusters.eu\/lv\/wp-json\/wp\/v2\/types\/product"}],"wp:featuredmedia":[{"embeddable":true,"href":"https:\/\/birdbusters.eu\/lv\/wp-json\/wp\/v2\/media\/8698"}],"wp:attachment":[{"href":"https:\/\/birdbusters.eu\/lv\/wp-json\/wp\/v2\/media?parent=12083"}],"wp:term":[{"taxonomy":"product_brand","embeddable":true,"href":"https:\/\/birdbusters.eu\/lv\/wp-json\/wp\/v2\/product_brand?post=12083"},{"taxonomy":"product_cat","embeddable":true,"href":"https:\/\/birdbusters.eu\/lv\/wp-json\/wp\/v2\/product_cat?post=12083"},{"taxonomy":"product_tag","embeddable":true,"href":"https:\/\/birdbusters.eu\/lv\/wp-json\/wp\/v2\/product_tag?post=12083"}],"curies":[{"name":"wp","href":"https:\/\/api.w.org\/{rel}","templated":true}]}}