{"id":12946,"date":"2025-06-16T11:02:32","date_gmt":"2025-06-16T09:02:32","guid":{"rendered":"https:\/\/birdbusters.eu\/?post_type=product&#038;p=12946"},"modified":"2025-06-16T11:19:51","modified_gmt":"2025-06-16T09:19:51","slug":"zirneklis-putnu-atbaidisanai-12-m","status":"publish","type":"product","link":"https:\/\/birdbusters.eu\/lv\/produkts\/zirneklis-putnu-atbaidisanai-12-m\/","title":{"rendered":"Zirneklis putnu atbaid\u012b\u0161anai 1,2 m"},"content":{"rendered":"<p>Ja <strong>pretnos\u0113\u0161an\u0101s barjera<\/strong> ir efekt\u012bva tikai nelieliem laukumiem, piem\u0113ram, balkonu mal\u0101m vai jumtu kor\u0113m, tad ar zirnekli var aizsarg\u0101t jau liel\u0101kas plat\u012bbas. Zirnek\u013ca diametrs ir 1,20 m, un tas grie\u017eas. Ja ir lielas virsmas, uz t\u0101m var izvietot vair\u0101kus zirnek\u013cus. Piem\u0113rots kaiju, balo\u017eu un citu sam\u0113r\u0101 lielu putnu atbaid\u012b\u0161anai. Ide\u0101ls jahtu un citu peldl\u012bdzek\u013cu aizsarg\u0101\u0161anai.<\/p>\n<p><strong>K\u0101 str\u0101d\u0101:<\/strong> stiep\u013cveida deta\u013cu kust\u012bba putnus trauc\u0113 un ne\u013cauj piezem\u0113ties.<\/p>\n<p><strong>Uzst\u0101d\u012b\u0161ana: iesp\u0113jams nostiprin\u0101t ar 3 skr\u016bv\u0113m vai silikona l\u012bmi.<\/strong> Pas\u016btiet <a href=\"https:\/\/birdbusters.eu\/lv\/produkts\/zirneklveida-stiprinajums-putnu-atbaidisanai\/\">stiprin\u0101jumu<\/a> pagaidu uzst\u0101d\u012b\u0161anai uz jahtas str\u0113les, smil\u0161u palikt\u0146a vai cita objekta.<\/p>\n<p><strong>Papildinform\u0101cija:<\/strong> diameters 1,20 m<\/p>\n<p><iframe loading=\"lazy\" title=\"Birds Off Boats - Bird Spider Bird Deterrent\" width=\"500\" height=\"281\" src=\"https:\/\/www.youtube.com\/embed\/321UhUBkOEs?feature=oembed\" frameborder=\"0\" allow=\"accelerometer; autoplay; clipboard-write; encrypted-media; gyroscope; picture-in-picture; web-share\" referrerpolicy=\"strict-origin-when-cross-origin\" allowfullscreen><\/iframe><\/p>\n","protected":false},"excerpt":{"rendered":"<p>Zirneklis putnu atbaid\u012b\u0161anai 1,2 m ne\u013cauj kaij\u0101m piezem\u0113ties. Sevi\u0161\u0137i piem\u0113rots, lai pasarg\u0101tu ost\u0101 pietauvot\u0101s jahtas un kuterus.<\/p>\n<p>Putniem pat\u012bk izv\u0113l\u0113ties augstas vietas atp\u016btai, no kurienes var dro\u0161i nov\u0113rot apk\u0101rtni un mier\u012bgi darboties. Ta\u010du tas ne vienm\u0113r ir pie\u0146emams cilv\u0113kam \u2013 past\u0101v\u012bgais putnu rad\u012btais troksnis, k\u0101 ar\u012b piem\u0113slojums padara putnus par nev\u0113lamiem viesiem.<\/p>\n","protected":false},"featured_media":13063,"template":"","meta":{"_themeisle_gutenberg_block_has_review":false},"product_brand":[],"product_cat":[48,133],"product_tag":[],"class_list":{"0":"post-12946","1":"product","2":"type-product","3":"status-publish","4":"has-post-thumbnail","6":"product_cat-putnu-atvairisanas-lidzekli","7":"product_cat-putnu-tapas","9":"first","10":"instock","11":"taxable","12":"shipping-taxable","13":"purchasable","14":"product-type-simple"},"_links":{"self":[{"href":"https:\/\/birdbusters.eu\/lv\/wp-json\/wp\/v2\/product\/12946","targetHints":{"allow":["GET"]}}],"collection":[{"href":"https:\/\/birdbusters.eu\/lv\/wp-json\/wp\/v2\/product"}],"about":[{"href":"https:\/\/birdbusters.eu\/lv\/wp-json\/wp\/v2\/types\/product"}],"wp:featuredmedia":[{"embeddable":true,"href":"https:\/\/birdbusters.eu\/lv\/wp-json\/wp\/v2\/media\/13063"}],"wp:attachment":[{"href":"https:\/\/birdbusters.eu\/lv\/wp-json\/wp\/v2\/media?parent=12946"}],"wp:term":[{"taxonomy":"product_brand","embeddable":true,"href":"https:\/\/birdbusters.eu\/lv\/wp-json\/wp\/v2\/product_brand?post=12946"},{"taxonomy":"product_cat","embeddable":true,"href":"https:\/\/birdbusters.eu\/lv\/wp-json\/wp\/v2\/product_cat?post=12946"},{"taxonomy":"product_tag","embeddable":true,"href":"https:\/\/birdbusters.eu\/lv\/wp-json\/wp\/v2\/product_tag?post=12946"}],"curies":[{"name":"wp","href":"https:\/\/api.w.org\/{rel}","templated":true}]}}