{"id":14539,"date":"2026-04-21T08:43:35","date_gmt":"2026-04-21T06:43:35","guid":{"rendered":"https:\/\/birdbusters.eu\/?post_type=product&#038;p=14539"},"modified":"2026-04-21T11:27:18","modified_gmt":"2026-04-21T09:27:18","slug":"ergla-figura-bez-skanas","status":"publish","type":"product","link":"https:\/\/birdbusters.eu\/lv\/produkts\/ergla-figura-bez-skanas\/","title":{"rendered":"\u0112rg\u013ca fig\u016bra putnu atbaid\u012bt\u0101js bez ska\u0146as"},"content":{"rendered":"<p>\u0112rg\u013ca fig\u016bra ir apr\u012bkota ar groz\u0101mu gultni, kas \u013cauj fig\u016brai viegli griezties v\u0113j\u0101.<\/p>\n<h3><strong>Apsarg\u0101jamie objekti<\/strong><strong>:<\/strong> balkoni, d\u0101rzi, terases, d\u0101rze\u0146u st\u0101d\u012bjumi, \u0113kas, laivas, t\u012brumi.<\/h3>\n<p><strong>Uzst\u0101d\u012b\u0161ana<\/strong><strong>: <\/strong>Sp\u0101rni j\u0101nostiprina ar komplekt\u0101 iek\u013cautaj\u0101m skr\u016bv\u0113m tiem paredz\u0113taj\u0101 padzi\u013cin\u0101jum\u0101. Piestipriniet \u0113rgli pie sienas vai staba ar kron\u0161teinu. P\u0101rliecinieties, vai fig\u016brai pietiek vietas, lai grieztos.<\/p>\n<p><strong>Ieg\u016bstamais efekts<\/strong>: nev\u0113lamo putnu atbaid\u012b\u0161ana ar vizu\u0101lo efektu.<\/p>\n<p>Izm\u0113ri: 43 x 35 x 19 cm<\/p>\n<p>Iepakojuma izm\u0113ri 51 x 19 x 19 cm<\/p>\n","protected":false},"excerpt":{"rendered":"<p><strong>\u0112rg\u013ca fig\u016bra ar<\/strong>\u00a0nev\u0113lamu putnu atbaid\u012b\u0161anai no teras\u0113m, d\u0101rziem, t\u012brumiem, \u0113k\u0101m.<\/p>\n","protected":false},"featured_media":8726,"template":"","meta":{"_themeisle_gutenberg_block_has_review":false},"product_brand":[],"product_cat":[267,269,242,90,93,89],"product_tag":[],"class_list":{"0":"post-14539","1":"product","2":"type-product","3":"status-publish","4":"has-post-thumbnail","6":"product_cat-taubenabwehr","7":"product_cat-starenabwehr","8":"product_cat-vogelabwehr-im-garten","9":"product_cat-vogelabwehrmittel","10":"product_cat-akustische-vogelabwehr","11":"product_cat-visuelle-vogelabschreckungen","13":"first","14":"onbackorder","15":"taxable","16":"shipping-taxable","17":"purchasable","18":"product-type-simple"},"_links":{"self":[{"href":"https:\/\/birdbusters.eu\/lv\/wp-json\/wp\/v2\/product\/14539","targetHints":{"allow":["GET"]}}],"collection":[{"href":"https:\/\/birdbusters.eu\/lv\/wp-json\/wp\/v2\/product"}],"about":[{"href":"https:\/\/birdbusters.eu\/lv\/wp-json\/wp\/v2\/types\/product"}],"wp:featuredmedia":[{"embeddable":true,"href":"https:\/\/birdbusters.eu\/lv\/wp-json\/wp\/v2\/media\/8726"}],"wp:attachment":[{"href":"https:\/\/birdbusters.eu\/lv\/wp-json\/wp\/v2\/media?parent=14539"}],"wp:term":[{"taxonomy":"product_brand","embeddable":true,"href":"https:\/\/birdbusters.eu\/lv\/wp-json\/wp\/v2\/product_brand?post=14539"},{"taxonomy":"product_cat","embeddable":true,"href":"https:\/\/birdbusters.eu\/lv\/wp-json\/wp\/v2\/product_cat?post=14539"},{"taxonomy":"product_tag","embeddable":true,"href":"https:\/\/birdbusters.eu\/lv\/wp-json\/wp\/v2\/product_tag?post=14539"}],"curies":[{"name":"wp","href":"https:\/\/api.w.org\/{rel}","templated":true}]}}