{"id":14676,"date":"2025-09-19T12:02:57","date_gmt":"2025-09-19T10:02:57","guid":{"rendered":"https:\/\/birdbusters.eu\/product\/atstarojosa-puce-putnu-atbaiditajs\/"},"modified":"2026-04-29T17:47:32","modified_gmt":"2026-04-29T15:47:32","slug":"atstarojosa-puce-putnu-atbaiditajs","status":"publish","type":"product","link":"https:\/\/birdbusters.eu\/lv\/produkts\/atstarojosa-puce-putnu-atbaiditajs\/","title":{"rendered":"Atstarojo\u0161a p\u016bce &#8211; holografisks putnu atbaid\u012bt\u0101js"},"content":{"rendered":"<p>\u0160is p\u016bces formas putnu atbaid\u012bt\u0101js ir efekt\u012bvs un est\u0113tisks risin\u0101jums, lai d\u0101rzu un m\u0101ju uztur\u0113tu bez putniem. Divu kr\u0101su atstarojo\u0161ais dizains (sarkans un sudrabs) atstarojas saules gaismu, radot gaismas uzliesmojumus, kas mulsina putnus. Divi zvani apak\u0161\u0101 pievieno akustisku atbaid\u012b\u0161anu, kas darbojas gan ar v\u0113ju, gan ar kust\u012bbu.<\/p>\n<p>Vieglais piek\u0101rtais dizains \u013cauj p\u016bci izvietot verand\u0101, teras\u0113, d\u0101rz\u0101, koku zaros, d\u0101rza m\u016br\u012b vai pie logiem, lai nov\u0113rstu, ka putni ielidotu iek\u0161\u0101 un boj\u0101tu d\u0101rza produktus. Komplekt\u0101 iek\u013cauta piek\u0101r\u0161anas aukla un divi met\u0101la zvani.<\/p>\n<p>Lab\u0101kajiem rezult\u0101tiem vienlaic\u012bgi izmantojiet vair\u0101kas p\u016bces un \u013caujiet t\u0101m br\u012bvi kust\u0113ties v\u0113j\u0101. Tas aizsarg\u0101s j\u016bsu d\u0101rzu no aug\u013cu un d\u0101rze\u0146u kait\u0113k\u013ciem, tur\u0113s putnus dro\u0161\u0101 att\u0101lum\u0101 un pal\u012bdz\u0113s nov\u0113rst, ka tie ielau\u017eas logos.<\/p>\n<h3>Izmanto\u0161anas vietas: (d\u0101rze\u0146u) d\u0101rzi, jahtu piest\u0101tnes, lauksaimniec\u012bbas plat\u012bbas, balkoni, r\u016bpniecisk\u0101s zonas, laivas, jumti, terases, d\u012b\u0137i<\/h3>\n<h3>Ietekm\u0113t\u0101s sugas: balo\u017ei, v\u0101rnas, kov\u0101r\u0146i, \u017eagatas, strazdi, p\u012bles, dzeni<\/h3>\n","protected":false},"excerpt":{"rendered":"<p>Atstarojo\u0161a p\u016bce ir p\u016bces formas putnu atbaid\u012bt\u0101js ar holografisku efektu, kas apvieno vizu\u0101lo un akustisko iedarb\u012bbu.<\/p>\n<p>Virsma mirdz saul\u0113 un zvanu ska\u0146a tur putnus prom, aizsarg\u0101jot j\u016bsu d\u0101rzu, terasi un logus.<\/p>\n","protected":false},"featured_media":14108,"template":"","meta":{"_themeisle_gutenberg_block_has_review":false,"rank_math_focus_keyword":"atstarojo\u0161a p\u016bce putnu atbaid\u012bt\u0101js","rank_math_title":"Atstarojo\u0161a P\u016bce - Holografisks Putnu Atbaid\u012bt\u0101js | Bird Busters","rank_math_description":"Atstarojo\u0161a p\u016bce ar holografisku efektu - apvieno vizu\u0101lo un akustisko iedarb\u012bbu. Aizsarg\u0101 d\u0101rzu, terasi un logus no putniem.","rank_math_canonical_url":"","rank_math_facebook_title":"","rank_math_facebook_description":"","rank_math_facebook_image":"","rank_math_twitter_title":"","rank_math_twitter_description":"","rank_math_twitter_image":"","rank_math_schema_FAQPage":[]},"product_brand":[],"product_cat":[286,298,243,61,48,292,279],"product_tag":[],"class_list":{"0":"post-14676","1":"product","2":"type-product","3":"status-publish","4":"has-post-thumbnail","6":"product_cat-balozu-atbaidisana","7":"product_cat-dzenu-atbaidisanas-lidzekli","8":"product_cat-putnu-atbaidisana-darza","9":"product_cat-putnu-atbaidisanas-lidzekli","10":"product_cat-putnu-atvairisanas-lidzekli","11":"product_cat-strazdu-atbaidisana","12":"product_cat-varnu-un-krauklu-atbaidisana","14":"first","15":"instock","16":"taxable","17":"shipping-taxable","18":"purchasable","19":"product-type-simple"},"_links":{"self":[{"href":"https:\/\/birdbusters.eu\/lv\/wp-json\/wp\/v2\/product\/14676","targetHints":{"allow":["GET"]}}],"collection":[{"href":"https:\/\/birdbusters.eu\/lv\/wp-json\/wp\/v2\/product"}],"about":[{"href":"https:\/\/birdbusters.eu\/lv\/wp-json\/wp\/v2\/types\/product"}],"wp:featuredmedia":[{"embeddable":true,"href":"https:\/\/birdbusters.eu\/lv\/wp-json\/wp\/v2\/media\/14108"}],"wp:attachment":[{"href":"https:\/\/birdbusters.eu\/lv\/wp-json\/wp\/v2\/media?parent=14676"}],"wp:term":[{"taxonomy":"product_brand","embeddable":true,"href":"https:\/\/birdbusters.eu\/lv\/wp-json\/wp\/v2\/product_brand?post=14676"},{"taxonomy":"product_cat","embeddable":true,"href":"https:\/\/birdbusters.eu\/lv\/wp-json\/wp\/v2\/product_cat?post=14676"},{"taxonomy":"product_tag","embeddable":true,"href":"https:\/\/birdbusters.eu\/lv\/wp-json\/wp\/v2\/product_tag?post=14676"}],"curies":[{"name":"wp","href":"https:\/\/api.w.org\/{rel}","templated":true}]}}