{"id":14680,"date":"2025-08-11T10:17:38","date_gmt":"2025-08-11T08:17:38","guid":{"rendered":"https:\/\/birdbusters.eu\/product\/smilsu-maiss-daddi-long-legs\/"},"modified":"2026-04-29T16:15:00","modified_gmt":"2026-04-29T14:15:00","slug":"smilsu-maiss-daddi-long-legs","status":"publish","type":"product","link":"https:\/\/birdbusters.eu\/lv\/produkts\/smilsu-maiss-daddi-long-legs\/","title":{"rendered":"Smil\u0161u maiss kaiju atbaid\u012bt\u0101jam &#8220;Daddi Long Legs&#8221;"},"content":{"rendered":"<p>Smil\u0161u maiss nodro\u0161ina past\u0101v\u012bgu pamatni putnu bied\u0113klim bez l\u012bm\u0113\u0161anas vai urb\u0161anas. Tas ir izgatavots no laikapstak\u013ciem iztur\u012bga poliestera, kas ir iztur\u012bgs \u0101ra lieto\u0161anai. Aizmugur\u0113 ir poliestera lente ar gumiju, lai nov\u0113rstu skr\u0101p\u0113jumus uz laivas. Viegli piepild\u012bt ar smilt\u012bm, reiz piepild\u012bts ar smilt\u012bm, tas paliek stabils daudzos v\u0113jain\u0101 laik\u0101.<\/p>\n<p>Divi plastmasas rokturi un komplekt\u0101 iek\u013caut\u0101s ner\u016bs\u0113jo\u0161a t\u0113rauda M4 x 12 mm skr\u016bves nodro\u0161ina \u0101tru mont\u0101\u017eu. S\u0101nu rokturi \u013cauj papildu nostiprin\u0101\u0161anas iesp\u0113jas, izmantojot virves vai gumijas.<\/p>\n","protected":false},"excerpt":{"rendered":"<p>Smil\u0161u maiss \u013cauj izmantot putnu atbaid\u012bt\u0101ju &#8220;Daddi Long Legs&#8221; visur, kur ir probl\u0113mas ar putniem un kur svar\u012bga mobilit\u0101te: jahtas un laivas, laivo\u0161anas piest\u0101tnes un doki, skurste\u0146i un ventil\u0101cijas atveres uz jumtiem.<\/p>\n<p>Laikapstak\u013ciem iztur\u012bgs smil\u0161u maiss no stipra poliestera, kas nodro\u0161ina putnu bied\u0113k\u013ca stabilit\u0101ti pat v\u0113jain\u0101 laik\u0101.<\/p>\n","protected":false},"featured_media":14083,"template":"","meta":{"_themeisle_gutenberg_block_has_review":false,"rank_math_focus_keyword":"Daddi Long Legs smil\u0161u maiss","rank_math_title":"Smil\u0161u Maiss Daddi Long Legs Kaiju Atbaid\u012bt\u0101jam | Bird Busters","rank_math_description":"Laikapstak\u013ciem iztur\u012bgs smil\u0161u maiss Daddi Long Legs putnu atbaid\u012bt\u0101jam. Piem\u0113rots laiv\u0101m, piest\u0101tn\u0113m, jumtiem un skurste\u0146iem.","rank_math_canonical_url":"","rank_math_facebook_title":"","rank_math_facebook_description":"","rank_math_facebook_image":"","rank_math_twitter_title":"","rank_math_twitter_description":"","rank_math_twitter_image":"","rank_math_schema_FAQPage":[]},"product_brand":[],"product_cat":[133,291,238,228],"product_tag":[],"class_list":{"0":"post-14680","1":"product","2":"type-product","3":"status-publish","4":"has-post-thumbnail","6":"product_cat-putnu-tapas","7":"product_cat-kaiju-atbaidisana","8":"product_cat-putnu-atbaidisana-uz-ekam-un-jumtiem","9":"product_cat-putnu-kontrole-ostas-piestatnes-un-uz-laivam","11":"first","12":"instock","13":"taxable","14":"shipping-taxable","15":"purchasable","16":"product-type-simple"},"_links":{"self":[{"href":"https:\/\/birdbusters.eu\/lv\/wp-json\/wp\/v2\/product\/14680","targetHints":{"allow":["GET"]}}],"collection":[{"href":"https:\/\/birdbusters.eu\/lv\/wp-json\/wp\/v2\/product"}],"about":[{"href":"https:\/\/birdbusters.eu\/lv\/wp-json\/wp\/v2\/types\/product"}],"wp:featuredmedia":[{"embeddable":true,"href":"https:\/\/birdbusters.eu\/lv\/wp-json\/wp\/v2\/media\/14083"}],"wp:attachment":[{"href":"https:\/\/birdbusters.eu\/lv\/wp-json\/wp\/v2\/media?parent=14680"}],"wp:term":[{"taxonomy":"product_brand","embeddable":true,"href":"https:\/\/birdbusters.eu\/lv\/wp-json\/wp\/v2\/product_brand?post=14680"},{"taxonomy":"product_cat","embeddable":true,"href":"https:\/\/birdbusters.eu\/lv\/wp-json\/wp\/v2\/product_cat?post=14680"},{"taxonomy":"product_tag","embeddable":true,"href":"https:\/\/birdbusters.eu\/lv\/wp-json\/wp\/v2\/product_tag?post=14680"}],"curies":[{"name":"wp","href":"https:\/\/api.w.org\/{rel}","templated":true}]}}