{"id":14754,"date":"2026-05-01T23:02:59","date_gmt":"2026-05-01T21:02:59","guid":{"rendered":"https:\/\/birdbusters.eu\/product\/saules-energijas-putnu-atbaiditajs-ar-360-rotejosu-spoguli-un-skanas-signalu\/"},"modified":"2026-05-01T23:02:59","modified_gmt":"2026-05-01T21:02:59","slug":"saules-energijas-putnu-atbaiditajs-ar-360-rotejosu-spoguli-un-skanas-signalu","status":"publish","type":"product","link":"https:\/\/birdbusters.eu\/lv\/produkts\/saules-energijas-putnu-atbaiditajs-ar-360-rotejosu-spoguli-un-skanas-signalu\/","title":{"rendered":"Saules ener\u0123ijas putnu atbaid\u012bt\u0101js ar 360\u00b0 rot\u0113jo\u0161u spoguli un ska\u0146as sign\u0101lu"},"content":{"rendered":"<p>Atturiet putnus no savas terases, jumta vai d\u0101rza ar \u0161o gudro un videi draudz\u012bgo risin\u0101jumu.<\/p>\n<h2>K\u0101 tas darbojas<\/h2>\n<p>Ier\u012bce darbojas piln\u012bgi autom\u0101tiski ar v\u0113ja sp\u0113ku. Saules panelis aktiviz\u0113 sist\u0113mu dienas gaism\u0101. V\u0113j\u0161 rot\u0113 spogu\u013cus un spogu\u013cvirsmas izklied\u0113 saules gaismu visos virzienos. Rezult\u0101ts ir nep\u0101rtraukta kust\u012bba un gaismas atsp\u012bdumi.<\/p>\n<h2>\u012apa\u0161\u012bbas<\/h2>\n<ul>\n<li>Nav nepiecie\u0161amas baterijas vai elektriskais piesl\u0113gums<\/li>\n<li>Laikapst\u0101k\u013ciem iztur\u012bgs visu gadu<\/li>\n<li>Vienk\u0101r\u0161a uzst\u0101d\u012b\u0161ana uz jumtiem, teras\u0113m un balkoniem<\/li>\n<li>360 gr\u0101du rot\u0101cija<\/li>\n<li>Videi draudz\u012bgs un nekait\u0113 putniem<\/li>\n<\/ul>\n","protected":false},"excerpt":{"rendered":"<p>Ier\u012bce darbojas piln\u012bgi autom\u0101tiski ar v\u0113ja sp\u0113ku. Saules panelis aktiviz\u0113 sist\u0113mu dienas gaism\u0101. V\u0113j\u0161 rot\u0113 spogu\u013cus un spogu\u013cvirsmas izklied\u0113 saules gaismu da\u017e\u0101dos virzienos. Rezult\u0101ts ir nep\u0101rtraukta kust\u012bba un gaismas atsp\u012bdumi. Papildu efektam ier\u012bcei ir ska\u0146as sign\u0101ls.<\/p>\n","protected":false},"featured_media":14702,"template":"","meta":{"_themeisle_gutenberg_block_has_review":false,"rank_math_focus_keyword":"saules ener\u0123ijas putnu atbaid\u012bt\u0101js rot\u0113jo\u0161s spogulis","rank_math_title":"Saules Putnu Atbaid\u012bt\u0101js ar 360\u00b0 Rot\u0113jo\u0161u Spoguli un Ska\u0146u | Bird Busters","rank_math_description":"Saules ener\u0123ijas putnu atbaid\u012bt\u0101js ar 360\u00b0 rot\u0113jo\u0161u spoguli un ska\u0146as sign\u0101lu. Bez baterij\u0101m. Ide\u0101li teras\u0113m, jumtiem un d\u0101rziem.","rank_math_canonical_url":"","rank_math_facebook_title":"","rank_math_facebook_description":"","rank_math_facebook_image":"","rank_math_twitter_title":"","rank_math_twitter_description":"","rank_math_twitter_image":"","rank_math_schema_FAQPage":[]},"product_brand":[],"product_cat":[6,25],"product_tag":[],"class_list":{"0":"post-14754","1":"product","2":"type-product","3":"status-publish","4":"has-post-thumbnail","6":"product_cat-bird-deterrents","7":"product_cat-visual-bird-deterrents","9":"first","10":"instock","11":"taxable","12":"shipping-taxable","13":"purchasable","14":"product-type-simple"},"_links":{"self":[{"href":"https:\/\/birdbusters.eu\/lv\/wp-json\/wp\/v2\/product\/14754","targetHints":{"allow":["GET"]}}],"collection":[{"href":"https:\/\/birdbusters.eu\/lv\/wp-json\/wp\/v2\/product"}],"about":[{"href":"https:\/\/birdbusters.eu\/lv\/wp-json\/wp\/v2\/types\/product"}],"wp:featuredmedia":[{"embeddable":true,"href":"https:\/\/birdbusters.eu\/lv\/wp-json\/wp\/v2\/media\/14702"}],"wp:attachment":[{"href":"https:\/\/birdbusters.eu\/lv\/wp-json\/wp\/v2\/media?parent=14754"}],"wp:term":[{"taxonomy":"product_brand","embeddable":true,"href":"https:\/\/birdbusters.eu\/lv\/wp-json\/wp\/v2\/product_brand?post=14754"},{"taxonomy":"product_cat","embeddable":true,"href":"https:\/\/birdbusters.eu\/lv\/wp-json\/wp\/v2\/product_cat?post=14754"},{"taxonomy":"product_tag","embeddable":true,"href":"https:\/\/birdbusters.eu\/lv\/wp-json\/wp\/v2\/product_tag?post=14754"}],"curies":[{"name":"wp","href":"https:\/\/api.w.org\/{rel}","templated":true}]}}