{"id":1630,"date":"2018-11-30T09:17:07","date_gmt":"2018-11-30T08:17:07","guid":{"rendered":"https:\/\/birdbusters.eu\/product\/woodpecker-repellent\/"},"modified":"2025-12-05T12:32:22","modified_gmt":"2025-12-05T11:32:22","slug":"dzenu-atvairitajs","status":"publish","type":"product","link":"https:\/\/birdbusters.eu\/lv\/produkts\/dzenu-atvairitajs\/","title":{"rendered":"Dze\u0146u atvair\u012bt\u0101js"},"content":{"rendered":"<p data-start=\"10563\" data-end=\"10747\">Dze\u0146i var nodar\u012bt b\u016btiskus boj\u0101jumus \u0113k\u0101m. Kad dzenis ir ieradies j\u016bsu m\u0101j\u0101, vi\u0146u ir gr\u016bti padz\u012bt. T\u0101p\u0113c ieteicams r\u012bkoties jau pirmaj\u0101 br\u012bd\u012b, kad dzenis tiek paman\u012bts.<\/p>\n<p data-start=\"10749\" data-end=\"10991\">Lai efekt\u012bvi attbaid\u012btu dze\u0146us, ir pieejams \u012bpa\u0161s siluets. Tas signaliz\u0113 dzenim, kas mekl\u0113 jaunu teritoriju, ka re\u0123ions jau ir aiz\u0146emts. Dze\u0146i ir vientu\u013cnieki, un, uzst\u0101dot re\u0101listisku dze\u0146a siluetu uz j\u016bsu \u0113kas, j\u016bs varat attur\u0113t \u012bsto dzeni.<\/p>\n<p data-start=\"10993\" data-end=\"11233\">Siluets ir realistiska 2D silueta veid\u0101 uz t\u0113rauda pl\u0101ksnes, ar uzkr\u0101sotu dze\u0146a att\u0113lu. Tas tiek pievienots ar pieg\u0101d\u0101to alum\u012bnija pl\u0101ksni izv\u0113l\u0113taj\u0101 viet\u0101. Instal\u0113jot, vienm\u0113r j\u0101izv\u0113las vieta, no kuras siluets b\u016btu skaidri redzams dze\u0146iem.<\/p>\n<p data-start=\"11235\" data-end=\"11374\">Ja ir vair\u0101kas ietekm\u0113tas \u0113kas vietas, ieteicams uzst\u0101d\u012bt vair\u0101kas siluetus. Tom\u0113r j\u0101p\u0101rliecin\u0101s, ka starp siluetiem nav tie\u0161as redzam\u012bbas.<\/p>\n<p data-start=\"11376\" data-end=\"11615\">Koka elektro\u00advad\u012bbas stabos un fas\u0101d\u0113s jau ir veiksm\u012bgi izmantoti dze\u0146a silueti pret graiz\u012b\u0161anu \u2014 ar labu rezult\u0101tu. Bet piesardz\u012bba pret pieraduma efektu. Ja dzenis saprot, ka sien\u0101 eso\u0161ais \u201ckonkurents\u201d nesag\u0101d\u0101 \u012bstu draudu, vi\u0146\u0161 turpina.<\/p>\n<p data-start=\"11617\" data-end=\"11716\">Optim\u0101li b\u016btu siluetu laiku pa laikam no\u0146emt un uzst\u0101d\u012bt cit\u0101 viet\u0101, lai nov\u0113rstu pieradumu efektu.<\/p>\n<p data-start=\"11718\" data-end=\"11810\"><strong data-start=\"11718\" data-end=\"11738\">Lietojuma jomas:<\/strong> Siluets piem\u0113rots fas\u0101d\u0113m, koka stabiem, balkoniem, teras\u0113m un jumtiem.<\/p>\n","protected":false},"excerpt":{"rendered":"<p style=\"text-align: justify;\">Dzenis var izrais\u012bt re\u0101las probl\u0113mas, ja tas s\u0101k kalt m\u0101jas sienu un jumtu. Tom\u0113r dze\u0146iem pat\u012bk, ka teritorija pieder tikai vi\u0146iem, t\u0101p\u0113c tie nevar paciest, ja tuvum\u0101 ir cits dzenis. T\u0101d\u0113j\u0101di re\u0101la izskata dze\u0146a fig\u016bra uz j\u016bsu m\u0101jas, gaisa k\u0101rbas vai cita objekta, ko dze\u0146i m\u012bl kn\u0101b\u0101t, atbaida \u012bstos dze\u0146us.<\/p>\n<h2 style=\"text-align: justify;\">Aizsarg\u0101jam\u0101s teritorijas: jumti, koka m\u0101jas un m\u0101ju da\u013cas, koki, d\u0101rzi, laivas utt.<\/h2>\n<p style=\"text-align: justify;\">K\u0101 tas darbojas? Kad dzenis pamana v\u0113l vienu \u012bpatni, tas p\u0101rv\u0101cas.<\/p>\n<p style=\"text-align: justify;\">Uzst\u0101d\u012b\u0161ana: fig\u016bra j\u0101novieto p\u0113c iesp\u0113jas tuv\u0101k putna iecien\u012btajai kal\u0161anas vietai.<\/p>\n<p style=\"text-align: justify;\">Papildinform\u0101cija: fig\u016bras augstums 28\u00a0cm.<\/p>\n<p>Dzenis, kas kn\u0101b\u0101 m\u0101ju un jumtu, var izrais\u012bt re\u0101lu probl\u0113mu. T\u0101 k\u0101 vi\u0146am nepat\u012bk atrasties cita dze\u0146a tuvum\u0101, re\u0101la izskata dze\u0146a fig\u016bras novieto\u0161ana uz sienas, jumta, gaisa k\u0101rbas un citiem priek\u0161metiem, ko \u0161iem putniem pat\u012bk kn\u0101b\u0101t, atbaida \u012bstos dze\u0146us.<\/p>\n<p>&nbsp;<\/p>\n","protected":false},"featured_media":1565,"template":"","meta":{"_themeisle_gutenberg_block_has_review":false},"product_brand":[],"product_cat":[61,58],"product_tag":[],"class_list":{"0":"post-1630","1":"product","2":"type-product","3":"status-publish","4":"has-post-thumbnail","6":"product_cat-putnu-atbaidisanas-lidzekli","7":"product_cat-putnu-vizualie-atbaiditaji","9":"first","10":"instock","11":"taxable","12":"shipping-taxable","13":"purchasable","14":"product-type-simple"},"_links":{"self":[{"href":"https:\/\/birdbusters.eu\/lv\/wp-json\/wp\/v2\/product\/1630","targetHints":{"allow":["GET"]}}],"collection":[{"href":"https:\/\/birdbusters.eu\/lv\/wp-json\/wp\/v2\/product"}],"about":[{"href":"https:\/\/birdbusters.eu\/lv\/wp-json\/wp\/v2\/types\/product"}],"wp:featuredmedia":[{"embeddable":true,"href":"https:\/\/birdbusters.eu\/lv\/wp-json\/wp\/v2\/media\/1565"}],"wp:attachment":[{"href":"https:\/\/birdbusters.eu\/lv\/wp-json\/wp\/v2\/media?parent=1630"}],"wp:term":[{"taxonomy":"product_brand","embeddable":true,"href":"https:\/\/birdbusters.eu\/lv\/wp-json\/wp\/v2\/product_brand?post=1630"},{"taxonomy":"product_cat","embeddable":true,"href":"https:\/\/birdbusters.eu\/lv\/wp-json\/wp\/v2\/product_cat?post=1630"},{"taxonomy":"product_tag","embeddable":true,"href":"https:\/\/birdbusters.eu\/lv\/wp-json\/wp\/v2\/product_tag?post=1630"}],"curies":[{"name":"wp","href":"https:\/\/api.w.org\/{rel}","templated":true}]}}