{"id":1643,"date":"2016-06-15T12:52:52","date_gmt":"2016-06-15T10:52:52","guid":{"rendered":"https:\/\/birdbusters.eu\/product\/bird-gard-super-pro-biedeklis\/"},"modified":"2023-11-08T18:39:58","modified_gmt":"2023-11-08T17:39:58","slug":"bird-gard-super-pro-biedeklis","status":"publish","type":"product","link":"https:\/\/birdbusters.eu\/lv\/produkts\/bird-gard-super-pro-biedeklis\/","title":{"rendered":"Bird Gard Super Pro bied\u0113klis"},"content":{"rendered":"<p style=\"text-align: justify;\">Atbied\u0113 putnus, izdalot da\u017e\u0101das dab\u0101 ierakst\u012btas putnu ska\u0146as un kliedzienus.<br \/>\nAizsarg\u0101 l\u012bdz 2,4 hekt\u0101riem (24 000m2). Ier\u012bce ir apr\u012bkota ar kabe\u013ciem, kuriem ir akumulatora skavas (akumulators neietilpst komplekt\u0101), un \u010detrpus\u012bgiem ska\u013cru\u0146iem.\u00a0Stabs nav iek\u013cauts komplekt\u0101.<\/p>\n<p style=\"text-align: justify;\">Elektronisk\u0101 iek\u0101rta ir iemont\u0113ta dro\u0161\u0101 vad\u012bbas blok\u0101 un str\u0101d\u0101 jekburos laika apst\u0101k\u013cos. Taj\u0101 ir attiec\u012bg\u0101 putna atbied\u0113\u0161anai piem\u0113rots \u010dips. Da\u017e\u0101dus \u010dipus ir iesp\u0113jams piepirkt kl\u0101t (70 eiro\/gb) un viegli nomain\u012bt. Baro\u0161anas adapters \u00a0ir 1,5 m gar\u0161 un komplekt\u0101 ir ar\u012b kabe\u013ci ar 12V aku skavu. Ier\u012bcei ir da\u017e\u0101das programmas. \u00a0Piem\u0113ram, var izv\u0113l\u0113ties da\u017e\u0101das ska\u0146u kombin\u0101cijas un dienas vai 24 stundu re\u017e\u012bmu. Bet ir iesp\u0113jama ar\u012b nejau\u0161i izv\u0113l\u0113ta ska\u0146a nejau\u0161\u0101 laika spr\u012bd\u012b nejau\u0161i izv\u0113l\u0113t\u0101 ska\u013crun\u012b. Tie\u0161i nejau\u0161\u012bbas moments ir tas, no k\u0101 daudzi putni baid\u0101s..<\/p>\n<p style=\"text-align: justify;\">Pieejamas da\u017e\u0101das ska\u0146as kartes.<\/p>\n<p style=\"text-align: justify;\">Iesniedzot pas\u016bt\u012bjumu, ats\u016btiet atsevi\u0161\u0137i zi\u0146u ar e-pastu, ar \u00a0k\u0101du karti v\u0113laties \u0161o ier\u012bci nopirkt.<\/p>\n<p style=\"text-align: justify;\">Bird Gard Supe pro ir dro\u0161s, hum\u0101ns un apk\u0101rt\u0113jai videi nekait\u012bgs.<br \/>\nIer\u012bces dati:<br \/>\nPret da\u017e\u0101diem laika apst\u0101k\u013ciem aizsarg\u0101ts korpuss un gaismas sensors<br \/>\nFrekven\u010du diapazons: 2,000 &#8211; 10,000 Hz<br \/>\nBarojums: 12VDC (1 AMP)<br \/>\nBaro\u0161anas adapters 220VAC<br \/>\nSka\u0146as stiprums: 105-110dB m\u0113r\u012bts 1 metra att\u0101lum\u0101<\/p>\n<p style=\"text-align: justify;\">Izgatavots ASV<\/p>\n","protected":false},"excerpt":{"rendered":"<p>Atbied\u0113 putnus, izdalot da\u017e\u0101das dab\u0101 ierakst\u012btas putnu ska\u0146as un kliedzienus.<br \/>\nAizsarg\u0101 l\u012bdz 2,4 hekt\u0101riem (24 000m2). Elektronisk\u0101 iek\u0101rta ir iemont\u0113ta dro\u0161\u0101 vad\u012bbas blok\u0101 un str\u0101d\u0101 jekburos laika apst\u0101k\u013cos.<\/p>\n<p>https:\/\/youtu.be\/rBnHY4xFQBo<\/p>\n<p>&nbsp;<\/p>\n","protected":false},"featured_media":5511,"template":"","meta":{"_themeisle_gutenberg_block_has_review":false,"rank_math_focus_keyword":"","rank_math_title":"","rank_math_description":"","rank_math_canonical_url":"","rank_math_facebook_title":"","rank_math_facebook_description":"","rank_math_facebook_image":"","rank_math_twitter_title":"","rank_math_twitter_description":"","rank_math_twitter_image":"","rank_math_schema_FAQPage":[]},"product_brand":[],"product_cat":[61,60],"product_tag":[],"class_list":{"0":"post-1643","1":"product","2":"type-product","3":"status-publish","4":"has-post-thumbnail","6":"product_cat-putnu-atbaidisanas-lidzekli","7":"product_cat-putnu-atvairitaji-ar-skanu","9":"first","10":"onbackorder","11":"taxable","12":"shipping-taxable","13":"purchasable","14":"product-type-simple"},"_links":{"self":[{"href":"https:\/\/birdbusters.eu\/lv\/wp-json\/wp\/v2\/product\/1643","targetHints":{"allow":["GET"]}}],"collection":[{"href":"https:\/\/birdbusters.eu\/lv\/wp-json\/wp\/v2\/product"}],"about":[{"href":"https:\/\/birdbusters.eu\/lv\/wp-json\/wp\/v2\/types\/product"}],"wp:featuredmedia":[{"embeddable":true,"href":"https:\/\/birdbusters.eu\/lv\/wp-json\/wp\/v2\/media\/5511"}],"wp:attachment":[{"href":"https:\/\/birdbusters.eu\/lv\/wp-json\/wp\/v2\/media?parent=1643"}],"wp:term":[{"taxonomy":"product_brand","embeddable":true,"href":"https:\/\/birdbusters.eu\/lv\/wp-json\/wp\/v2\/product_brand?post=1643"},{"taxonomy":"product_cat","embeddable":true,"href":"https:\/\/birdbusters.eu\/lv\/wp-json\/wp\/v2\/product_cat?post=1643"},{"taxonomy":"product_tag","embeddable":true,"href":"https:\/\/birdbusters.eu\/lv\/wp-json\/wp\/v2\/product_tag?post=1643"}],"curies":[{"name":"wp","href":"https:\/\/api.w.org\/{rel}","templated":true}]}}