{"id":1647,"date":"2016-06-13T12:40:29","date_gmt":"2016-06-13T10:40:29","guid":{"rendered":"https:\/\/birdbusters.eu\/product\/bird-gard-skalrunis\/"},"modified":"2025-07-03T10:16:54","modified_gmt":"2025-07-03T08:16:54","slug":"bird-gard-skalrunis","status":"publish","type":"product","link":"https:\/\/birdbusters.eu\/lv\/produkts\/bird-gard-skalrunis\/","title":{"rendered":"Bird Gard ska\u013crunis"},"content":{"rendered":"<p>Papildus ska\u013crunis priek\u0161 Bird Gard. Pieg\u0101des laiks l\u012bdz 2 ned\u0113\u013c\u0101m.<\/p>\n","protected":false},"excerpt":{"rendered":"<p>Papildus ska\u013crunis priek\u0161 Bird Gard.<\/p>\n<p>&nbsp;<\/p>\n","protected":false},"featured_media":1297,"template":"","meta":{"_themeisle_gutenberg_block_has_review":false},"product_brand":[],"product_cat":[61,60],"product_tag":[],"class_list":{"0":"post-1647","1":"product","2":"type-product","3":"status-publish","4":"has-post-thumbnail","6":"product_cat-putnu-atbaidisanas-lidzekli","7":"product_cat-putnu-atvairitaji-ar-skanu","9":"first","10":"onbackorder","11":"taxable","12":"shipping-taxable","13":"purchasable","14":"product-type-simple"},"_links":{"self":[{"href":"https:\/\/birdbusters.eu\/lv\/wp-json\/wp\/v2\/product\/1647","targetHints":{"allow":["GET"]}}],"collection":[{"href":"https:\/\/birdbusters.eu\/lv\/wp-json\/wp\/v2\/product"}],"about":[{"href":"https:\/\/birdbusters.eu\/lv\/wp-json\/wp\/v2\/types\/product"}],"wp:featuredmedia":[{"embeddable":true,"href":"https:\/\/birdbusters.eu\/lv\/wp-json\/wp\/v2\/media\/1297"}],"wp:attachment":[{"href":"https:\/\/birdbusters.eu\/lv\/wp-json\/wp\/v2\/media?parent=1647"}],"wp:term":[{"taxonomy":"product_brand","embeddable":true,"href":"https:\/\/birdbusters.eu\/lv\/wp-json\/wp\/v2\/product_brand?post=1647"},{"taxonomy":"product_cat","embeddable":true,"href":"https:\/\/birdbusters.eu\/lv\/wp-json\/wp\/v2\/product_cat?post=1647"},{"taxonomy":"product_tag","embeddable":true,"href":"https:\/\/birdbusters.eu\/lv\/wp-json\/wp\/v2\/product_tag?post=1647"}],"curies":[{"name":"wp","href":"https:\/\/api.w.org\/{rel}","templated":true}]}}