{"id":1648,"date":"2016-04-10T19:31:52","date_gmt":"2016-04-10T17:31:52","guid":{"rendered":"https:\/\/birdbusters.eu\/product\/12v-baterija\/"},"modified":"2023-04-10T17:01:36","modified_gmt":"2023-04-10T15:01:36","slug":"12v-baterija","status":"publish","type":"product","link":"https:\/\/birdbusters.eu\/lv\/produkts\/12v-baterija\/","title":{"rendered":"12V Baterija"},"content":{"rendered":"<p>12V baterija 9Ah der k\u0101 <a href=\"https:\/\/birdbusters.eu\/lv\/product\/elektroniski-vadams-gazes-lielgabals\/\">g\u0101zes lielgabalam<\/a> t\u0101 ar\u012b putnu un zv\u0113ru bied\u0113klim <a href=\"https:\/\/birdbusters.eu\/lv\/product\/putnu-un-zveru-biedeklis-scarey-man\/\">Scare Man<\/a>.<\/p>\n","protected":false},"excerpt":{"rendered":"<p>12 V 9 Ah akumulators ir piem\u0113rots gan g\u0101zes pistolei, gan putnu un dz\u012bvnieku bied\u0113klim Scarey Man.<\/p>\n<p>&nbsp;<\/p>\n","protected":false},"featured_media":1359,"template":"","meta":{"_themeisle_gutenberg_block_has_review":false},"product_brand":[],"product_cat":[48,64],"product_tag":[],"class_list":{"0":"post-1648","1":"product","2":"type-product","3":"status-publish","4":"has-post-thumbnail","6":"product_cat-putnu-atvairisanas-lidzekli","7":"product_cat-putnu-petardes","9":"first","10":"instock","11":"taxable","12":"shipping-taxable","13":"purchasable","14":"product-type-simple"},"_links":{"self":[{"href":"https:\/\/birdbusters.eu\/lv\/wp-json\/wp\/v2\/product\/1648","targetHints":{"allow":["GET"]}}],"collection":[{"href":"https:\/\/birdbusters.eu\/lv\/wp-json\/wp\/v2\/product"}],"about":[{"href":"https:\/\/birdbusters.eu\/lv\/wp-json\/wp\/v2\/types\/product"}],"wp:featuredmedia":[{"embeddable":true,"href":"https:\/\/birdbusters.eu\/lv\/wp-json\/wp\/v2\/media\/1359"}],"wp:attachment":[{"href":"https:\/\/birdbusters.eu\/lv\/wp-json\/wp\/v2\/media?parent=1648"}],"wp:term":[{"taxonomy":"product_brand","embeddable":true,"href":"https:\/\/birdbusters.eu\/lv\/wp-json\/wp\/v2\/product_brand?post=1648"},{"taxonomy":"product_cat","embeddable":true,"href":"https:\/\/birdbusters.eu\/lv\/wp-json\/wp\/v2\/product_cat?post=1648"},{"taxonomy":"product_tag","embeddable":true,"href":"https:\/\/birdbusters.eu\/lv\/wp-json\/wp\/v2\/product_tag?post=1648"}],"curies":[{"name":"wp","href":"https:\/\/api.w.org\/{rel}","templated":true}]}}