{"id":1649,"date":"2016-04-10T19:15:32","date_gmt":"2016-04-10T17:15:32","guid":{"rendered":"https:\/\/birdbusters.eu\/product\/vanaga-makets\/"},"modified":"2023-02-20T15:24:35","modified_gmt":"2023-02-20T14:24:35","slug":"putnus-atbaidoss-piekuns","status":"publish","type":"product","link":"https:\/\/birdbusters.eu\/lv\/produkts\/putnus-atbaidoss-piekuns\/","title":{"rendered":"Putnus atbaido\u0161s piek\u016bns"},"content":{"rendered":"<p>No vanaga baid\u0101s liel\u0101k\u0101 da\u013ca mazo putnu. Maketa atra\u0161an\u0101s vietu ieteicams regul\u0101ri main\u012bt . Der putnu atbied\u0113\u0161anai maz\u0101kos d\u0101rzos.<\/p>\n","protected":false},"excerpt":{"rendered":"<p>No vanaga baid\u0101s liel\u0101k\u0101 da\u013ca mazo putnu. Maketa atra\u0161an\u0101s vietu ieteicams regul\u0101ri main\u012bt. Der putnu atbied\u0113\u0161anai maz\u0101kos d\u0101rzos.<\/p>\n","protected":false},"featured_media":1357,"template":"","meta":{"_themeisle_gutenberg_block_has_review":false,"rank_math_focus_keyword":"","rank_math_title":"","rank_math_description":"","rank_math_canonical_url":"","rank_math_facebook_title":"","rank_math_facebook_description":"","rank_math_facebook_image":"","rank_math_twitter_title":"","rank_math_twitter_description":"","rank_math_twitter_image":"","rank_math_schema_FAQPage":[]},"product_brand":[],"product_cat":[61,58],"product_tag":[],"class_list":{"0":"post-1649","1":"product","2":"type-product","3":"status-publish","4":"has-post-thumbnail","6":"product_cat-putnu-atbaidisanas-lidzekli","7":"product_cat-putnu-vizualie-atbaiditaji","9":"first","10":"instock","11":"taxable","12":"shipping-taxable","13":"purchasable","14":"product-type-simple"},"_links":{"self":[{"href":"https:\/\/birdbusters.eu\/lv\/wp-json\/wp\/v2\/product\/1649","targetHints":{"allow":["GET"]}}],"collection":[{"href":"https:\/\/birdbusters.eu\/lv\/wp-json\/wp\/v2\/product"}],"about":[{"href":"https:\/\/birdbusters.eu\/lv\/wp-json\/wp\/v2\/types\/product"}],"wp:featuredmedia":[{"embeddable":true,"href":"https:\/\/birdbusters.eu\/lv\/wp-json\/wp\/v2\/media\/1357"}],"wp:attachment":[{"href":"https:\/\/birdbusters.eu\/lv\/wp-json\/wp\/v2\/media?parent=1649"}],"wp:term":[{"taxonomy":"product_brand","embeddable":true,"href":"https:\/\/birdbusters.eu\/lv\/wp-json\/wp\/v2\/product_brand?post=1649"},{"taxonomy":"product_cat","embeddable":true,"href":"https:\/\/birdbusters.eu\/lv\/wp-json\/wp\/v2\/product_cat?post=1649"},{"taxonomy":"product_tag","embeddable":true,"href":"https:\/\/birdbusters.eu\/lv\/wp-json\/wp\/v2\/product_tag?post=1649"}],"curies":[{"name":"wp","href":"https:\/\/api.w.org\/{rel}","templated":true}]}}