{"id":1651,"date":"2015-10-09T13:26:33","date_gmt":"2015-10-09T11:26:33","guid":{"rendered":"https:\/\/birdbusters.eu\/product\/darza-sargs-220v-ar-sensoru\/"},"modified":"2026-01-22T22:21:22","modified_gmt":"2026-01-22T21:21:22","slug":"darza-sargs-ar-sensoru","status":"publish","type":"product","link":"https:\/\/birdbusters.eu\/lv\/produkts\/darza-sargs-ar-sensoru\/","title":{"rendered":"D\u0101rza sargs ar sensoru"},"content":{"rendered":"<p>Ar sensoru apg\u0101d\u0101ts d\u0101rza sargs 220v ir piem\u0113rots izmanto\u0161anai d\u0101rz\u0101 un atbied\u0113 k\u0101 dz\u012bvniekus t\u0101 ar\u012b putnus. Pieg\u0101des laiks 2-3 darba dienas.<\/p>\n<p><a href=\"https:\/\/youtu.be\/0YIwTXv0-24\" target=\"_blank\" rel=\"noopener noreferrer\">Klausies, k\u0101du ska\u0146u izdala ar sensoru apg\u0101d\u0101ts d\u0101rza sargs.<\/a><\/p>\n","protected":false},"excerpt":{"rendered":"<p>D\u0101rza sargs ar sensoru ir piem\u0113rots izmanto\u0161anai d\u0101rz\u0101 un atbied\u0113 k\u0101 dz\u012bvniekus t\u0101 ar\u012b putnus.<\/p>\n<p>https:\/\/youtu.be\/dfJHtk4WCOo<\/p>\n<p>&nbsp;<\/p>\n","protected":false},"featured_media":12525,"template":"","meta":{"_themeisle_gutenberg_block_has_review":false},"product_brand":[],"product_cat":[187,61,60],"product_tag":[],"class_list":{"0":"post-1651","1":"product","2":"type-product","3":"status-publish","4":"has-post-thumbnail","6":"product_cat-kurmju-atbaiditajs-un-dzivnieku-atbaiditajs-dabigs-risinajums-darzam-un-zalienam","7":"product_cat-putnu-atbaidisanas-lidzekli","8":"product_cat-putnu-atvairitaji-ar-skanu","10":"first","11":"instock","12":"taxable","13":"shipping-taxable","14":"purchasable","15":"product-type-simple"},"_links":{"self":[{"href":"https:\/\/birdbusters.eu\/lv\/wp-json\/wp\/v2\/product\/1651","targetHints":{"allow":["GET"]}}],"collection":[{"href":"https:\/\/birdbusters.eu\/lv\/wp-json\/wp\/v2\/product"}],"about":[{"href":"https:\/\/birdbusters.eu\/lv\/wp-json\/wp\/v2\/types\/product"}],"wp:featuredmedia":[{"embeddable":true,"href":"https:\/\/birdbusters.eu\/lv\/wp-json\/wp\/v2\/media\/12525"}],"wp:attachment":[{"href":"https:\/\/birdbusters.eu\/lv\/wp-json\/wp\/v2\/media?parent=1651"}],"wp:term":[{"taxonomy":"product_brand","embeddable":true,"href":"https:\/\/birdbusters.eu\/lv\/wp-json\/wp\/v2\/product_brand?post=1651"},{"taxonomy":"product_cat","embeddable":true,"href":"https:\/\/birdbusters.eu\/lv\/wp-json\/wp\/v2\/product_cat?post=1651"},{"taxonomy":"product_tag","embeddable":true,"href":"https:\/\/birdbusters.eu\/lv\/wp-json\/wp\/v2\/product_tag?post=1651"}],"curies":[{"name":"wp","href":"https:\/\/api.w.org\/{rel}","templated":true}]}}