{"id":1653,"date":"2015-10-09T12:13:23","date_gmt":"2015-10-09T10:13:23","guid":{"rendered":"https:\/\/birdbusters.eu\/product\/zveru-un-putnu-biedeklis-ar-kustibas-detektoru\/"},"modified":"2024-11-26T12:32:50","modified_gmt":"2024-11-26T11:32:50","slug":"zveru-un-putnu-biedeklis-ar-kustibas-detektoru","status":"publish","type":"product","link":"https:\/\/birdbusters.eu\/lv\/produkts\/zveru-un-putnu-biedeklis-ar-kustibas-detektoru\/","title":{"rendered":"Zv\u0113ru un putnu bied\u0113klis ar kust\u012bbas detektoru"},"content":{"rendered":"<p>Bied\u0113klis s\u0101k str\u0101d\u0101t, kad uztverta kust\u012bba. Saules baterija tiek uzl\u0101d\u0113ta saules gaism\u0101. Papildus uzl\u0101d\u0113\u0161ana nav vajadz\u012bga. \u00a0Ier\u012bce izdala ska\u0146u, kas atg\u0101dina \u0161aud\u012b\u0161anu, un mirk\u0161\u0137ina uguni. Der d\u0101rz\u0101.<\/p>\n","protected":false},"excerpt":{"rendered":"<p>Bied\u0113klis s\u0101k str\u0101d\u0101t, kad uztverta kust\u012bba. Saules baterija tiek uzl\u0101d\u0113ta saules gaism\u0101. Papildus uzl\u0101d\u0113\u0161ana nav vajadz\u012bga. Ier\u012bce izdala ska\u0146u, kas atg\u0101dina \u0161aud\u012b\u0161anu, un mirk\u0161\u0137ina uguni.<\/p>\n<p>https:\/\/youtu.be\/9pZwSAzaT5Y<\/p>\n<p>&nbsp;<\/p>\n","protected":false},"featured_media":11443,"template":"","meta":{"_themeisle_gutenberg_block_has_review":false,"rank_math_focus_keyword":"","rank_math_title":"","rank_math_description":"","rank_math_canonical_url":"","rank_math_facebook_title":"","rank_math_facebook_description":"","rank_math_facebook_image":"","rank_math_twitter_title":"","rank_math_twitter_description":"","rank_math_twitter_image":"","rank_math_schema_FAQPage":[]},"product_brand":[],"product_cat":[187,61,60],"product_tag":[],"class_list":{"0":"post-1653","1":"product","2":"type-product","3":"status-publish","4":"has-post-thumbnail","6":"product_cat-kurmju-atbaiditajs-un-dzivnieku-atbaiditajs-dabigs-risinajums-darzam-un-zalienam","7":"product_cat-putnu-atbaidisanas-lidzekli","8":"product_cat-putnu-atvairitaji-ar-skanu","10":"first","11":"instock","12":"taxable","13":"shipping-taxable","14":"purchasable","15":"product-type-simple"},"_links":{"self":[{"href":"https:\/\/birdbusters.eu\/lv\/wp-json\/wp\/v2\/product\/1653","targetHints":{"allow":["GET"]}}],"collection":[{"href":"https:\/\/birdbusters.eu\/lv\/wp-json\/wp\/v2\/product"}],"about":[{"href":"https:\/\/birdbusters.eu\/lv\/wp-json\/wp\/v2\/types\/product"}],"wp:featuredmedia":[{"embeddable":true,"href":"https:\/\/birdbusters.eu\/lv\/wp-json\/wp\/v2\/media\/11443"}],"wp:attachment":[{"href":"https:\/\/birdbusters.eu\/lv\/wp-json\/wp\/v2\/media?parent=1653"}],"wp:term":[{"taxonomy":"product_brand","embeddable":true,"href":"https:\/\/birdbusters.eu\/lv\/wp-json\/wp\/v2\/product_brand?post=1653"},{"taxonomy":"product_cat","embeddable":true,"href":"https:\/\/birdbusters.eu\/lv\/wp-json\/wp\/v2\/product_cat?post=1653"},{"taxonomy":"product_tag","embeddable":true,"href":"https:\/\/birdbusters.eu\/lv\/wp-json\/wp\/v2\/product_tag?post=1653"}],"curies":[{"name":"wp","href":"https:\/\/api.w.org\/{rel}","templated":true}]}}