{"id":1656,"date":"2015-10-09T10:40:02","date_gmt":"2015-10-09T08:40:02","guid":{"rendered":"https:\/\/birdbusters.eu\/product\/biedejosa-lente\/"},"modified":"2023-04-06T11:26:32","modified_gmt":"2023-04-06T09:26:32","slug":"biedejosa-lente","status":"publish","type":"product","link":"https:\/\/birdbusters.eu\/lv\/produkts\/biedejosa-lente\/","title":{"rendered":"Bied\u0113jo\u0161a lente 2x80m"},"content":{"rendered":"<p>Bied\u0113jo\u0161a lente ir dom\u0101ta visu putnu atbied\u0113\u0161anai dienas laik\u0101. Vien\u0101 pak\u0101 ir lente 2&#215;80 m.<\/p>\n<p>Skaties ar\u012b video:<\/p>\n<p><iframe loading=\"lazy\" title=\"The De-Bird Repellent Reflective Scare Tap\" width=\"500\" height=\"281\" src=\"https:\/\/www.youtube.com\/embed\/WkEvp7c5s-I?feature=oembed\" frameborder=\"0\" allow=\"accelerometer; autoplay; clipboard-write; encrypted-media; gyroscope; picture-in-picture; web-share\" referrerpolicy=\"strict-origin-when-cross-origin\" allowfullscreen><\/iframe><\/p>\n","protected":false},"excerpt":{"rendered":"<p>Bied\u0113jo\u0161a lente ir dom\u0101ta visu putnu atbied\u0113\u0161anai dienas laik\u0101.<\/p>\n<p>https:\/\/youtu.be\/vgGuoy3mG2I<\/p>\n<p>&nbsp;<\/p>\n","protected":false},"featured_media":2441,"template":"","meta":{"_themeisle_gutenberg_block_has_review":false},"product_brand":[],"product_cat":[61,58],"product_tag":[],"class_list":{"0":"post-1656","1":"product","2":"type-product","3":"status-publish","4":"has-post-thumbnail","6":"product_cat-putnu-atbaidisanas-lidzekli","7":"product_cat-putnu-vizualie-atbaiditaji","9":"first","10":"instock","11":"taxable","12":"shipping-taxable","13":"purchasable","14":"product-type-simple"},"_links":{"self":[{"href":"https:\/\/birdbusters.eu\/lv\/wp-json\/wp\/v2\/product\/1656","targetHints":{"allow":["GET"]}}],"collection":[{"href":"https:\/\/birdbusters.eu\/lv\/wp-json\/wp\/v2\/product"}],"about":[{"href":"https:\/\/birdbusters.eu\/lv\/wp-json\/wp\/v2\/types\/product"}],"wp:featuredmedia":[{"embeddable":true,"href":"https:\/\/birdbusters.eu\/lv\/wp-json\/wp\/v2\/media\/2441"}],"wp:attachment":[{"href":"https:\/\/birdbusters.eu\/lv\/wp-json\/wp\/v2\/media?parent=1656"}],"wp:term":[{"taxonomy":"product_brand","embeddable":true,"href":"https:\/\/birdbusters.eu\/lv\/wp-json\/wp\/v2\/product_brand?post=1656"},{"taxonomy":"product_cat","embeddable":true,"href":"https:\/\/birdbusters.eu\/lv\/wp-json\/wp\/v2\/product_cat?post=1656"},{"taxonomy":"product_tag","embeddable":true,"href":"https:\/\/birdbusters.eu\/lv\/wp-json\/wp\/v2\/product_tag?post=1656"}],"curies":[{"name":"wp","href":"https:\/\/api.w.org\/{rel}","templated":true}]}}