{"id":1658,"date":"2015-10-08T12:59:12","date_gmt":"2015-10-08T10:59:12","guid":{"rendered":"https:\/\/birdbusters.eu\/product\/liela-puce\/"},"modified":"2023-11-08T18:16:05","modified_gmt":"2023-11-08T17:16:05","slug":"liela-puce","status":"publish","type":"product","link":"https:\/\/birdbusters.eu\/lv\/produkts\/liela-puce\/","title":{"rendered":"Liel\u0101 p\u016bce"},"content":{"rendered":"<p style=\"text-align: justify;\">No p\u016bces baid\u0101s vairums mazo putnu.<\/p>\n<p style=\"text-align: justify;\">\u0160is makets \u013coti atg\u0101dina dz\u012bvu putnu. To novieto d\u0101rz\u0101 uz augsta staba. Lai putni nepierastu pie p\u016bces, t\u0101 laiku pa laikam j\u0101p\u0101rvieto uz citu vietu.<\/p>\n","protected":false},"excerpt":{"rendered":"<p>No p\u016bces baid\u0101s vairums mazo putnu. \u0160is makets \u013coti atg\u0101dina dz\u012bvu putnu.<\/p>\n<p>https:\/\/youtu.be\/vgGuoy3mG2I<\/p>\n<p>&nbsp;<\/p>\n","protected":false},"featured_media":1333,"template":"","meta":{"_themeisle_gutenberg_block_has_review":false},"product_brand":[],"product_cat":[61,58],"product_tag":[],"class_list":{"0":"post-1658","1":"product","2":"type-product","3":"status-publish","4":"has-post-thumbnail","6":"product_cat-putnu-atbaidisanas-lidzekli","7":"product_cat-putnu-vizualie-atbaiditaji","9":"first","10":"instock","11":"taxable","12":"shipping-taxable","13":"purchasable","14":"product-type-simple"},"_links":{"self":[{"href":"https:\/\/birdbusters.eu\/lv\/wp-json\/wp\/v2\/product\/1658","targetHints":{"allow":["GET"]}}],"collection":[{"href":"https:\/\/birdbusters.eu\/lv\/wp-json\/wp\/v2\/product"}],"about":[{"href":"https:\/\/birdbusters.eu\/lv\/wp-json\/wp\/v2\/types\/product"}],"wp:featuredmedia":[{"embeddable":true,"href":"https:\/\/birdbusters.eu\/lv\/wp-json\/wp\/v2\/media\/1333"}],"wp:attachment":[{"href":"https:\/\/birdbusters.eu\/lv\/wp-json\/wp\/v2\/media?parent=1658"}],"wp:term":[{"taxonomy":"product_brand","embeddable":true,"href":"https:\/\/birdbusters.eu\/lv\/wp-json\/wp\/v2\/product_brand?post=1658"},{"taxonomy":"product_cat","embeddable":true,"href":"https:\/\/birdbusters.eu\/lv\/wp-json\/wp\/v2\/product_cat?post=1658"},{"taxonomy":"product_tag","embeddable":true,"href":"https:\/\/birdbusters.eu\/lv\/wp-json\/wp\/v2\/product_tag?post=1658"}],"curies":[{"name":"wp","href":"https:\/\/api.w.org\/{rel}","templated":true}]}}