{"id":1659,"date":"2015-10-08T11:52:46","date_gmt":"2015-10-08T09:52:46","guid":{"rendered":"https:\/\/birdbusters.eu\/product\/mirgojosa-uguns\/"},"modified":"2023-11-08T18:37:09","modified_gmt":"2023-11-08T17:37:09","slug":"mirgojosa-uguns","status":"publish","type":"product","link":"https:\/\/birdbusters.eu\/lv\/produkts\/mirgojosa-uguns\/","title":{"rendered":"Mirgojo\u0161\u0101 uguns"},"content":{"rendered":"<p style=\"text-align: justify;\">Tas ir venk\u0101r\u0161s un efekt\u012bvs l\u012bdzeklis, kas atbied\u0113 k\u0101 putnus t\u0101 zv\u0113rus. Ier\u012bce str\u0101d\u0101 ar saules bateriju un tums\u0101 atbied\u0113 pl\u0113s\u012bgos zv\u0113rus, piem.vilkus, ar\u012b me\u017ec\u016bkas un za\u0137us, k\u0101 ar\u012b zosis un p\u012bles. Ier\u012bce ir apg\u0101d\u0101ta ar baterij\u0101m.<\/p>\n","protected":false},"excerpt":{"rendered":"<p>Tas ir vienk\u0101r\u0161s un efekt\u012bvs l\u012bdzeklis, kas atbied\u0113 k\u0101 putnus t\u0101 zv\u0113rus. Ier\u012bce str\u0101d\u0101 ar saules bateriju un tums\u0101 atbied\u0113 pl\u0113s\u012bgos zv\u0113rus, piem.vilkus, ar\u012b me\u017ec\u016bkas un za\u0137us, k\u0101 ar\u012b zosis un p\u012bles.<\/p>\n<p>https:\/\/youtu.be\/aN7y-13-ixM<\/p>\n<p>&nbsp;<\/p>\n","protected":false},"featured_media":1301,"template":"","meta":{"_themeisle_gutenberg_block_has_review":false},"product_brand":[],"product_cat":[61,58],"product_tag":[],"class_list":{"0":"post-1659","1":"product","2":"type-product","3":"status-publish","4":"has-post-thumbnail","6":"product_cat-putnu-atbaidisanas-lidzekli","7":"product_cat-putnu-vizualie-atbaiditaji","9":"first","10":"instock","11":"taxable","12":"shipping-taxable","13":"purchasable","14":"product-type-simple"},"_links":{"self":[{"href":"https:\/\/birdbusters.eu\/lv\/wp-json\/wp\/v2\/product\/1659","targetHints":{"allow":["GET"]}}],"collection":[{"href":"https:\/\/birdbusters.eu\/lv\/wp-json\/wp\/v2\/product"}],"about":[{"href":"https:\/\/birdbusters.eu\/lv\/wp-json\/wp\/v2\/types\/product"}],"wp:featuredmedia":[{"embeddable":true,"href":"https:\/\/birdbusters.eu\/lv\/wp-json\/wp\/v2\/media\/1301"}],"wp:attachment":[{"href":"https:\/\/birdbusters.eu\/lv\/wp-json\/wp\/v2\/media?parent=1659"}],"wp:term":[{"taxonomy":"product_brand","embeddable":true,"href":"https:\/\/birdbusters.eu\/lv\/wp-json\/wp\/v2\/product_brand?post=1659"},{"taxonomy":"product_cat","embeddable":true,"href":"https:\/\/birdbusters.eu\/lv\/wp-json\/wp\/v2\/product_cat?post=1659"},{"taxonomy":"product_tag","embeddable":true,"href":"https:\/\/birdbusters.eu\/lv\/wp-json\/wp\/v2\/product_tag?post=1659"}],"curies":[{"name":"wp","href":"https:\/\/api.w.org\/{rel}","templated":true}]}}