{"id":1660,"date":"2015-10-08T11:59:23","date_gmt":"2015-10-08T09:59:23","guid":{"rendered":"https:\/\/birdbusters.eu\/product\/varnas-makete\/"},"modified":"2023-11-08T18:29:38","modified_gmt":"2023-11-08T17:29:38","slug":"varnas-makete","status":"publish","type":"product","link":"https:\/\/birdbusters.eu\/lv\/produkts\/varnas-makete\/","title":{"rendered":"V\u0101rnas makete"},"content":{"rendered":"<p>V\u0101rnas makete darbojas div\u0113j\u0101di. V\u0101rnas nen\u0101k kl\u0101t, ieraugot otru beigtu v\u0101rnu (makete otr\u0101di), un mazie putni nen\u0101k kl\u0101t, kad makete st\u0101v pareizi.<\/p>\n","protected":false},"excerpt":{"rendered":"<p>V\u0101rnas makete darbojas div\u0113j\u0101di. V\u0101rnas nen\u0101k kl\u0101t, ieraugot otru beigtu v\u0101rnu (makete otr\u0101di), un mazie putni nen\u0101k kl\u0101t, kad makete st\u0101v pareizi.<\/p>\n<p>&nbsp;<\/p>\n","protected":false},"featured_media":1311,"template":"","meta":{"_themeisle_gutenberg_block_has_review":false},"product_brand":[],"product_cat":[61,58],"product_tag":[],"class_list":{"0":"post-1660","1":"product","2":"type-product","3":"status-publish","4":"has-post-thumbnail","6":"product_cat-putnu-atbaidisanas-lidzekli","7":"product_cat-putnu-vizualie-atbaiditaji","9":"first","10":"outofstock","11":"taxable","12":"shipping-taxable","13":"purchasable","14":"product-type-simple"},"_links":{"self":[{"href":"https:\/\/birdbusters.eu\/lv\/wp-json\/wp\/v2\/product\/1660","targetHints":{"allow":["GET"]}}],"collection":[{"href":"https:\/\/birdbusters.eu\/lv\/wp-json\/wp\/v2\/product"}],"about":[{"href":"https:\/\/birdbusters.eu\/lv\/wp-json\/wp\/v2\/types\/product"}],"wp:featuredmedia":[{"embeddable":true,"href":"https:\/\/birdbusters.eu\/lv\/wp-json\/wp\/v2\/media\/1311"}],"wp:attachment":[{"href":"https:\/\/birdbusters.eu\/lv\/wp-json\/wp\/v2\/media?parent=1660"}],"wp:term":[{"taxonomy":"product_brand","embeddable":true,"href":"https:\/\/birdbusters.eu\/lv\/wp-json\/wp\/v2\/product_brand?post=1660"},{"taxonomy":"product_cat","embeddable":true,"href":"https:\/\/birdbusters.eu\/lv\/wp-json\/wp\/v2\/product_cat?post=1660"},{"taxonomy":"product_tag","embeddable":true,"href":"https:\/\/birdbusters.eu\/lv\/wp-json\/wp\/v2\/product_tag?post=1660"}],"curies":[{"name":"wp","href":"https:\/\/api.w.org\/{rel}","templated":true}]}}