{"id":1661,"date":"2015-10-08T10:47:25","date_gmt":"2015-10-08T08:47:25","guid":{"rendered":"https:\/\/birdbusters.eu\/product\/pelu-vanaga-makets\/"},"modified":"2023-11-08T18:28:53","modified_gmt":"2023-11-08T17:28:53","slug":"lauka-piekuns-putnu-atvairisanai","status":"publish","type":"product","link":"https:\/\/birdbusters.eu\/lv\/produkts\/lauka-piekuns-putnu-atvairisanai\/","title":{"rendered":"Lauka piek\u016bns putnu atvair\u012b\u0161anai"},"content":{"rendered":"<p style=\"text-align: justify;\">Pe\u013cu vanags ir pl\u0113s\u012bgais putns, no k\u0101 dab\u0101 baid\u0101s liel\u0101k\u0101 da\u013ca putnu. Pe\u013cu vanaga maketu ieteicams uzst\u0101d\u012bt augstu pie k\u0101da k\u0101ta vai koku zara t\u0101, lai v\u0113j\u0161 \u0161\u016bpotu to p\u0113c iesp\u0113jas liel\u0101k\u0101 teritorij\u0101. Labi ieder\u0101s mazos d\u0101rzos k\u0101 putnu atbied\u0113\u0161anai t\u0101 ar\u012b skaistai dekor\u0101cijai.<\/p>\n<p style=\"text-align: justify;\">Izm\u0113ri 540x80x140mm.<\/p>\n","protected":false},"excerpt":{"rendered":"<p>Putnus atvairo\u0161s lauka piek\u016bns. Lauka piek\u016bns ir pl\u0113s\u012bgs putns, no kura baid\u0101s vairums putnu, piem\u0113rots maziem d\u0101rziem k\u0101 putnu bied\u0113klis.<\/p>\n<p>&nbsp;<\/p>\n","protected":false},"featured_media":1337,"template":"","meta":{"_themeisle_gutenberg_block_has_review":false},"product_brand":[],"product_cat":[61,58],"product_tag":[],"class_list":{"0":"post-1661","1":"product","2":"type-product","3":"status-publish","4":"has-post-thumbnail","6":"product_cat-putnu-atbaidisanas-lidzekli","7":"product_cat-putnu-vizualie-atbaiditaji","9":"first","10":"onbackorder","11":"taxable","12":"shipping-taxable","13":"purchasable","14":"product-type-simple"},"_links":{"self":[{"href":"https:\/\/birdbusters.eu\/lv\/wp-json\/wp\/v2\/product\/1661","targetHints":{"allow":["GET"]}}],"collection":[{"href":"https:\/\/birdbusters.eu\/lv\/wp-json\/wp\/v2\/product"}],"about":[{"href":"https:\/\/birdbusters.eu\/lv\/wp-json\/wp\/v2\/types\/product"}],"wp:featuredmedia":[{"embeddable":true,"href":"https:\/\/birdbusters.eu\/lv\/wp-json\/wp\/v2\/media\/1337"}],"wp:attachment":[{"href":"https:\/\/birdbusters.eu\/lv\/wp-json\/wp\/v2\/media?parent=1661"}],"wp:term":[{"taxonomy":"product_brand","embeddable":true,"href":"https:\/\/birdbusters.eu\/lv\/wp-json\/wp\/v2\/product_brand?post=1661"},{"taxonomy":"product_cat","embeddable":true,"href":"https:\/\/birdbusters.eu\/lv\/wp-json\/wp\/v2\/product_cat?post=1661"},{"taxonomy":"product_tag","embeddable":true,"href":"https:\/\/birdbusters.eu\/lv\/wp-json\/wp\/v2\/product_tag?post=1661"}],"curies":[{"name":"wp","href":"https:\/\/api.w.org\/{rel}","templated":true}]}}